{"id":854,"date":"2020-11-14T18:23:56","date_gmt":"2020-11-14T18:23:56","guid":{"rendered":"https:\/\/mitliabsoewagmocht.at\/?post_type=product&#038;p=854"},"modified":"2025-12-26T18:40:55","modified_gmt":"2025-12-26T18:40:55","slug":"edelweiss-sitzfleckerl","status":"publish","type":"product","link":"https:\/\/mitliabsoewagmocht.at\/?product=edelweiss-sitzfleckerl","title":{"rendered":"Edelwei\u00df Sitzfleckerl"},"content":{"rendered":"<p><strong>Edelwei\u00df Sitzfleckerl<\/strong><\/p>\n<p>&#8230; Handgefilzte Sitzfleckerl aus Bioschafwolle mit Edelwei\u00dfmuster und liebevoll bestickt. Die Sitzfleckerl lassen sich praktisch zusammenrollen und passen super in Deinen Rucksack oder Handtasche.<\/p>\n<p>Gr\u00f6\u00dfe: ca. 38-40 cm<\/p>\n<p>Achtung: Handw\u00e4sche &#8211; Wolle nur sanft ausdr\u00fccken!<\/p>\n<p>Preis per St\u00fcck<\/p>\n<p class=\"p1\"><span class=\"s1\">Die Fertigungsdauer richtete sich nach der jeweiligen Auftragslage!<\/span><\/p>\n<p>&#8211; &#8211; &#8211;<\/p>\n<p><i>*<\/i><i>Echte Handarbeit \u2013 daher k\u00f6nnen Farbe, Form und Gr\u00f6\u00dfe leicht variieren. Gr\u00f6\u00dfere St\u00fcckzahlen sind nur auf Bestellung m\u00f6glich. Falls ein Produkt aktuell nicht lagernd ist, geben wir Ihnen bei Nachproduktion rechtzeitig Bescheid bez\u00fcglich des Liefertermins.<\/i><\/p>\n<p>&nbsp;<\/p>\n","protected":false},"excerpt":{"rendered":"<p><strong>Edelwei\u00df Sitzfleckerl<\/strong><\/p>\n<p>&#8230; Handgefilzte Sitzfleckerl aus Bioschafwolle mit Edelwei\u00dfmuster.<\/p>\n<p>&nbsp;<\/p>\n<p>&nbsp;<\/p>\n","protected":false},"featured_media":1187,"template":"","meta":[],"product_brand":[],"product_cat":[243],"product_tag":[27,30,35,57,72],"class_list":{"0":"post-854","1":"product","2":"type-product","3":"status-publish","4":"has-post-thumbnail","6":"product_cat-taschen-patschen-sitzfleckerl-nassgefilztes","7":"product_tag-sitzfleckerl","8":"product_tag-filzkunst","9":"product_tag-bioschafwolle","10":"product_tag-edelweiss","11":"product_tag-dekoration","13":"first","14":"onbackorder","15":"purchasable","16":"product-type-simple"},"acf":[],"_links":{"self":[{"href":"https:\/\/mitliabsoewagmocht.at\/index.php?rest_route=\/wp\/v2\/product\/854","targetHints":{"allow":["GET"]}}],"collection":[{"href":"https:\/\/mitliabsoewagmocht.at\/index.php?rest_route=\/wp\/v2\/product"}],"about":[{"href":"https:\/\/mitliabsoewagmocht.at\/index.php?rest_route=\/wp\/v2\/types\/product"}],"wp:featuredmedia":[{"embeddable":true,"href":"https:\/\/mitliabsoewagmocht.at\/index.php?rest_route=\/wp\/v2\/media\/1187"}],"wp:attachment":[{"href":"https:\/\/mitliabsoewagmocht.at\/index.php?rest_route=%2Fwp%2Fv2%2Fmedia&parent=854"}],"wp:term":[{"taxonomy":"product_brand","embeddable":true,"href":"https:\/\/mitliabsoewagmocht.at\/index.php?rest_route=%2Fwp%2Fv2%2Fproduct_brand&post=854"},{"taxonomy":"product_cat","embeddable":true,"href":"https:\/\/mitliabsoewagmocht.at\/index.php?rest_route=%2Fwp%2Fv2%2Fproduct_cat&post=854"},{"taxonomy":"product_tag","embeddable":true,"href":"https:\/\/mitliabsoewagmocht.at\/index.php?rest_route=%2Fwp%2Fv2%2Fproduct_tag&post=854"}],"curies":[{"name":"wp","href":"https:\/\/api.w.org\/{rel}","templated":true}]}}