{"id":851,"date":"2020-11-14T18:15:48","date_gmt":"2020-11-14T18:15:48","guid":{"rendered":"https:\/\/mitliabsoewagmocht.at\/?post_type=product&#038;p=851"},"modified":"2025-12-26T18:44:10","modified_gmt":"2025-12-26T18:44:10","slug":"herz-ketten","status":"publish","type":"product","link":"https:\/\/mitliabsoewagmocht.at\/?product=herz-ketten","title":{"rendered":"Herz-Ketten"},"content":{"rendered":"<p><strong>Herz-Ketten\u00a0<\/strong><\/p>\n<p>&#8230; nadelgefilzte Herz-Ketten mit kleinen Glasperlen liebevoll bestickt &#8211; mit einer gewachsten, verstellbaren Kordel.<\/p>\n<p>Gr\u00f6\u00dfe des Herzens: ca. 4-5 cm<\/p>\n<p>Bei der Bestellung bitte die gew\u00fcnschte Farbe angeben!<\/p>\n<p>Preis per St\u00fcck<\/p>\n<p class=\"p1\"><span class=\"s1\">Die Fertigungsdauer richtete sich nach der jeweiligen Auftragslage!<\/span><\/p>\n<p>&#8211; &#8211; &#8211;<\/p>\n<div class=\"woocommerce-tabs wc-tabs-wrapper\">\n<div id=\"tab-description\" class=\"woocommerce-Tabs-panel woocommerce-Tabs-panel--description panel entry-content wc-tab\" role=\"tabpanel\" aria-labelledby=\"tab-title-description\">\n<p><i>*Echte Handarbeit \u2013 daher k\u00f6nnen Farbe, Form und Gr\u00f6\u00dfe leicht variieren. Gr\u00f6\u00dfere St\u00fcckzahlen sind nur auf Bestellung m\u00f6glich. Falls ein Produkt aktuell nicht lagernd ist, geben wir Ihnen bei Nachproduktion rechtzeitig Bescheid bez\u00fcglich des Liefertermins.<\/i><\/p>\n<\/div>\n<\/div>\n<section class=\"related products\"><\/section>\n<p>&nbsp;<\/p>\n","protected":false},"excerpt":{"rendered":"<p><strong>Herz-Ketten\u00a0<\/strong><\/p>\n<p>&#8230; nadelgefilzte Herz-Ketten mit kleinen Glasperlen liebevoll bestickt<\/p>\n<p>&nbsp;<\/p>\n<p>&nbsp;<\/p>\n","protected":false},"featured_media":1470,"template":"","meta":[],"product_brand":[],"product_cat":[16],"product_tag":[30,35,38,68,72,102,103,104],"class_list":{"0":"post-851","1":"product","2":"type-product","3":"status-publish","4":"has-post-thumbnail","6":"product_cat-nadelgefilzte-kleinigkeiten","7":"product_tag-filzkunst","8":"product_tag-bioschafwolle","9":"product_tag-nadelfilzen","10":"product_tag-herz","11":"product_tag-dekoration","12":"product_tag-ketten","13":"product_tag-glasperlen","14":"product_tag-rot","16":"first","17":"onbackorder","18":"purchasable","19":"product-type-simple"},"acf":[],"_links":{"self":[{"href":"https:\/\/mitliabsoewagmocht.at\/index.php?rest_route=\/wp\/v2\/product\/851","targetHints":{"allow":["GET"]}}],"collection":[{"href":"https:\/\/mitliabsoewagmocht.at\/index.php?rest_route=\/wp\/v2\/product"}],"about":[{"href":"https:\/\/mitliabsoewagmocht.at\/index.php?rest_route=\/wp\/v2\/types\/product"}],"wp:featuredmedia":[{"embeddable":true,"href":"https:\/\/mitliabsoewagmocht.at\/index.php?rest_route=\/wp\/v2\/media\/1470"}],"wp:attachment":[{"href":"https:\/\/mitliabsoewagmocht.at\/index.php?rest_route=%2Fwp%2Fv2%2Fmedia&parent=851"}],"wp:term":[{"taxonomy":"product_brand","embeddable":true,"href":"https:\/\/mitliabsoewagmocht.at\/index.php?rest_route=%2Fwp%2Fv2%2Fproduct_brand&post=851"},{"taxonomy":"product_cat","embeddable":true,"href":"https:\/\/mitliabsoewagmocht.at\/index.php?rest_route=%2Fwp%2Fv2%2Fproduct_cat&post=851"},{"taxonomy":"product_tag","embeddable":true,"href":"https:\/\/mitliabsoewagmocht.at\/index.php?rest_route=%2Fwp%2Fv2%2Fproduct_tag&post=851"}],"curies":[{"name":"wp","href":"https:\/\/api.w.org\/{rel}","templated":true}]}}