{"id":699,"date":"2020-05-01T08:08:51","date_gmt":"2020-05-01T08:08:51","guid":{"rendered":"https:\/\/mitliabsoewagmocht.at\/?post_type=product&#038;p=699"},"modified":"2026-02-12T11:28:15","modified_gmt":"2026-02-12T11:28:15","slug":"edelweiss-blueten","status":"publish","type":"product","link":"https:\/\/mitliabsoewagmocht.at\/?product=edelweiss-blueten","title":{"rendered":"Edelweiss-Bl\u00fcten"},"content":{"rendered":"<p><strong>Edelweiss-Bl\u00fcten<\/strong><\/p>\n<p>Handgefilzte Edelweiss-Bl\u00fcten aus Bioschafwolle. (Ohne Anstecknadel!)<\/p>\n<p>Geeignet f\u00fcr Feiern aller Art als Tischschmuck oder zur Dekoration von Platz- und Namenskarten.<\/p>\n<p>Beliebige Bestellmenge!<\/p>\n<p>Die Produktionsdauer richtet sich nach der jeweiligen Bestellmenge! (Bei gro\u00dfen Mengen bitte vorher anfragen!)<\/p>\n<p>Gr\u00f6sse: ca. 2-4 cm<\/p>\n<p>Preis per St\u00fcck.<\/p>\n<p>&#8211; &#8211; &#8211;<\/p>\n<div class=\"woocommerce-tabs wc-tabs-wrapper\">\n<div id=\"tab-description\" class=\"woocommerce-Tabs-panel woocommerce-Tabs-panel--description panel entry-content wc-tab\" role=\"tabpanel\" aria-labelledby=\"tab-title-description\">\n<p><i>*Echte Handarbeit \u2013 daher k\u00f6nnen Farbe, Form und Gr\u00f6\u00dfe leicht variieren. Gr\u00f6\u00dfere St\u00fcckzahlen sind nur auf Bestellung m\u00f6glich. Falls ein Produkt aktuell nicht lagernd ist, geben wir Ihnen bei Nachproduktion rechtzeitig Bescheid bez\u00fcglich des Liefertermins.<\/i><\/p>\n<\/div>\n<\/div>\n<section class=\"related products\"><\/section>\n<p>&nbsp;<\/p>\n","protected":false},"excerpt":{"rendered":"<p><strong>Edelweiss-Bl\u00fcten<\/strong><\/p>\n<p>Handgefilzte Edelweiss-Bl\u00fcten aus Bioschafwolle. (Ohne Anstecknadel!)<\/p>\n","protected":false},"featured_media":700,"template":"","meta":[],"product_brand":[],"product_cat":[16],"product_tag":[30,32,35,38,57,70,71,72],"class_list":{"0":"post-699","1":"product","2":"type-product","3":"status-publish","4":"has-post-thumbnail","6":"product_cat-nadelgefilzte-kleinigkeiten","7":"product_tag-filzkunst","8":"product_tag-gesaeuse","9":"product_tag-bioschafwolle","10":"product_tag-nadelfilzen","11":"product_tag-edelweiss","12":"product_tag-feiern","13":"product_tag-hochzeiten","14":"product_tag-dekoration","16":"first","17":"instock","18":"purchasable","19":"product-type-simple"},"acf":[],"_links":{"self":[{"href":"https:\/\/mitliabsoewagmocht.at\/index.php?rest_route=\/wp\/v2\/product\/699","targetHints":{"allow":["GET"]}}],"collection":[{"href":"https:\/\/mitliabsoewagmocht.at\/index.php?rest_route=\/wp\/v2\/product"}],"about":[{"href":"https:\/\/mitliabsoewagmocht.at\/index.php?rest_route=\/wp\/v2\/types\/product"}],"wp:featuredmedia":[{"embeddable":true,"href":"https:\/\/mitliabsoewagmocht.at\/index.php?rest_route=\/wp\/v2\/media\/700"}],"wp:attachment":[{"href":"https:\/\/mitliabsoewagmocht.at\/index.php?rest_route=%2Fwp%2Fv2%2Fmedia&parent=699"}],"wp:term":[{"taxonomy":"product_brand","embeddable":true,"href":"https:\/\/mitliabsoewagmocht.at\/index.php?rest_route=%2Fwp%2Fv2%2Fproduct_brand&post=699"},{"taxonomy":"product_cat","embeddable":true,"href":"https:\/\/mitliabsoewagmocht.at\/index.php?rest_route=%2Fwp%2Fv2%2Fproduct_cat&post=699"},{"taxonomy":"product_tag","embeddable":true,"href":"https:\/\/mitliabsoewagmocht.at\/index.php?rest_route=%2Fwp%2Fv2%2Fproduct_tag&post=699"}],"curies":[{"name":"wp","href":"https:\/\/api.w.org\/{rel}","templated":true}]}}