{"id":458,"date":"2020-03-21T17:10:43","date_gmt":"2020-03-21T17:10:43","guid":{"rendered":"https:\/\/mitliabsoewagmocht.at\/?post_type=product&#038;p=458"},"modified":"2026-02-12T11:28:24","modified_gmt":"2026-02-12T11:28:24","slug":"kleine-handgefilzte-aepfel","status":"publish","type":"product","link":"https:\/\/mitliabsoewagmocht.at\/?product=kleine-handgefilzte-aepfel","title":{"rendered":"Kleine nadelgefilzte \u00c4pfel"},"content":{"rendered":"<p><strong>Kleine nadelgefilzte \u00c4pfel<\/strong><\/p>\n<p>&#8230; Rote oder Gr\u00fcne nadelgefilzt kleine \u00c4pfel mit Bl\u00e4ttern.<\/p>\n<ol>\n<li>Farbe: Gr\u00fcn<\/li>\n<li>Farbe: Rot<\/li>\n<\/ol>\n<p>*Am Ende der Bestellung bei Anmerkungen bitte die gew\u00fcnschte Farbe angeben!<\/p>\n<p>Preis je St\u00fcck<\/p>\n<p class=\"p1\"><span class=\"s1\">Die Fertigungsdauer richtete sich nach der jeweiligen Auftragslage!<\/span><\/p>\n<p>&#8211; &#8211; &#8211;<\/p>\n<div class=\"woocommerce-tabs wc-tabs-wrapper\">\n<div id=\"tab-description\" class=\"woocommerce-Tabs-panel woocommerce-Tabs-panel--description panel entry-content wc-tab\" role=\"tabpanel\" aria-labelledby=\"tab-title-description\">\n<p><i>*Echte Handarbeit \u2013 daher k\u00f6nnen Farbe, Form und Gr\u00f6\u00dfe leicht variieren. Gr\u00f6\u00dfere St\u00fcckzahlen sind nur auf Bestellung m\u00f6glich. Falls ein Produkt aktuell nicht lagernd ist, geben wir Ihnen bei Nachproduktion rechtzeitig Bescheid bez\u00fcglich des Liefertermins.<\/i><\/p>\n<\/div>\n<\/div>\n<section class=\"related products\"><\/section>\n","protected":false},"excerpt":{"rendered":"<p><strong>Kleine nadelgefilzte \u00c4pfel<\/strong><\/p>\n<p>&#8230; nadelgefilzte kleine \u00c4pfel aus \u00f6sterreichischer Schafwolle.<\/p>\n","protected":false},"featured_media":1402,"template":"","meta":[],"product_brand":[],"product_cat":[16],"product_tag":[30,35,38,51],"class_list":{"0":"post-458","1":"product","2":"type-product","3":"status-publish","4":"has-post-thumbnail","6":"product_cat-nadelgefilzte-kleinigkeiten","7":"product_tag-filzkunst","8":"product_tag-bioschafwolle","9":"product_tag-nadelfilzen","10":"product_tag-aepfel","12":"first","13":"instock","14":"purchasable","15":"product-type-simple"},"acf":[],"_links":{"self":[{"href":"https:\/\/mitliabsoewagmocht.at\/index.php?rest_route=\/wp\/v2\/product\/458","targetHints":{"allow":["GET"]}}],"collection":[{"href":"https:\/\/mitliabsoewagmocht.at\/index.php?rest_route=\/wp\/v2\/product"}],"about":[{"href":"https:\/\/mitliabsoewagmocht.at\/index.php?rest_route=\/wp\/v2\/types\/product"}],"wp:featuredmedia":[{"embeddable":true,"href":"https:\/\/mitliabsoewagmocht.at\/index.php?rest_route=\/wp\/v2\/media\/1402"}],"wp:attachment":[{"href":"https:\/\/mitliabsoewagmocht.at\/index.php?rest_route=%2Fwp%2Fv2%2Fmedia&parent=458"}],"wp:term":[{"taxonomy":"product_brand","embeddable":true,"href":"https:\/\/mitliabsoewagmocht.at\/index.php?rest_route=%2Fwp%2Fv2%2Fproduct_brand&post=458"},{"taxonomy":"product_cat","embeddable":true,"href":"https:\/\/mitliabsoewagmocht.at\/index.php?rest_route=%2Fwp%2Fv2%2Fproduct_cat&post=458"},{"taxonomy":"product_tag","embeddable":true,"href":"https:\/\/mitliabsoewagmocht.at\/index.php?rest_route=%2Fwp%2Fv2%2Fproduct_tag&post=458"}],"curies":[{"name":"wp","href":"https:\/\/api.w.org\/{rel}","templated":true}]}}