{"id":436,"date":"2020-03-21T16:14:10","date_gmt":"2020-03-21T16:14:10","guid":{"rendered":"https:\/\/mitliabsoewagmocht.at\/?post_type=product&#038;p=436"},"modified":"2026-02-12T11:28:53","modified_gmt":"2026-02-12T11:28:53","slug":"steck-mich-an-biene","status":"publish","type":"product","link":"https:\/\/mitliabsoewagmocht.at\/?product=steck-mich-an-biene","title":{"rendered":"&#8222;Steck mich an&#8220; &#8211; Biene"},"content":{"rendered":"<p><strong>&#8222;Steck mich an&#8220; &#8211; Biene oder Wildbiene\u00a0<\/strong><\/p>\n<p>Handgefilzte Anstecknadel aus Bioschafwolle.<\/p>\n<p>Gr\u00f6sse: ca. 5-6 cm<\/p>\n<p class=\"p1\"><span class=\"s1\">Die Fertigungsdauer richtete sich nach der jeweiligen Auftragslage!<\/span><\/p>\n<p>&#8211; &#8211; &#8211;<\/p>\n<p><i>*Echte Handarbeit &#8211; Farbe, Form und Gr\u00f6\u00dfe kann etwas variieren! Gro\u00dfe St\u00fcckzahlen nur auf Bestellung! Da es sein kann, das ein Produkt derzeit\u00a0nicht lagernd ist, geben wir bei Nachproduktion Bescheid wegen dem Liefertermin!<\/i><\/p>\n<p>&nbsp;<\/p>\n","protected":false},"excerpt":{"rendered":"<p><strong>&#8222;Steck mich an&#8220; &#8211; Biene<\/strong><\/p>\n<p>Handgefilzte Anstecknadel aus Bioschafwolle.<\/p>\n","protected":false},"featured_media":626,"template":"","meta":[],"product_brand":[],"product_cat":[242],"product_tag":[39,55,56,58,30,32,35,38],"class_list":{"0":"post-436","1":"product","2":"type-product","3":"status-publish","4":"has-post-thumbnail","6":"product_cat-nadelgefilzte-anstecknadeln","7":"product_tag-filzbrosche","8":"product_tag-steck-mich-an","9":"product_tag-anstecknadel","10":"product_tag-biene","11":"product_tag-filzkunst","12":"product_tag-gesaeuse","13":"product_tag-bioschafwolle","14":"product_tag-nadelfilzen","16":"first","17":"instock","18":"purchasable","19":"product-type-simple"},"acf":[],"_links":{"self":[{"href":"https:\/\/mitliabsoewagmocht.at\/index.php?rest_route=\/wp\/v2\/product\/436","targetHints":{"allow":["GET"]}}],"collection":[{"href":"https:\/\/mitliabsoewagmocht.at\/index.php?rest_route=\/wp\/v2\/product"}],"about":[{"href":"https:\/\/mitliabsoewagmocht.at\/index.php?rest_route=\/wp\/v2\/types\/product"}],"wp:featuredmedia":[{"embeddable":true,"href":"https:\/\/mitliabsoewagmocht.at\/index.php?rest_route=\/wp\/v2\/media\/626"}],"wp:attachment":[{"href":"https:\/\/mitliabsoewagmocht.at\/index.php?rest_route=%2Fwp%2Fv2%2Fmedia&parent=436"}],"wp:term":[{"taxonomy":"product_brand","embeddable":true,"href":"https:\/\/mitliabsoewagmocht.at\/index.php?rest_route=%2Fwp%2Fv2%2Fproduct_brand&post=436"},{"taxonomy":"product_cat","embeddable":true,"href":"https:\/\/mitliabsoewagmocht.at\/index.php?rest_route=%2Fwp%2Fv2%2Fproduct_cat&post=436"},{"taxonomy":"product_tag","embeddable":true,"href":"https:\/\/mitliabsoewagmocht.at\/index.php?rest_route=%2Fwp%2Fv2%2Fproduct_tag&post=436"}],"curies":[{"name":"wp","href":"https:\/\/api.w.org\/{rel}","templated":true}]}}