{"id":369,"date":"2019-08-30T09:24:13","date_gmt":"2019-08-30T09:24:13","guid":{"rendered":"https:\/\/mitliabsoewagmocht.at\/?post_type=product&#038;p=369"},"modified":"2026-02-12T11:29:14","modified_gmt":"2026-02-12T11:29:14","slug":"filz-schaf-aus-bioschafwolle","status":"publish","type":"product","link":"https:\/\/mitliabsoewagmocht.at\/?product=filz-schaf-aus-bioschafwolle","title":{"rendered":"Handgefilztes kleines Schaf"},"content":{"rendered":"<p><strong>Handgefilzte Schafe<\/strong> aus BioSchafwolle aus \u00d6sterreich auf einer Holzscheibe.<\/p>\n<p><em>Tip: Schafwolle eignet sich sehr gut zum Beduften mit \u00e4therischen \u00d6len (Verwendung wie eine Duftkeramik)<\/em><\/p>\n<p>Gr\u00f6\u00dfe: ca.6-8 cm<\/p>\n<p>Preis je St\u00fcck<\/p>\n<p>&#8211; &#8211; &#8211;<\/p>\n<p><i>*Echte Handarbeit \u2013 daher k\u00f6nnen Farbe, Form und Gr\u00f6\u00dfe leicht variieren. Gr\u00f6\u00dfere St\u00fcckzahlen sind nur auf Bestellung m\u00f6glich. Falls ein Produkt aktuell nicht lagernd ist, geben wir Ihnen bei Nachproduktion rechtzeitig Bescheid bez\u00fcglich des Liefertermins.<\/i><\/p>\n<p>&nbsp;<\/p>\n","protected":false},"excerpt":{"rendered":"<p>Handgefilzte Schafe aus BioSchafwolle aus \u00d6sterreich auf Holzscheibe.<\/p>\n","protected":false},"featured_media":1894,"template":"","meta":[],"product_brand":[],"product_cat":[16],"product_tag":[30,32,35,38,59,69],"class_list":{"0":"post-369","1":"product","2":"type-product","3":"status-publish","4":"has-post-thumbnail","6":"product_cat-nadelgefilzte-kleinigkeiten","7":"product_tag-filzkunst","8":"product_tag-gesaeuse","9":"product_tag-bioschafwolle","10":"product_tag-nadelfilzen","11":"product_tag-schaf","12":"product_tag-aetherische-oele","14":"first","15":"instock","16":"shipping-taxable","17":"purchasable","18":"product-type-simple"},"acf":[],"_links":{"self":[{"href":"https:\/\/mitliabsoewagmocht.at\/index.php?rest_route=\/wp\/v2\/product\/369","targetHints":{"allow":["GET"]}}],"collection":[{"href":"https:\/\/mitliabsoewagmocht.at\/index.php?rest_route=\/wp\/v2\/product"}],"about":[{"href":"https:\/\/mitliabsoewagmocht.at\/index.php?rest_route=\/wp\/v2\/types\/product"}],"wp:featuredmedia":[{"embeddable":true,"href":"https:\/\/mitliabsoewagmocht.at\/index.php?rest_route=\/wp\/v2\/media\/1894"}],"wp:attachment":[{"href":"https:\/\/mitliabsoewagmocht.at\/index.php?rest_route=%2Fwp%2Fv2%2Fmedia&parent=369"}],"wp:term":[{"taxonomy":"product_brand","embeddable":true,"href":"https:\/\/mitliabsoewagmocht.at\/index.php?rest_route=%2Fwp%2Fv2%2Fproduct_brand&post=369"},{"taxonomy":"product_cat","embeddable":true,"href":"https:\/\/mitliabsoewagmocht.at\/index.php?rest_route=%2Fwp%2Fv2%2Fproduct_cat&post=369"},{"taxonomy":"product_tag","embeddable":true,"href":"https:\/\/mitliabsoewagmocht.at\/index.php?rest_route=%2Fwp%2Fv2%2Fproduct_tag&post=369"}],"curies":[{"name":"wp","href":"https:\/\/api.w.org\/{rel}","templated":true}]}}