{"id":2827,"date":"2026-03-06T06:42:10","date_gmt":"2026-03-06T06:42:10","guid":{"rendered":"https:\/\/mitliabsoewagmocht.at\/?post_type=product&#038;p=2827"},"modified":"2026-03-29T15:53:50","modified_gmt":"2026-03-29T15:53:50","slug":"wackel-huhn","status":"publish","type":"product","link":"https:\/\/mitliabsoewagmocht.at\/?product=wackel-huhn","title":{"rendered":"Wackel-Huhn"},"content":{"rendered":"<p>&#8222;Wackel-Huhn&#8220; aus \u00f6sterreichischer Schafwolle nadelgefilzt &#8211; limitierte Auflage!<\/p>\n<p>&nbsp;<\/p>\n<p>H\u00f6he: ca. 12-13 cm<\/p>\n<p>Preis je Stk.<\/p>\n<p>Bei der Bestellung bitte angeben ob Hahn, helle Henne oder dunkle\/gefleckte Henne!<\/p>\n<p>\u2013 \u2013 \u2013<\/p>\n<p><i>*Echte Handarbeit \u2013 daher k\u00f6nnen Farbe, Form und Gr\u00f6\u00dfe leicht variieren. Gr\u00f6\u00dfere St\u00fcckzahlen sind nur auf Bestellung m\u00f6glich. Falls ein Produkt aktuell nicht lagernd ist, geben wir Ihnen bei Nachproduktion rechtzeitig Bescheid bez\u00fcglich des Liefertermins.<\/i><\/p>\n","protected":false},"excerpt":{"rendered":"<p>&#8222;Wackel-Huhn&#8220; aus \u00f6sterreichischer Schafwolle nadelgefilzt &#8211; limitierte Auflage!<\/p>\n","protected":false},"featured_media":2829,"template":"","meta":[],"product_brand":[],"product_cat":[210,241],"product_tag":[214,254,257,284,35,38,41,94],"class_list":{"0":"post-2827","1":"product","2":"type-product","3":"status-publish","4":"has-post-thumbnail","6":"product_cat-ostern","7":"product_cat-filzkunst-tiere-tierfiguren","8":"product_tag-henne","9":"product_tag-hahn","10":"product_tag-freche-huehnchen","11":"product_tag-wackel-huhn","12":"product_tag-bioschafwolle","13":"product_tag-nadelfilzen","14":"product_tag-ostern","15":"product_tag-huhn","17":"first","18":"instock","19":"purchasable","20":"product-type-simple"},"acf":[],"_links":{"self":[{"href":"https:\/\/mitliabsoewagmocht.at\/index.php?rest_route=\/wp\/v2\/product\/2827","targetHints":{"allow":["GET"]}}],"collection":[{"href":"https:\/\/mitliabsoewagmocht.at\/index.php?rest_route=\/wp\/v2\/product"}],"about":[{"href":"https:\/\/mitliabsoewagmocht.at\/index.php?rest_route=\/wp\/v2\/types\/product"}],"wp:featuredmedia":[{"embeddable":true,"href":"https:\/\/mitliabsoewagmocht.at\/index.php?rest_route=\/wp\/v2\/media\/2829"}],"wp:attachment":[{"href":"https:\/\/mitliabsoewagmocht.at\/index.php?rest_route=%2Fwp%2Fv2%2Fmedia&parent=2827"}],"wp:term":[{"taxonomy":"product_brand","embeddable":true,"href":"https:\/\/mitliabsoewagmocht.at\/index.php?rest_route=%2Fwp%2Fv2%2Fproduct_brand&post=2827"},{"taxonomy":"product_cat","embeddable":true,"href":"https:\/\/mitliabsoewagmocht.at\/index.php?rest_route=%2Fwp%2Fv2%2Fproduct_cat&post=2827"},{"taxonomy":"product_tag","embeddable":true,"href":"https:\/\/mitliabsoewagmocht.at\/index.php?rest_route=%2Fwp%2Fv2%2Fproduct_tag&post=2827"}],"curies":[{"name":"wp","href":"https:\/\/api.w.org\/{rel}","templated":true}]}}