{"id":2737,"date":"2025-12-29T08:09:20","date_gmt":"2025-12-29T08:09:20","guid":{"rendered":"https:\/\/mitliabsoewagmocht.at\/?post_type=product&#038;p=2737"},"modified":"2025-12-29T08:11:30","modified_gmt":"2025-12-29T08:11:30","slug":"steck-mich-an-steinadler","status":"publish","type":"product","link":"https:\/\/mitliabsoewagmocht.at\/?product=steck-mich-an-steinadler","title":{"rendered":"&#8222;Steck mich an&#8220; &#8211; Steinadler"},"content":{"rendered":"<p><strong>&#8222;Steck mich an&#8220; &#8211; Steinadler<\/strong><\/p>\n<p>Handgefilzte Anstecknadel aus Schafwolle.<\/p>\n<p>Gr\u00f6sse: ca. 6-8 cm<\/p>\n<p class=\"p1\"><span class=\"s1\">Die Fertigungsdauer richtete sich nach der jeweiligen Auftragslage!<\/span><\/p>\n<p>&#8211; &#8211; &#8211;<\/p>\n<p><i>*Echte Handarbeit \u2013 daher k\u00f6nnen Farbe, Form und Gr\u00f6\u00dfe leicht variieren. Gr\u00f6\u00dfere St\u00fcckzahlen sind nur auf Bestellung m\u00f6glich. Falls ein Produkt aktuell nicht lagernd ist, geben wir Ihnen bei Nachproduktion rechtzeitig Bescheid bez\u00fcglich des Liefertermins.<\/i><\/p>\n<p>&nbsp;<\/p>\n","protected":false},"excerpt":{"rendered":"<p><strong>&#8222;Steck mich an&#8220; &#8211; Steinadler<\/strong><\/p>\n<p>Handgefilzte Anstecknadel aus Schafwolle.<\/p>\n","protected":false},"featured_media":2739,"template":"","meta":[],"product_brand":[],"product_cat":[242],"product_tag":[56,281,30,35,38,39,55],"class_list":{"0":"post-2737","1":"product","2":"type-product","3":"status-publish","4":"has-post-thumbnail","6":"product_cat-nadelgefilzte-anstecknadeln","7":"product_tag-anstecknadel","8":"product_tag-steinadler","9":"product_tag-filzkunst","10":"product_tag-bioschafwolle","11":"product_tag-nadelfilzen","12":"product_tag-filzbrosche","13":"product_tag-steck-mich-an","15":"first","16":"onbackorder","17":"purchasable","18":"product-type-simple"},"acf":[],"_links":{"self":[{"href":"https:\/\/mitliabsoewagmocht.at\/index.php?rest_route=\/wp\/v2\/product\/2737","targetHints":{"allow":["GET"]}}],"collection":[{"href":"https:\/\/mitliabsoewagmocht.at\/index.php?rest_route=\/wp\/v2\/product"}],"about":[{"href":"https:\/\/mitliabsoewagmocht.at\/index.php?rest_route=\/wp\/v2\/types\/product"}],"wp:featuredmedia":[{"embeddable":true,"href":"https:\/\/mitliabsoewagmocht.at\/index.php?rest_route=\/wp\/v2\/media\/2739"}],"wp:attachment":[{"href":"https:\/\/mitliabsoewagmocht.at\/index.php?rest_route=%2Fwp%2Fv2%2Fmedia&parent=2737"}],"wp:term":[{"taxonomy":"product_brand","embeddable":true,"href":"https:\/\/mitliabsoewagmocht.at\/index.php?rest_route=%2Fwp%2Fv2%2Fproduct_brand&post=2737"},{"taxonomy":"product_cat","embeddable":true,"href":"https:\/\/mitliabsoewagmocht.at\/index.php?rest_route=%2Fwp%2Fv2%2Fproduct_cat&post=2737"},{"taxonomy":"product_tag","embeddable":true,"href":"https:\/\/mitliabsoewagmocht.at\/index.php?rest_route=%2Fwp%2Fv2%2Fproduct_tag&post=2737"}],"curies":[{"name":"wp","href":"https:\/\/api.w.org\/{rel}","templated":true}]}}