{"id":2715,"date":"2025-12-29T07:17:45","date_gmt":"2025-12-29T07:17:45","guid":{"rendered":"https:\/\/mitliabsoewagmocht.at\/?post_type=product&#038;p=2715"},"modified":"2025-12-29T08:22:35","modified_gmt":"2025-12-29T08:22:35","slug":"sternen-bild-anhaenger","status":"publish","type":"product","link":"https:\/\/mitliabsoewagmocht.at\/?product=sternen-bild-anhaenger","title":{"rendered":"Sternen-Bild Anh\u00e4nger"},"content":{"rendered":"<p>Sternen-Bild Anh\u00e4nger<\/p>\n<p>&#8230; nadelgefilzte Sternen-Bild Anh\u00e4nger aus \u00f6sterr. Schafwolle und liebevoll mit deinem Wunschsternbild oder Sternzeichen bestickt.<\/p>\n<p>Material: Wolle, Glasperlen, Metallanh\u00e4nger<\/p>\n<p>Gew\u00fcnschtes Sternbild\/-zeichen bei der Bestellung unbedingt mit angeben!<\/p>\n<p>Gr\u00f6\u00dfe: ca. 4-5 cm<\/p>\n<p>Preis per St\u00fcck<\/p>\n<p>&nbsp;<\/p>\n<p>&#8211; &#8211; &#8211;<\/p>\n<p><i>*Echte Handarbeit \u2013 daher k\u00f6nnen Farbe, Form und Gr\u00f6\u00dfe leicht variieren. Gr\u00f6\u00dfere St\u00fcckzahlen sind nur auf Bestellung m\u00f6glich. Falls ein Produkt aktuell nicht lagernd ist, geben wir Ihnen bei Nachproduktion rechtzeitig Bescheid bez\u00fcglich des Liefertermins.<\/i><\/p>\n<p>&nbsp;<\/p>\n","protected":false},"excerpt":{"rendered":"<p>Sternen-Bild Anh\u00e4nger<\/p>\n<p>&#8230; nadelgefilzte Sternen-Bild Anh\u00e4nger aus \u00f6sterr. Schafwolle und liebevoll mit deinem Wunschsternbild oder Sternzeichen bestickt.<\/p>\n<p>&nbsp;<\/p>\n<p>&nbsp;<\/p>\n","protected":false},"featured_media":2716,"template":"","meta":[],"product_brand":[],"product_cat":[245],"product_tag":[27,30,35,72],"class_list":{"0":"post-2715","1":"product","2":"type-product","3":"status-publish","4":"has-post-thumbnail","6":"product_cat-naturnacht-sternenhimmel","7":"product_tag-sitzfleckerl","8":"product_tag-filzkunst","9":"product_tag-bioschafwolle","10":"product_tag-dekoration","12":"first","13":"instock","14":"purchasable","15":"product-type-simple"},"acf":[],"_links":{"self":[{"href":"https:\/\/mitliabsoewagmocht.at\/index.php?rest_route=\/wp\/v2\/product\/2715","targetHints":{"allow":["GET"]}}],"collection":[{"href":"https:\/\/mitliabsoewagmocht.at\/index.php?rest_route=\/wp\/v2\/product"}],"about":[{"href":"https:\/\/mitliabsoewagmocht.at\/index.php?rest_route=\/wp\/v2\/types\/product"}],"wp:featuredmedia":[{"embeddable":true,"href":"https:\/\/mitliabsoewagmocht.at\/index.php?rest_route=\/wp\/v2\/media\/2716"}],"wp:attachment":[{"href":"https:\/\/mitliabsoewagmocht.at\/index.php?rest_route=%2Fwp%2Fv2%2Fmedia&parent=2715"}],"wp:term":[{"taxonomy":"product_brand","embeddable":true,"href":"https:\/\/mitliabsoewagmocht.at\/index.php?rest_route=%2Fwp%2Fv2%2Fproduct_brand&post=2715"},{"taxonomy":"product_cat","embeddable":true,"href":"https:\/\/mitliabsoewagmocht.at\/index.php?rest_route=%2Fwp%2Fv2%2Fproduct_cat&post=2715"},{"taxonomy":"product_tag","embeddable":true,"href":"https:\/\/mitliabsoewagmocht.at\/index.php?rest_route=%2Fwp%2Fv2%2Fproduct_tag&post=2715"}],"curies":[{"name":"wp","href":"https:\/\/api.w.org\/{rel}","templated":true}]}}