{"id":2661,"date":"2025-12-25T21:06:44","date_gmt":"2025-12-25T21:06:44","guid":{"rendered":"https:\/\/mitliabsoewagmocht.at\/?post_type=product&#038;p=2661"},"modified":"2025-12-26T16:36:06","modified_gmt":"2025-12-26T16:36:06","slug":"grosser-tuerkranz-mit-nadelgefilzten-vogel","status":"publish","type":"product","link":"https:\/\/mitliabsoewagmocht.at\/?product=grosser-tuerkranz-mit-nadelgefilzten-vogel","title":{"rendered":"Grosser T\u00fcrkranz mit nadelgefilzten Vogel"},"content":{"rendered":"<p>Grosser T\u00fcrkranz aus Weiden\u00e4sten mit nadelgefilzten Vogel und verschiedenen Trockenblumen\/Bl\u00e4ttern dekoriert.<\/p>\n<p>(Symbolbild!)<\/p>\n<p>Es handelt sich um Einzelst\u00fccke, die je nach Wunsch gefertigt werden. Die Fertigungsdauer betr\u00e4gt je nach Auftragslage ca. 1 Woche!<\/p>\n<p>Durchmesser : ca. 28 cm<\/p>\n<p>Bei der Bestellung bitte den gew\u00fcnschten Vogel angeben (Meise, Kleiber, Stieglitz,..)<\/p>\n<p>Preis je St\u00fcck.<\/p>\n<p>\u2013 \u2013 \u2013<\/p>\n<p><i>**Echte Handarbeit \u2013 daher k\u00f6nnen Farbe, Form und Gr\u00f6\u00dfe leicht variieren. Gr\u00f6\u00dfere St\u00fcckzahlen sind nur auf Bestellung m\u00f6glich. Falls ein Produkt aktuell nicht lagernd ist, geben wir Ihnen bei Nachproduktion rechtzeitig Bescheid bez\u00fcglich des Liefertermins.<\/i><\/p>\n","protected":false},"excerpt":{"rendered":"<p>Grosser T\u00fcrkranz aus Weiden\u00e4sten mit nadelgefilzten Vogel und verschiedenen Trockenblumen\/Bl\u00e4ttern dekoriert.<\/p>\n","protected":false},"featured_media":2651,"template":"","meta":[],"product_brand":[],"product_cat":[240],"product_tag":[35,38,124,271,272,273,274],"class_list":{"0":"post-2661","1":"product","2":"type-product","3":"status-publish","4":"has-post-thumbnail","6":"product_cat-filzkunst-voegel","7":"product_tag-bioschafwolle","8":"product_tag-nadelfilzen","9":"product_tag-einzelstueck","10":"product_tag-tuerkranz","11":"product_tag-kleiber","12":"product_tag-meise","13":"product_tag-weidenkranz","15":"first","16":"instock","17":"purchasable","18":"product-type-simple"},"acf":[],"_links":{"self":[{"href":"https:\/\/mitliabsoewagmocht.at\/index.php?rest_route=\/wp\/v2\/product\/2661","targetHints":{"allow":["GET"]}}],"collection":[{"href":"https:\/\/mitliabsoewagmocht.at\/index.php?rest_route=\/wp\/v2\/product"}],"about":[{"href":"https:\/\/mitliabsoewagmocht.at\/index.php?rest_route=\/wp\/v2\/types\/product"}],"wp:featuredmedia":[{"embeddable":true,"href":"https:\/\/mitliabsoewagmocht.at\/index.php?rest_route=\/wp\/v2\/media\/2651"}],"wp:attachment":[{"href":"https:\/\/mitliabsoewagmocht.at\/index.php?rest_route=%2Fwp%2Fv2%2Fmedia&parent=2661"}],"wp:term":[{"taxonomy":"product_brand","embeddable":true,"href":"https:\/\/mitliabsoewagmocht.at\/index.php?rest_route=%2Fwp%2Fv2%2Fproduct_brand&post=2661"},{"taxonomy":"product_cat","embeddable":true,"href":"https:\/\/mitliabsoewagmocht.at\/index.php?rest_route=%2Fwp%2Fv2%2Fproduct_cat&post=2661"},{"taxonomy":"product_tag","embeddable":true,"href":"https:\/\/mitliabsoewagmocht.at\/index.php?rest_route=%2Fwp%2Fv2%2Fproduct_tag&post=2661"}],"curies":[{"name":"wp","href":"https:\/\/api.w.org\/{rel}","templated":true}]}}