{"id":2443,"date":"2025-08-26T07:31:04","date_gmt":"2025-08-26T07:31:04","guid":{"rendered":"https:\/\/mitliabsoewagmocht.at\/?post_type=product&#038;p=2443"},"modified":"2026-03-15T08:07:33","modified_gmt":"2026-03-15T08:07:33","slug":"nadelgefilzte-tierkoepfe-mit-holz-brettchen","status":"publish","type":"product","link":"https:\/\/mitliabsoewagmocht.at\/?product=nadelgefilzte-tierkoepfe-mit-holz-brettchen","title":{"rendered":"Nadelgefilzte Tierk\u00f6pfe mit Holz-Brettchen"},"content":{"rendered":"<p>Nadelgefilzter Tierk\u00f6pfe .. &#8222;die aus dem Bau gucken&#8220; .. (keine Troph\u00e4en!) aus \u00f6sterreichischer Schafwolle mit Holzbrettchen.<\/p>\n<p>Bei der Bestellung bitte mit angeben:<\/p>\n<ul>\n<li>Hochlandrind<\/li>\n<li>Fuchs<\/li>\n<li>Dachs<\/li>\n<li>Igel<\/li>\n<li>Eichh\u00f6rnchen<\/li>\n<li>.. andere Tiere &#8211; bitte Wunsch angeben!<\/li>\n<\/ul>\n<p>(Symbolbild!)<\/p>\n<p>Es handelt sich um Einzelst\u00fccke, die je nach Wunsch gefertigt werden. Die Fertigungsdauer betr\u00e4gt je nach Auftragslage ca. 1 Woche!<\/p>\n<p>Gr\u00f6sse Brettchen: ca. 16cm<\/p>\n<p>Preis je St\u00fcck.<\/p>\n<p>\u2013 \u2013 \u2013<\/p>\n<p><i>*Echte Handarbeit \u2013 daher k\u00f6nnen Farbe, Form und Gr\u00f6\u00dfe leicht variieren. Gr\u00f6\u00dfere St\u00fcckzahlen sind nur auf Bestellung m\u00f6glich. Falls ein Produkt aktuell nicht lagernd ist, geben wir Ihnen bei Nachproduktion rechtzeitig Bescheid bez\u00fcglich des Liefertermins.<\/i><\/p>\n","protected":false},"excerpt":{"rendered":"<p>Nadelgefilzter Tierk\u00f6pfe .. &#8222;die aus dem Bau gucken&#8220; mit Holz-Brettchen<\/p>\n","protected":false},"featured_media":2679,"template":"","meta":[],"product_brand":[],"product_cat":[241],"product_tag":[267,268,269,35,38,124,205,265,266],"class_list":{"0":"post-2443","1":"product","2":"type-product","3":"status-publish","4":"has-post-thumbnail","6":"product_cat-filzkunst-tiere-tierfiguren","7":"product_tag-dachs","8":"product_tag-eichhoernchen","9":"product_tag-igel","10":"product_tag-bioschafwolle","11":"product_tag-nadelfilzen","12":"product_tag-einzelstueck","13":"product_tag-fuchs","14":"product_tag-tierkoepfe","15":"product_tag-hochlandrind","17":"first","18":"instock","19":"purchasable","20":"product-type-simple"},"acf":[],"_links":{"self":[{"href":"https:\/\/mitliabsoewagmocht.at\/index.php?rest_route=\/wp\/v2\/product\/2443","targetHints":{"allow":["GET"]}}],"collection":[{"href":"https:\/\/mitliabsoewagmocht.at\/index.php?rest_route=\/wp\/v2\/product"}],"about":[{"href":"https:\/\/mitliabsoewagmocht.at\/index.php?rest_route=\/wp\/v2\/types\/product"}],"wp:featuredmedia":[{"embeddable":true,"href":"https:\/\/mitliabsoewagmocht.at\/index.php?rest_route=\/wp\/v2\/media\/2679"}],"wp:attachment":[{"href":"https:\/\/mitliabsoewagmocht.at\/index.php?rest_route=%2Fwp%2Fv2%2Fmedia&parent=2443"}],"wp:term":[{"taxonomy":"product_brand","embeddable":true,"href":"https:\/\/mitliabsoewagmocht.at\/index.php?rest_route=%2Fwp%2Fv2%2Fproduct_brand&post=2443"},{"taxonomy":"product_cat","embeddable":true,"href":"https:\/\/mitliabsoewagmocht.at\/index.php?rest_route=%2Fwp%2Fv2%2Fproduct_cat&post=2443"},{"taxonomy":"product_tag","embeddable":true,"href":"https:\/\/mitliabsoewagmocht.at\/index.php?rest_route=%2Fwp%2Fv2%2Fproduct_tag&post=2443"}],"curies":[{"name":"wp","href":"https:\/\/api.w.org\/{rel}","templated":true}]}}