{"id":2416,"date":"2025-05-16T06:26:37","date_gmt":"2025-05-16T06:26:37","guid":{"rendered":"https:\/\/mitliabsoewagmocht.at\/?post_type=product&#038;p=2416"},"modified":"2025-12-26T16:43:03","modified_gmt":"2025-12-26T16:43:03","slug":"duft-steine-aus-filzholz","status":"publish","type":"product","link":"https:\/\/mitliabsoewagmocht.at\/?product=duft-steine-aus-filzholz","title":{"rendered":"&#8222;Duft-Steine&#8220; aus Filz&#038;Holz"},"content":{"rendered":"<p>&#8222;Duft-Steine&#8220; aus Filz&amp;Holz .. zum Beduften mit \u00e4therischen \u00d6len.<\/p>\n<p>Formen: &#8222;Ufo&#8220; oder &#8222;Rund&#8220; &#8211; bitte bei der Bestellung mit angeben!<\/p>\n<p>Farben: Blau, Rot, Gr\u00fcn, Rosa, Orange &#8211; bitte bei der Bestellung mit angeben!<\/p>\n<p>Der Lieferung sind keine \u00e4therischen \u00d6le enthalten! Sollten keine Angaben zur Form und Farbe gemacht werden, wird von uns ausgew\u00e4hlt!<\/p>\n<p>Durchmesser: ca. 5 cm<\/p>\n<p>Preis je Stk.<\/p>\n<p>\u2013 \u2013 \u2013<\/p>\n<div class=\"woocommerce-tabs wc-tabs-wrapper\">\n<div id=\"tab-description\" class=\"woocommerce-Tabs-panel woocommerce-Tabs-panel--description panel entry-content wc-tab\" role=\"tabpanel\" aria-labelledby=\"tab-title-description\">\n<p><i>*Echte Handarbeit \u2013 daher k\u00f6nnen Farbe, Form und Gr\u00f6\u00dfe leicht variieren. Gr\u00f6\u00dfere St\u00fcckzahlen sind nur auf Bestellung m\u00f6glich. Falls ein Produkt aktuell nicht lagernd ist, geben wir Ihnen bei Nachproduktion rechtzeitig Bescheid bez\u00fcglich des Liefertermins.<\/i><\/p>\n<\/div>\n<\/div>\n<section class=\"related products\"><\/section>\n","protected":false},"excerpt":{"rendered":"<p>&#8222;Duft-Steine&#8220; aus Filz&amp;Holz .. zum Beduften mit \u00e4therischen \u00d6len.<\/p>\n","protected":false},"featured_media":2418,"template":"","meta":[],"product_brand":[],"product_cat":[258],"product_tag":[29,38,66,69,259,260],"class_list":{"0":"post-2416","1":"product","2":"type-product","3":"status-publish","4":"has-post-thumbnail","6":"product_cat-filzduft","7":"product_tag-schafwolle","8":"product_tag-nadelfilzen","9":"product_tag-duft","10":"product_tag-aetherische-oele","11":"product_tag-duftstein","12":"product_tag-filzholz","14":"first","15":"instock","16":"purchasable","17":"product-type-simple"},"acf":[],"_links":{"self":[{"href":"https:\/\/mitliabsoewagmocht.at\/index.php?rest_route=\/wp\/v2\/product\/2416","targetHints":{"allow":["GET"]}}],"collection":[{"href":"https:\/\/mitliabsoewagmocht.at\/index.php?rest_route=\/wp\/v2\/product"}],"about":[{"href":"https:\/\/mitliabsoewagmocht.at\/index.php?rest_route=\/wp\/v2\/types\/product"}],"wp:featuredmedia":[{"embeddable":true,"href":"https:\/\/mitliabsoewagmocht.at\/index.php?rest_route=\/wp\/v2\/media\/2418"}],"wp:attachment":[{"href":"https:\/\/mitliabsoewagmocht.at\/index.php?rest_route=%2Fwp%2Fv2%2Fmedia&parent=2416"}],"wp:term":[{"taxonomy":"product_brand","embeddable":true,"href":"https:\/\/mitliabsoewagmocht.at\/index.php?rest_route=%2Fwp%2Fv2%2Fproduct_brand&post=2416"},{"taxonomy":"product_cat","embeddable":true,"href":"https:\/\/mitliabsoewagmocht.at\/index.php?rest_route=%2Fwp%2Fv2%2Fproduct_cat&post=2416"},{"taxonomy":"product_tag","embeddable":true,"href":"https:\/\/mitliabsoewagmocht.at\/index.php?rest_route=%2Fwp%2Fv2%2Fproduct_tag&post=2416"}],"curies":[{"name":"wp","href":"https:\/\/api.w.org\/{rel}","templated":true}]}}