{"id":2254,"date":"2025-03-02T07:54:33","date_gmt":"2025-03-02T07:54:33","guid":{"rendered":"https:\/\/mitliabsoewagmocht.at\/?post_type=product&#038;p=2254"},"modified":"2026-02-12T11:20:59","modified_gmt":"2026-02-12T11:20:59","slug":"kleine-karotten-am-baendchen","status":"publish","type":"product","link":"https:\/\/mitliabsoewagmocht.at\/?product=kleine-karotten-am-baendchen","title":{"rendered":"Kleine Karotten am B\u00e4ndchen"},"content":{"rendered":"<p>Kleine Karotten am B\u00e4ndchen, nadelgefilzt aus \u00f6sterreichischer Schafwolle.<\/p>\n<p>Bestehend aus 2 Karotten mit einem gedrehten B\u00e4ndchen.<\/p>\n<p>Gr\u00f6sse ca. 7-8 cm<\/p>\n<p>Preis je Set\/Stk.<\/p>\n<p>\u2013 \u2013 \u2013<\/p>\n<p><i>*Echte Handarbeit \u2013 daher k\u00f6nnen Farbe, Form und Gr\u00f6\u00dfe leicht variieren. Gr\u00f6\u00dfere St\u00fcckzahlen sind nur auf Bestellung m\u00f6glich. Falls ein Produkt aktuell nicht lagernd ist, geben wir Ihnen bei Nachproduktion rechtzeitig Bescheid bez\u00fcglich des Liefertermins.<\/i><\/p>\n","protected":false},"excerpt":{"rendered":"<p>Kleine Karotten am B\u00e4ndchen, nadelgefilzt aus \u00f6sterreichischer Schafwolle.<\/p>\n","protected":false},"featured_media":2255,"template":"","meta":[],"product_brand":[],"product_cat":[210],"product_tag":[29,35,38,41,256],"class_list":{"0":"post-2254","1":"product","2":"type-product","3":"status-publish","4":"has-post-thumbnail","6":"product_cat-ostern","7":"product_tag-schafwolle","8":"product_tag-bioschafwolle","9":"product_tag-nadelfilzen","10":"product_tag-ostern","11":"product_tag-karotten","13":"first","14":"instock","15":"purchasable","16":"product-type-simple"},"acf":[],"_links":{"self":[{"href":"https:\/\/mitliabsoewagmocht.at\/index.php?rest_route=\/wp\/v2\/product\/2254","targetHints":{"allow":["GET"]}}],"collection":[{"href":"https:\/\/mitliabsoewagmocht.at\/index.php?rest_route=\/wp\/v2\/product"}],"about":[{"href":"https:\/\/mitliabsoewagmocht.at\/index.php?rest_route=\/wp\/v2\/types\/product"}],"wp:featuredmedia":[{"embeddable":true,"href":"https:\/\/mitliabsoewagmocht.at\/index.php?rest_route=\/wp\/v2\/media\/2255"}],"wp:attachment":[{"href":"https:\/\/mitliabsoewagmocht.at\/index.php?rest_route=%2Fwp%2Fv2%2Fmedia&parent=2254"}],"wp:term":[{"taxonomy":"product_brand","embeddable":true,"href":"https:\/\/mitliabsoewagmocht.at\/index.php?rest_route=%2Fwp%2Fv2%2Fproduct_brand&post=2254"},{"taxonomy":"product_cat","embeddable":true,"href":"https:\/\/mitliabsoewagmocht.at\/index.php?rest_route=%2Fwp%2Fv2%2Fproduct_cat&post=2254"},{"taxonomy":"product_tag","embeddable":true,"href":"https:\/\/mitliabsoewagmocht.at\/index.php?rest_route=%2Fwp%2Fv2%2Fproduct_tag&post=2254"}],"curies":[{"name":"wp","href":"https:\/\/api.w.org\/{rel}","templated":true}]}}