{"id":2251,"date":"2025-03-02T07:49:33","date_gmt":"2025-03-02T07:49:33","guid":{"rendered":"https:\/\/mitliabsoewagmocht.at\/?post_type=product&#038;p=2251"},"modified":"2026-02-12T11:21:30","modified_gmt":"2026-02-12T11:21:30","slug":"schneegloeckchen-in-der-kleinen-holzschale","status":"publish","type":"product","link":"https:\/\/mitliabsoewagmocht.at\/?product=schneegloeckchen-in-der-kleinen-holzschale","title":{"rendered":"Schneegl\u00f6ckchen in der kleinen Holzschale"},"content":{"rendered":"<p>Schneegl\u00f6ckchen in der kleinen Holzschale, nadelgefilzt aus \u00f6sterreichischer Schafwolle.<\/p>\n<p>Bestehend aus 3 Schneegl\u00f6ckchen mit Bl\u00e4ttern platziert in einer handgedrechselten Holzschale.<\/p>\n<p>H\u00f6he ca. 10-12 cm<\/p>\n<p>Preis je Stk.<\/p>\n<p>\u2013 \u2013 \u2013<\/p>\n<p><i>*Echte Handarbeit \u2013 daher k\u00f6nnen Farbe, Form und Gr\u00f6\u00dfe leicht variieren. Gr\u00f6\u00dfere St\u00fcckzahlen sind nur auf Bestellung m\u00f6glich. Falls ein Produkt aktuell nicht lagernd ist, geben wir Ihnen bei Nachproduktion rechtzeitig Bescheid bez\u00fcglich des Liefertermins.<\/i><\/p>\n","protected":false},"excerpt":{"rendered":"<p>Schneegl\u00f6ckchen in der kleinen Holzschale, nadelgefilzt aus \u00f6sterreichischer Schafwolle.<\/p>\n","protected":false},"featured_media":2253,"template":"","meta":[],"product_brand":[],"product_cat":[210],"product_tag":[29,35,38,41,255],"class_list":{"0":"post-2251","1":"product","2":"type-product","3":"status-publish","4":"has-post-thumbnail","6":"product_cat-ostern","7":"product_tag-schafwolle","8":"product_tag-bioschafwolle","9":"product_tag-nadelfilzen","10":"product_tag-ostern","11":"product_tag-schneegloeckchen","13":"first","14":"instock","15":"purchasable","16":"product-type-simple"},"acf":[],"_links":{"self":[{"href":"https:\/\/mitliabsoewagmocht.at\/index.php?rest_route=\/wp\/v2\/product\/2251","targetHints":{"allow":["GET"]}}],"collection":[{"href":"https:\/\/mitliabsoewagmocht.at\/index.php?rest_route=\/wp\/v2\/product"}],"about":[{"href":"https:\/\/mitliabsoewagmocht.at\/index.php?rest_route=\/wp\/v2\/types\/product"}],"wp:featuredmedia":[{"embeddable":true,"href":"https:\/\/mitliabsoewagmocht.at\/index.php?rest_route=\/wp\/v2\/media\/2253"}],"wp:attachment":[{"href":"https:\/\/mitliabsoewagmocht.at\/index.php?rest_route=%2Fwp%2Fv2%2Fmedia&parent=2251"}],"wp:term":[{"taxonomy":"product_brand","embeddable":true,"href":"https:\/\/mitliabsoewagmocht.at\/index.php?rest_route=%2Fwp%2Fv2%2Fproduct_brand&post=2251"},{"taxonomy":"product_cat","embeddable":true,"href":"https:\/\/mitliabsoewagmocht.at\/index.php?rest_route=%2Fwp%2Fv2%2Fproduct_cat&post=2251"},{"taxonomy":"product_tag","embeddable":true,"href":"https:\/\/mitliabsoewagmocht.at\/index.php?rest_route=%2Fwp%2Fv2%2Fproduct_tag&post=2251"}],"curies":[{"name":"wp","href":"https:\/\/api.w.org\/{rel}","templated":true}]}}