{"id":2249,"date":"2025-03-02T07:45:01","date_gmt":"2025-03-02T07:45:01","guid":{"rendered":"https:\/\/mitliabsoewagmocht.at\/?post_type=product&#038;p=2249"},"modified":"2026-02-12T11:21:40","modified_gmt":"2026-02-12T11:21:40","slug":"kleine-schneegloeckchen-am-baendchen","status":"publish","type":"product","link":"https:\/\/mitliabsoewagmocht.at\/?product=kleine-schneegloeckchen-am-baendchen","title":{"rendered":"Kleine Schneegl\u00f6ckchen am B\u00e4ndchen"},"content":{"rendered":"<p>Kleine Schneegl\u00f6ckchen am B\u00e4ndchen, nadelgefilzt aus \u00f6sterreichischer Schafwolle.<\/p>\n<p>Bestehend aus 2 Schneegl\u00f6ckchen-Bl\u00fcten mit einem gedrehten B\u00e4ndchen.<\/p>\n<p>Gr\u00f6sse der Bl\u00fcte ca. 2-2,5 cm<\/p>\n<p>Preis je Stk.<\/p>\n<p>\u2013 \u2013 \u2013<\/p>\n<p><i>*Echte Handarbeit \u2013 daher k\u00f6nnen Farbe, Form und Gr\u00f6\u00dfe leicht variieren. Gr\u00f6\u00dfere St\u00fcckzahlen sind nur auf Bestellung m\u00f6glich. Falls ein Produkt aktuell nicht lagernd ist, geben wir Ihnen bei Nachproduktion rechtzeitig Bescheid bez\u00fcglich des Liefertermins.<\/i><\/p>\n","protected":false},"excerpt":{"rendered":"<p>Kleine Schneegl\u00f6ckchen am B\u00e4ndchen, nadelgefilzt aus \u00f6sterreichischer Schafwolle.<\/p>\n","protected":false},"featured_media":2250,"template":"","meta":[],"product_brand":[],"product_cat":[210],"product_tag":[29,35,38,41,255],"class_list":{"0":"post-2249","1":"product","2":"type-product","3":"status-publish","4":"has-post-thumbnail","6":"product_cat-ostern","7":"product_tag-schafwolle","8":"product_tag-bioschafwolle","9":"product_tag-nadelfilzen","10":"product_tag-ostern","11":"product_tag-schneegloeckchen","13":"first","14":"instock","15":"purchasable","16":"product-type-simple"},"acf":[],"_links":{"self":[{"href":"https:\/\/mitliabsoewagmocht.at\/index.php?rest_route=\/wp\/v2\/product\/2249","targetHints":{"allow":["GET"]}}],"collection":[{"href":"https:\/\/mitliabsoewagmocht.at\/index.php?rest_route=\/wp\/v2\/product"}],"about":[{"href":"https:\/\/mitliabsoewagmocht.at\/index.php?rest_route=\/wp\/v2\/types\/product"}],"wp:featuredmedia":[{"embeddable":true,"href":"https:\/\/mitliabsoewagmocht.at\/index.php?rest_route=\/wp\/v2\/media\/2250"}],"wp:attachment":[{"href":"https:\/\/mitliabsoewagmocht.at\/index.php?rest_route=%2Fwp%2Fv2%2Fmedia&parent=2249"}],"wp:term":[{"taxonomy":"product_brand","embeddable":true,"href":"https:\/\/mitliabsoewagmocht.at\/index.php?rest_route=%2Fwp%2Fv2%2Fproduct_brand&post=2249"},{"taxonomy":"product_cat","embeddable":true,"href":"https:\/\/mitliabsoewagmocht.at\/index.php?rest_route=%2Fwp%2Fv2%2Fproduct_cat&post=2249"},{"taxonomy":"product_tag","embeddable":true,"href":"https:\/\/mitliabsoewagmocht.at\/index.php?rest_route=%2Fwp%2Fv2%2Fproduct_tag&post=2249"}],"curies":[{"name":"wp","href":"https:\/\/api.w.org\/{rel}","templated":true}]}}