{"id":2244,"date":"2025-03-02T07:28:58","date_gmt":"2025-03-02T07:28:58","guid":{"rendered":"https:\/\/mitliabsoewagmocht.at\/?post_type=product&#038;p=2244"},"modified":"2025-12-26T16:52:23","modified_gmt":"2025-12-26T16:52:23","slug":"nadelgefilzter-hahn-mit-henne-und-3-kueken","status":"publish","type":"product","link":"https:\/\/mitliabsoewagmocht.at\/?product=nadelgefilzter-hahn-mit-henne-und-3-kueken","title":{"rendered":"Nadelgefilzter Hahn mit Henne und 3 K\u00fcken"},"content":{"rendered":"<p>Nadelgefilzter Hahn mit Henne und 3 K\u00fcken aus \u00f6sterreichischer Bioschafwolle und Wollocken.<\/p>\n<p>Set bestehend aus einem Hahn, eine Henne und 3 K\u00fcken. Tiere sind sitzend und ohne Abbildung von F\u00fcssen.<\/p>\n<p>Gr\u00f6sse Hahn\/Henne: ca. 14 cm &#8211; K\u00fcken: ca. 5-6 cm<\/p>\n<p>Preis je Set<\/p>\n<p>Alle Tiere sind einzeln auch erh\u00e4ltlich &#8211; bitte anfragen.<\/p>\n<p>\u2013 \u2013 \u2013<\/p>\n<p><i>*Echte Handarbeit \u2013 daher k\u00f6nnen Farbe, Form und Gr\u00f6\u00dfe leicht variieren. Gr\u00f6\u00dfere St\u00fcckzahlen sind nur auf Bestellung m\u00f6glich. Falls ein Produkt aktuell nicht lagernd ist, geben wir Ihnen bei Nachproduktion rechtzeitig Bescheid bez\u00fcglich des Liefertermins.<\/i><\/p>\n","protected":false},"excerpt":{"rendered":"<p>Nadelgefilzter Hahn mit Henne und 3 K\u00fcken aus \u00f6sterreichischer Bioschafwolle und Wollocken.<\/p>\n","protected":false},"featured_media":2245,"template":"","meta":[],"product_brand":[],"product_cat":[210],"product_tag":[35,38,41,53,118,214,254],"class_list":{"0":"post-2244","1":"product","2":"type-product","3":"status-publish","4":"has-post-thumbnail","6":"product_cat-ostern","7":"product_tag-bioschafwolle","8":"product_tag-nadelfilzen","9":"product_tag-ostern","10":"product_tag-kueken","11":"product_tag-ostereier","12":"product_tag-henne","13":"product_tag-hahn","15":"first","16":"onbackorder","17":"purchasable","18":"product-type-simple"},"acf":[],"_links":{"self":[{"href":"https:\/\/mitliabsoewagmocht.at\/index.php?rest_route=\/wp\/v2\/product\/2244","targetHints":{"allow":["GET"]}}],"collection":[{"href":"https:\/\/mitliabsoewagmocht.at\/index.php?rest_route=\/wp\/v2\/product"}],"about":[{"href":"https:\/\/mitliabsoewagmocht.at\/index.php?rest_route=\/wp\/v2\/types\/product"}],"wp:featuredmedia":[{"embeddable":true,"href":"https:\/\/mitliabsoewagmocht.at\/index.php?rest_route=\/wp\/v2\/media\/2245"}],"wp:attachment":[{"href":"https:\/\/mitliabsoewagmocht.at\/index.php?rest_route=%2Fwp%2Fv2%2Fmedia&parent=2244"}],"wp:term":[{"taxonomy":"product_brand","embeddable":true,"href":"https:\/\/mitliabsoewagmocht.at\/index.php?rest_route=%2Fwp%2Fv2%2Fproduct_brand&post=2244"},{"taxonomy":"product_cat","embeddable":true,"href":"https:\/\/mitliabsoewagmocht.at\/index.php?rest_route=%2Fwp%2Fv2%2Fproduct_cat&post=2244"},{"taxonomy":"product_tag","embeddable":true,"href":"https:\/\/mitliabsoewagmocht.at\/index.php?rest_route=%2Fwp%2Fv2%2Fproduct_tag&post=2244"}],"curies":[{"name":"wp","href":"https:\/\/api.w.org\/{rel}","templated":true}]}}