{"id":2219,"date":"2025-01-12T08:33:08","date_gmt":"2025-01-12T08:33:08","guid":{"rendered":"https:\/\/mitliabsoewagmocht.at\/?post_type=product&#038;p=2219"},"modified":"2026-02-17T09:46:15","modified_gmt":"2026-02-17T09:46:15","slug":"kleine-walliser-schwarznasen","status":"publish","type":"product","link":"https:\/\/mitliabsoewagmocht.at\/?product=kleine-walliser-schwarznasen","title":{"rendered":"Kleine Walliser Schwarznasen"},"content":{"rendered":"<p>Kleine Walliser Schwarznasen<\/p>\n<p>&#8230; nadelgefilzte Walliser Schwarznasen aus \u00f6sterreichischer Schafwolle und Walliser-Wolllocken.<\/p>\n<p>Gr\u00f6\u00dfe: ca. 8 cm<\/p>\n<p>Preis je St\u00fcck<\/p>\n<p>&#8211; &#8211; &#8211;<\/p>\n<p><i>*Echte Handarbeit \u2013 daher k\u00f6nnen Farbe, Form und Gr\u00f6\u00dfe leicht variieren. Gr\u00f6\u00dfere St\u00fcckzahlen sind nur auf Bestellung m\u00f6glich. Falls ein Produkt aktuell nicht lagernd ist, geben wir Ihnen bei Nachproduktion rechtzeitig Bescheid bez\u00fcglich des Liefertermins.<\/i><\/p>\n<p>&nbsp;<\/p>\n","protected":false},"excerpt":{"rendered":"<p>Kleines Walliser Schwarznasen (Schaf)<\/p>\n<p>&#8230; nadelgefilzte Walliser Schwarznasen\u00a0 aus \u00f6sterreichischer Schafwolle und Walliser-Wolllocken.<\/p>\n<p>&nbsp;<\/p>\n<p>&nbsp;<\/p>\n<p>&nbsp;<\/p>\n","protected":false},"featured_media":2672,"template":"","meta":[],"product_brand":[],"product_cat":[241],"product_tag":[30,35,38,67,72,95],"class_list":{"0":"post-2219","1":"product","2":"type-product","3":"status-publish","4":"has-post-thumbnail","6":"product_cat-filzkunst-tiere-tierfiguren","7":"product_tag-filzkunst","8":"product_tag-bioschafwolle","9":"product_tag-nadelfilzen","10":"product_tag-kette","11":"product_tag-dekoration","12":"product_tag-alpaka","14":"first","15":"instock","16":"purchasable","17":"product-type-simple"},"acf":[],"_links":{"self":[{"href":"https:\/\/mitliabsoewagmocht.at\/index.php?rest_route=\/wp\/v2\/product\/2219","targetHints":{"allow":["GET"]}}],"collection":[{"href":"https:\/\/mitliabsoewagmocht.at\/index.php?rest_route=\/wp\/v2\/product"}],"about":[{"href":"https:\/\/mitliabsoewagmocht.at\/index.php?rest_route=\/wp\/v2\/types\/product"}],"wp:featuredmedia":[{"embeddable":true,"href":"https:\/\/mitliabsoewagmocht.at\/index.php?rest_route=\/wp\/v2\/media\/2672"}],"wp:attachment":[{"href":"https:\/\/mitliabsoewagmocht.at\/index.php?rest_route=%2Fwp%2Fv2%2Fmedia&parent=2219"}],"wp:term":[{"taxonomy":"product_brand","embeddable":true,"href":"https:\/\/mitliabsoewagmocht.at\/index.php?rest_route=%2Fwp%2Fv2%2Fproduct_brand&post=2219"},{"taxonomy":"product_cat","embeddable":true,"href":"https:\/\/mitliabsoewagmocht.at\/index.php?rest_route=%2Fwp%2Fv2%2Fproduct_cat&post=2219"},{"taxonomy":"product_tag","embeddable":true,"href":"https:\/\/mitliabsoewagmocht.at\/index.php?rest_route=%2Fwp%2Fv2%2Fproduct_tag&post=2219"}],"curies":[{"name":"wp","href":"https:\/\/api.w.org\/{rel}","templated":true}]}}