{"id":2214,"date":"2025-01-12T08:28:17","date_gmt":"2025-01-12T08:28:17","guid":{"rendered":"https:\/\/mitliabsoewagmocht.at\/?post_type=product&#038;p=2214"},"modified":"2025-12-26T16:57:56","modified_gmt":"2025-12-26T16:57:56","slug":"nadelgefilzter-zaunkoenig","status":"publish","type":"product","link":"https:\/\/mitliabsoewagmocht.at\/?product=nadelgefilzter-zaunkoenig","title":{"rendered":"Nadelgefilzter Zaunk\u00f6nig"},"content":{"rendered":"<p>Nadelgefilzter Zaunk\u00f6nig aus \u00f6sterreichischer Schafwolle.<\/p>\n<p>(Symbolbild!)<\/p>\n<p>Es handelt sich um Einzelst\u00fccke, die je nach Wunsch gefertigt werden. Die Fertigungsdauer betr\u00e4gt je nach Auftragslage ca. 1 Woche!<\/p>\n<p>Gr\u00f6sse: ca. 8 cm<\/p>\n<p>Preis je St\u00fcck.<\/p>\n<p>\u2013 \u2013 \u2013<\/p>\n<p><i>*Echte Handarbeit \u2013 daher k\u00f6nnen Farbe, Form und Gr\u00f6\u00dfe leicht variieren. Gr\u00f6\u00dfere St\u00fcckzahlen sind nur auf Bestellung m\u00f6glich. Falls ein Produkt aktuell nicht lagernd ist, geben wir Ihnen bei Nachproduktion rechtzeitig Bescheid bez\u00fcglich des Liefertermins.<\/i><\/p>\n","protected":false},"excerpt":{"rendered":"<p>Nadelgefilzter Zaunk\u00f6nig\u00a0aus \u00f6sterreichischer Schafwolle.<\/p>\n","protected":false},"featured_media":2217,"template":"","meta":[],"product_brand":[],"product_cat":[240],"product_tag":[35,38,124,251],"class_list":{"0":"post-2214","1":"product","2":"type-product","3":"status-publish","4":"has-post-thumbnail","6":"product_cat-filzkunst-voegel","7":"product_tag-bioschafwolle","8":"product_tag-nadelfilzen","9":"product_tag-einzelstueck","10":"product_tag-mehlschwalbe","12":"first","13":"onbackorder","14":"purchasable","15":"product-type-simple"},"acf":[],"_links":{"self":[{"href":"https:\/\/mitliabsoewagmocht.at\/index.php?rest_route=\/wp\/v2\/product\/2214","targetHints":{"allow":["GET"]}}],"collection":[{"href":"https:\/\/mitliabsoewagmocht.at\/index.php?rest_route=\/wp\/v2\/product"}],"about":[{"href":"https:\/\/mitliabsoewagmocht.at\/index.php?rest_route=\/wp\/v2\/types\/product"}],"wp:featuredmedia":[{"embeddable":true,"href":"https:\/\/mitliabsoewagmocht.at\/index.php?rest_route=\/wp\/v2\/media\/2217"}],"wp:attachment":[{"href":"https:\/\/mitliabsoewagmocht.at\/index.php?rest_route=%2Fwp%2Fv2%2Fmedia&parent=2214"}],"wp:term":[{"taxonomy":"product_brand","embeddable":true,"href":"https:\/\/mitliabsoewagmocht.at\/index.php?rest_route=%2Fwp%2Fv2%2Fproduct_brand&post=2214"},{"taxonomy":"product_cat","embeddable":true,"href":"https:\/\/mitliabsoewagmocht.at\/index.php?rest_route=%2Fwp%2Fv2%2Fproduct_cat&post=2214"},{"taxonomy":"product_tag","embeddable":true,"href":"https:\/\/mitliabsoewagmocht.at\/index.php?rest_route=%2Fwp%2Fv2%2Fproduct_tag&post=2214"}],"curies":[{"name":"wp","href":"https:\/\/api.w.org\/{rel}","templated":true}]}}