{"id":2169,"date":"2024-12-26T12:23:13","date_gmt":"2024-12-26T12:23:13","guid":{"rendered":"https:\/\/mitliabsoewagmocht.at\/?post_type=product&#038;p=2169"},"modified":"2025-12-26T17:05:49","modified_gmt":"2025-12-26T17:05:49","slug":"schneemann-geschenksanhaenger","status":"publish","type":"product","link":"https:\/\/mitliabsoewagmocht.at\/?product=schneemann-geschenksanhaenger","title":{"rendered":"Schneemann Geschenksanh\u00e4nger"},"content":{"rendered":"<p><strong>Schneemann Geschenksanh\u00e4nger<\/strong><\/p>\n<p>&#8230; nadelgefilzte kleiner Schneemann mit gestrickter Haube als Christbaumschmuck oder als Geschenksanh\u00e4nger zu verwenden.<\/p>\n<p>Aus \u00f6sterreichischer Bioschafwolle.<\/p>\n<p>Gr\u00f6\u00dfe: ca. 4-5 cm<\/p>\n<p>Preis je St\u00fcck<\/p>\n<p>&#8211; &#8211; &#8211;<\/p>\n<p><i>*Echte Handarbeit \u2013 daher k\u00f6nnen Farbe, Form und Gr\u00f6\u00dfe leicht variieren. Gr\u00f6\u00dfere St\u00fcckzahlen sind nur auf Bestellung m\u00f6glich. Falls ein Produkt aktuell nicht lagernd ist, geben wir Ihnen bei Nachproduktion rechtzeitig Bescheid bez\u00fcglich des Liefertermins. <\/i><\/p>\n<p>&nbsp;<\/p>\n","protected":false},"excerpt":{"rendered":"<p><strong>Schneemann Geschenksanh\u00e4nger<\/strong><\/p>\n<p>&#8230; nadelgefilzte kleiner Schneemann mit gestrickter Haube als Christbaumschmuck oder als Geschenksanh\u00e4nger zu verwenden.<\/p>\n<p>Aus \u00f6sterreichischer Bioschafwolle.<\/p>\n<p>&nbsp;<\/p>\n<p>&nbsp;<\/p>\n","protected":false},"featured_media":2170,"template":"","meta":[],"product_brand":[],"product_cat":[198],"product_tag":[35,38,72,115,200,250],"class_list":{"0":"post-2169","1":"product","2":"type-product","3":"status-publish","4":"has-post-thumbnail","6":"product_cat-weihnachten-und-weihnachtszeit","7":"product_tag-bioschafwolle","8":"product_tag-nadelfilzen","9":"product_tag-dekoration","10":"product_tag-weihnachten","11":"product_tag-winter","12":"product_tag-schneemann","14":"first","15":"instock","16":"purchasable","17":"product-type-simple"},"acf":[],"_links":{"self":[{"href":"https:\/\/mitliabsoewagmocht.at\/index.php?rest_route=\/wp\/v2\/product\/2169","targetHints":{"allow":["GET"]}}],"collection":[{"href":"https:\/\/mitliabsoewagmocht.at\/index.php?rest_route=\/wp\/v2\/product"}],"about":[{"href":"https:\/\/mitliabsoewagmocht.at\/index.php?rest_route=\/wp\/v2\/types\/product"}],"wp:featuredmedia":[{"embeddable":true,"href":"https:\/\/mitliabsoewagmocht.at\/index.php?rest_route=\/wp\/v2\/media\/2170"}],"wp:attachment":[{"href":"https:\/\/mitliabsoewagmocht.at\/index.php?rest_route=%2Fwp%2Fv2%2Fmedia&parent=2169"}],"wp:term":[{"taxonomy":"product_brand","embeddable":true,"href":"https:\/\/mitliabsoewagmocht.at\/index.php?rest_route=%2Fwp%2Fv2%2Fproduct_brand&post=2169"},{"taxonomy":"product_cat","embeddable":true,"href":"https:\/\/mitliabsoewagmocht.at\/index.php?rest_route=%2Fwp%2Fv2%2Fproduct_cat&post=2169"},{"taxonomy":"product_tag","embeddable":true,"href":"https:\/\/mitliabsoewagmocht.at\/index.php?rest_route=%2Fwp%2Fv2%2Fproduct_tag&post=2169"}],"curies":[{"name":"wp","href":"https:\/\/api.w.org\/{rel}","templated":true}]}}