{"id":2163,"date":"2024-12-26T11:34:31","date_gmt":"2024-12-26T11:34:31","guid":{"rendered":"https:\/\/mitliabsoewagmocht.at\/?post_type=product&#038;p=2163"},"modified":"2025-12-26T17:08:06","modified_gmt":"2025-12-26T17:08:06","slug":"sternen-sitzfleckerl","status":"publish","type":"product","link":"https:\/\/mitliabsoewagmocht.at\/?product=sternen-sitzfleckerl","title":{"rendered":"Sternen-Nacht Sitzfleckerl"},"content":{"rendered":"<p>Sternen-Nacht Sitzfleckerl<\/p>\n<p>&#8230; Handgefilzte Sitzfleckerl aus Bioschafwolle und liebevoll mit deinem Wunschsternzeichen bestick.<\/p>\n<p>Gew\u00fcnschtes Sternzeichen bei der Bestellung unbedingt mit angeben!<\/p>\n<p>Die Sitzfleckerl lassen sich praktisch zusammenrollen und passen super in Deinen Rucksack oder Handtasche.\u00a0 Da wird Dir beim &#8222;Sterndal-Gucken&#8220; nicht am Allerwerstesten kalt!<\/p>\n<p>Gr\u00f6\u00dfe: ca. 38-40 cm<\/p>\n<p>Achtung: Handw\u00e4sche &#8211; Wolle nur sanft ausdr\u00fccken!<\/p>\n<p>Preis per St\u00fcck<\/p>\n<p>&nbsp;<\/p>\n<p>&#8211; &#8211; &#8211;<\/p>\n<p><i>*Echte Handarbeit \u2013 daher k\u00f6nnen Farbe, Form und Gr\u00f6\u00dfe leicht variieren. Gr\u00f6\u00dfere St\u00fcckzahlen sind nur auf Bestellung m\u00f6glich. Falls ein Produkt aktuell nicht lagernd ist, geben wir Ihnen bei Nachproduktion rechtzeitig Bescheid bez\u00fcglich des Liefertermins.<\/i><\/p>\n<p>&nbsp;<\/p>\n","protected":false},"excerpt":{"rendered":"<p>Sternen-Nacht Sitzfleckerl<\/p>\n<p>&#8230; Handgefilzte Sitzfleckerl aus Bioschafwolle und liebevoll mit deinem Wunschsternzeichen bestick.<\/p>\n<p>&nbsp;<\/p>\n<p>&nbsp;<\/p>\n","protected":false},"featured_media":2165,"template":"","meta":[],"product_brand":[],"product_cat":[243,245],"product_tag":[27,30,35,72],"class_list":{"0":"post-2163","1":"product","2":"type-product","3":"status-publish","4":"has-post-thumbnail","6":"product_cat-taschen-patschen-sitzfleckerl-nassgefilztes","7":"product_cat-naturnacht-sternenhimmel","8":"product_tag-sitzfleckerl","9":"product_tag-filzkunst","10":"product_tag-bioschafwolle","11":"product_tag-dekoration","13":"first","14":"onbackorder","15":"purchasable","16":"product-type-simple"},"acf":[],"_links":{"self":[{"href":"https:\/\/mitliabsoewagmocht.at\/index.php?rest_route=\/wp\/v2\/product\/2163","targetHints":{"allow":["GET"]}}],"collection":[{"href":"https:\/\/mitliabsoewagmocht.at\/index.php?rest_route=\/wp\/v2\/product"}],"about":[{"href":"https:\/\/mitliabsoewagmocht.at\/index.php?rest_route=\/wp\/v2\/types\/product"}],"wp:featuredmedia":[{"embeddable":true,"href":"https:\/\/mitliabsoewagmocht.at\/index.php?rest_route=\/wp\/v2\/media\/2165"}],"wp:attachment":[{"href":"https:\/\/mitliabsoewagmocht.at\/index.php?rest_route=%2Fwp%2Fv2%2Fmedia&parent=2163"}],"wp:term":[{"taxonomy":"product_brand","embeddable":true,"href":"https:\/\/mitliabsoewagmocht.at\/index.php?rest_route=%2Fwp%2Fv2%2Fproduct_brand&post=2163"},{"taxonomy":"product_cat","embeddable":true,"href":"https:\/\/mitliabsoewagmocht.at\/index.php?rest_route=%2Fwp%2Fv2%2Fproduct_cat&post=2163"},{"taxonomy":"product_tag","embeddable":true,"href":"https:\/\/mitliabsoewagmocht.at\/index.php?rest_route=%2Fwp%2Fv2%2Fproduct_tag&post=2163"}],"curies":[{"name":"wp","href":"https:\/\/api.w.org\/{rel}","templated":true}]}}