{"id":2157,"date":"2024-12-26T11:28:11","date_gmt":"2024-12-26T11:28:11","guid":{"rendered":"https:\/\/mitliabsoewagmocht.at\/?post_type=product&#038;p=2157"},"modified":"2025-12-26T17:10:03","modified_gmt":"2025-12-26T17:10:03","slug":"bunte-sitzfleckerl","status":"publish","type":"product","link":"https:\/\/mitliabsoewagmocht.at\/?product=bunte-sitzfleckerl","title":{"rendered":"Buntes Sitzfleckerl"},"content":{"rendered":"<p><strong>Buntes Sitzfleckerl<\/strong><\/p>\n<p>&#8230; Handgefilzte bunte Sitzfleckerl aus Bioschafwolle.<\/p>\n<p>Die Sitzfleckerl lassen sich praktisch zusammenrollen und passen super in Deinen Rucksack oder Handtasche.<\/p>\n<p>Gr\u00f6\u00dfe: ca. 38-40 cm<\/p>\n<p>Achtung: Handw\u00e4sche &#8211; Wolle nur sanft ausdr\u00fccken!<\/p>\n<p>Preis per St\u00fcck<\/p>\n<p>Farbwunsch bitte bei der Bestellung mit angeben!<\/p>\n<p>&#8211; &#8211; &#8211;<\/p>\n<p><i>*Echte Handarbeit \u2013 daher k\u00f6nnen Farbe, Form und Gr\u00f6\u00dfe leicht variieren. Gr\u00f6\u00dfere St\u00fcckzahlen sind nur auf Bestellung m\u00f6glich. Falls ein Produkt aktuell nicht lagernd ist, geben wir Ihnen bei Nachproduktion rechtzeitig Bescheid bez\u00fcglich des Liefertermins.<\/i><\/p>\n<p>&nbsp;<\/p>\n","protected":false},"excerpt":{"rendered":"<p><strong>Buntes Sitzfleckerl<\/strong><\/p>\n<p>&#8230; Handgefilzte bunte Sitzfleckerl aus Bioschafwolle.<\/p>\n<p>&nbsp;<\/p>\n<p>&nbsp;<\/p>\n","protected":false},"featured_media":1480,"template":"","meta":[],"product_brand":[],"product_cat":[243],"product_tag":[27,30,35,72],"class_list":{"0":"post-2157","1":"product","2":"type-product","3":"status-publish","4":"has-post-thumbnail","6":"product_cat-taschen-patschen-sitzfleckerl-nassgefilztes","7":"product_tag-sitzfleckerl","8":"product_tag-filzkunst","9":"product_tag-bioschafwolle","10":"product_tag-dekoration","12":"first","13":"instock","14":"purchasable","15":"product-type-simple"},"acf":[],"_links":{"self":[{"href":"https:\/\/mitliabsoewagmocht.at\/index.php?rest_route=\/wp\/v2\/product\/2157","targetHints":{"allow":["GET"]}}],"collection":[{"href":"https:\/\/mitliabsoewagmocht.at\/index.php?rest_route=\/wp\/v2\/product"}],"about":[{"href":"https:\/\/mitliabsoewagmocht.at\/index.php?rest_route=\/wp\/v2\/types\/product"}],"wp:featuredmedia":[{"embeddable":true,"href":"https:\/\/mitliabsoewagmocht.at\/index.php?rest_route=\/wp\/v2\/media\/1480"}],"wp:attachment":[{"href":"https:\/\/mitliabsoewagmocht.at\/index.php?rest_route=%2Fwp%2Fv2%2Fmedia&parent=2157"}],"wp:term":[{"taxonomy":"product_brand","embeddable":true,"href":"https:\/\/mitliabsoewagmocht.at\/index.php?rest_route=%2Fwp%2Fv2%2Fproduct_brand&post=2157"},{"taxonomy":"product_cat","embeddable":true,"href":"https:\/\/mitliabsoewagmocht.at\/index.php?rest_route=%2Fwp%2Fv2%2Fproduct_cat&post=2157"},{"taxonomy":"product_tag","embeddable":true,"href":"https:\/\/mitliabsoewagmocht.at\/index.php?rest_route=%2Fwp%2Fv2%2Fproduct_tag&post=2157"}],"curies":[{"name":"wp","href":"https:\/\/api.w.org\/{rel}","templated":true}]}}