{"id":1968,"date":"2024-11-04T16:20:48","date_gmt":"2024-11-04T16:20:48","guid":{"rendered":"https:\/\/mitliabsoewagmocht.at\/?post_type=product&#038;p=1968"},"modified":"2025-12-26T17:12:51","modified_gmt":"2025-12-26T17:12:51","slug":"handgezeichnete-gefilzte-weihnachts-klappkarten","status":"publish","type":"product","link":"https:\/\/mitliabsoewagmocht.at\/?product=handgezeichnete-gefilzte-weihnachts-klappkarten","title":{"rendered":"Handgezeichnete &#038; gefilzte Weihnachts-Klappkarten"},"content":{"rendered":"<p><strong>Handgezeichnete &amp; gefilzte Weihnachts-Klappkarten <\/strong>.. mit Kuvert.<\/p>\n<p>&#8230; folgende Muster zur Auswahl:<\/p>\n<p>&#8222;Schneemann&#8220;<\/p>\n<p>&#8222;Engel&#8220;<\/p>\n<p>&#8222;Baum&#8220;<\/p>\n<p>Bitte Musterwunsch bei der Bestellung unbedingt mit angeben!<\/p>\n<p>Preis je St\u00fcck<\/p>\n<p>&#8211; &#8211; &#8211;<\/p>\n<p><i>*Echte Handarbeit \u2013 daher k\u00f6nnen Farbe, Form und Gr\u00f6\u00dfe leicht variieren. Gr\u00f6\u00dfere St\u00fcckzahlen sind nur auf Bestellung m\u00f6glich. Falls ein Produkt aktuell nicht lagernd ist, geben wir Ihnen bei Nachproduktion rechtzeitig Bescheid bez\u00fcglich des Liefertermins.<\/i><\/p>\n<p>&nbsp;<\/p>\n<p>&nbsp;<\/p>\n","protected":false},"excerpt":{"rendered":"<p><strong>Handgezeichnete &amp; gefilzte Weihnachts-Klappkarten <\/strong>.. mit Kuvert.<\/p>\n","protected":false},"featured_media":1969,"template":"","meta":[],"product_brand":[],"product_cat":[73,198],"product_tag":[74,75,184,186,187,188,190,191,32,192,58],"class_list":{"0":"post-1968","1":"product","2":"type-product","3":"status-publish","4":"has-post-thumbnail","6":"product_cat-handgezeichnete-karten-filzbillet","7":"product_cat-weihnachten-und-weihnachtszeit","8":"product_tag-bergzeit","9":"product_tag-handgezeichnete-karten","10":"product_tag-klappkarte","11":"product_tag-chillfisch","12":"product_tag-berg","13":"product_tag-regenschirm","14":"product_tag-pfotenabdruck","15":"product_tag-insel","16":"product_tag-gesaeuse","17":"product_tag-luftballon","18":"product_tag-biene","20":"first","21":"onbackorder","22":"purchasable","23":"product-type-simple"},"acf":[],"_links":{"self":[{"href":"https:\/\/mitliabsoewagmocht.at\/index.php?rest_route=\/wp\/v2\/product\/1968","targetHints":{"allow":["GET"]}}],"collection":[{"href":"https:\/\/mitliabsoewagmocht.at\/index.php?rest_route=\/wp\/v2\/product"}],"about":[{"href":"https:\/\/mitliabsoewagmocht.at\/index.php?rest_route=\/wp\/v2\/types\/product"}],"wp:featuredmedia":[{"embeddable":true,"href":"https:\/\/mitliabsoewagmocht.at\/index.php?rest_route=\/wp\/v2\/media\/1969"}],"wp:attachment":[{"href":"https:\/\/mitliabsoewagmocht.at\/index.php?rest_route=%2Fwp%2Fv2%2Fmedia&parent=1968"}],"wp:term":[{"taxonomy":"product_brand","embeddable":true,"href":"https:\/\/mitliabsoewagmocht.at\/index.php?rest_route=%2Fwp%2Fv2%2Fproduct_brand&post=1968"},{"taxonomy":"product_cat","embeddable":true,"href":"https:\/\/mitliabsoewagmocht.at\/index.php?rest_route=%2Fwp%2Fv2%2Fproduct_cat&post=1968"},{"taxonomy":"product_tag","embeddable":true,"href":"https:\/\/mitliabsoewagmocht.at\/index.php?rest_route=%2Fwp%2Fv2%2Fproduct_tag&post=1968"}],"curies":[{"name":"wp","href":"https:\/\/api.w.org\/{rel}","templated":true}]}}