{"id":1882,"date":"2024-09-02T06:31:36","date_gmt":"2024-09-02T06:31:36","guid":{"rendered":"https:\/\/mitliabsoewagmocht.at\/?post_type=product&#038;p=1882"},"modified":"2025-12-26T17:20:46","modified_gmt":"2025-12-26T17:20:46","slug":"eule","status":"publish","type":"product","link":"https:\/\/mitliabsoewagmocht.at\/?product=eule","title":{"rendered":"Nadelgefilzte kleine Eule"},"content":{"rendered":"<p><strong>Nadelgefilzte kleine Eule<\/strong><\/p>\n<p>&#8230; nadelgefilzte Eule und auf einer Holzscheibe sitzen.<\/p>\n<p>Aus \u00f6sterreichischer Bioschafwolle liebevoll von Hand gefertigt.<\/p>\n<p>Gr\u00f6\u00dfe: ca. 10-12 cm<\/p>\n<p>Preis per St\u00fcck<\/p>\n<p>&#8211; &#8211; &#8211;<\/p>\n<p><i>*Echte Handarbeit \u2013 daher k\u00f6nnen Farbe, Form und Gr\u00f6\u00dfe leicht variieren. Gr\u00f6\u00dfere St\u00fcckzahlen sind nur auf Bestellung m\u00f6glich. Falls ein Produkt aktuell nicht lagernd ist, geben wir Ihnen bei Nachproduktion rechtzeitig Bescheid bez\u00fcglich des Liefertermins.<\/i><\/p>\n<p>&nbsp;<\/p>\n","protected":false},"excerpt":{"rendered":"<p><strong>Nadelgefilzte kleine Eule<\/strong><\/p>\n<p>&#8230; nadelgefilzte Eule und auf einer Holzscheibe sitzen.<\/p>\n<p>&nbsp;<\/p>\n<p>&nbsp;<\/p>\n","protected":false},"featured_media":1883,"template":"","meta":[],"product_brand":[],"product_cat":[16],"product_tag":[30,35,38,72,201],"class_list":{"0":"post-1882","1":"product","2":"type-product","3":"status-publish","4":"has-post-thumbnail","6":"product_cat-nadelgefilzte-kleinigkeiten","7":"product_tag-filzkunst","8":"product_tag-bioschafwolle","9":"product_tag-nadelfilzen","10":"product_tag-dekoration","11":"product_tag-eule","13":"first","14":"onbackorder","15":"purchasable","16":"product-type-simple"},"acf":[],"_links":{"self":[{"href":"https:\/\/mitliabsoewagmocht.at\/index.php?rest_route=\/wp\/v2\/product\/1882","targetHints":{"allow":["GET"]}}],"collection":[{"href":"https:\/\/mitliabsoewagmocht.at\/index.php?rest_route=\/wp\/v2\/product"}],"about":[{"href":"https:\/\/mitliabsoewagmocht.at\/index.php?rest_route=\/wp\/v2\/types\/product"}],"wp:featuredmedia":[{"embeddable":true,"href":"https:\/\/mitliabsoewagmocht.at\/index.php?rest_route=\/wp\/v2\/media\/1883"}],"wp:attachment":[{"href":"https:\/\/mitliabsoewagmocht.at\/index.php?rest_route=%2Fwp%2Fv2%2Fmedia&parent=1882"}],"wp:term":[{"taxonomy":"product_brand","embeddable":true,"href":"https:\/\/mitliabsoewagmocht.at\/index.php?rest_route=%2Fwp%2Fv2%2Fproduct_brand&post=1882"},{"taxonomy":"product_cat","embeddable":true,"href":"https:\/\/mitliabsoewagmocht.at\/index.php?rest_route=%2Fwp%2Fv2%2Fproduct_cat&post=1882"},{"taxonomy":"product_tag","embeddable":true,"href":"https:\/\/mitliabsoewagmocht.at\/index.php?rest_route=%2Fwp%2Fv2%2Fproduct_tag&post=1882"}],"curies":[{"name":"wp","href":"https:\/\/api.w.org\/{rel}","templated":true}]}}