{"id":1741,"date":"2024-01-04T09:54:03","date_gmt":"2024-01-04T09:54:03","guid":{"rendered":"https:\/\/mitliabsoewagmocht.at\/?post_type=product&#038;p=1741"},"modified":"2026-02-12T11:24:46","modified_gmt":"2026-02-12T11:24:46","slug":"handgezeichnetes-postkarten-set-ostern","status":"publish","type":"product","link":"https:\/\/mitliabsoewagmocht.at\/?product=handgezeichnetes-postkarten-set-ostern","title":{"rendered":"Handgezeichnetes Postkarten-Set &#8222;Ostern&#8220;"},"content":{"rendered":"<p>Handgezeichnetes Postkarten-Set &#8222;Ostern&#8220;<\/p>\n<p>Set besteht aus je 2 Stk. Postkarten (Hase\/Karotten oder Hase\/Ostereier)<\/p>\n<p>Gew\u00fcnschtes Motiv bitte bei der Bestellung angeben!<\/p>\n<p>&#8211; &#8211; &#8211;<\/p>\n<p><i>*Echte Handarbeit \u2013 daher k\u00f6nnen Farbe, Form und Gr\u00f6\u00dfe leicht variieren. Gr\u00f6\u00dfere St\u00fcckzahlen sind nur auf Bestellung m\u00f6glich. Falls ein Produkt aktuell nicht lagernd ist, geben wir Ihnen bei Nachproduktion rechtzeitig Bescheid bez\u00fcglich des Liefertermins.<\/i><\/p>\n<p>&nbsp;<\/p>\n<p>&nbsp;<\/p>\n","protected":false},"excerpt":{"rendered":"<p>Handgezeichnetes Postkarten-Set &#8222;Ostern&#8220;<\/p>\n","protected":false},"featured_media":1744,"template":"","meta":[],"product_brand":[],"product_cat":[73,210],"product_tag":[58,75,76,183,195,196,197],"class_list":{"0":"post-1741","1":"product","2":"type-product","3":"status-publish","4":"has-post-thumbnail","6":"product_cat-handgezeichnete-karten-filzbillet","7":"product_cat-ostern","8":"product_tag-biene","9":"product_tag-handgezeichnete-karten","10":"product_tag-postkarten","11":"product_tag-marienkaefer","12":"product_tag-distel","13":"product_tag-margerite","14":"product_tag-natur","16":"first","17":"instock","18":"purchasable","19":"product-type-simple"},"acf":[],"_links":{"self":[{"href":"https:\/\/mitliabsoewagmocht.at\/index.php?rest_route=\/wp\/v2\/product\/1741","targetHints":{"allow":["GET"]}}],"collection":[{"href":"https:\/\/mitliabsoewagmocht.at\/index.php?rest_route=\/wp\/v2\/product"}],"about":[{"href":"https:\/\/mitliabsoewagmocht.at\/index.php?rest_route=\/wp\/v2\/types\/product"}],"wp:featuredmedia":[{"embeddable":true,"href":"https:\/\/mitliabsoewagmocht.at\/index.php?rest_route=\/wp\/v2\/media\/1744"}],"wp:attachment":[{"href":"https:\/\/mitliabsoewagmocht.at\/index.php?rest_route=%2Fwp%2Fv2%2Fmedia&parent=1741"}],"wp:term":[{"taxonomy":"product_brand","embeddable":true,"href":"https:\/\/mitliabsoewagmocht.at\/index.php?rest_route=%2Fwp%2Fv2%2Fproduct_brand&post=1741"},{"taxonomy":"product_cat","embeddable":true,"href":"https:\/\/mitliabsoewagmocht.at\/index.php?rest_route=%2Fwp%2Fv2%2Fproduct_cat&post=1741"},{"taxonomy":"product_tag","embeddable":true,"href":"https:\/\/mitliabsoewagmocht.at\/index.php?rest_route=%2Fwp%2Fv2%2Fproduct_tag&post=1741"}],"curies":[{"name":"wp","href":"https:\/\/api.w.org\/{rel}","templated":true}]}}