{"id":1670,"date":"2023-11-03T13:45:45","date_gmt":"2023-11-03T13:45:45","guid":{"rendered":"https:\/\/mitliabsoewagmocht.at\/?post_type=product&#038;p=1670"},"modified":"2025-12-26T17:52:24","modified_gmt":"2025-12-26T17:52:24","slug":"nadelgefilzter-hirte-mit-schaf","status":"publish","type":"product","link":"https:\/\/mitliabsoewagmocht.at\/?product=nadelgefilzter-hirte-mit-schaf","title":{"rendered":"Nadelgefilzter Hirte mit Schaf"},"content":{"rendered":"<p><strong>Nadelgefilzter Hirte mit Schaf <\/strong><\/p>\n<p>.. auf einer Holzscheibe (ohne die B\u00e4umchen im Hintergrund)<\/p>\n<p>Aus \u00f6sterreichischer Bioschafwolle und Wolllocken liebevoll von Hand gefertigt.<\/p>\n<p>Gr\u00f6\u00dfe: ca. 11 cm<\/p>\n<p>Preis per St\u00fcck<\/p>\n<p>&#8211; &#8211; &#8211;<\/p>\n<p><i>*Echte Handarbeit \u2013 daher k\u00f6nnen Farbe, Form und Gr\u00f6\u00dfe leicht variieren. Gr\u00f6\u00dfere St\u00fcckzahlen sind nur auf Bestellung m\u00f6glich. Falls ein Produkt aktuell nicht lagernd ist, geben wir Ihnen bei Nachproduktion rechtzeitig Bescheid bez\u00fcglich des Liefertermins.<\/i><\/p>\n<p>&nbsp;<\/p>\n","protected":false},"excerpt":{"rendered":"<p><strong>Nadelgefilzter Hirte mit Schaf<\/strong><\/p>\n<p>Aus \u00f6sterreichischer Bioschafwolle und Wolllocken liebevoll von Hand gefertigt.<\/p>\n<p>&nbsp;<\/p>\n<p>&nbsp;<\/p>\n","protected":false},"featured_media":1671,"template":"","meta":[],"product_brand":[],"product_cat":[198],"product_tag":[72,115,200,203,209,30,35,38,59],"class_list":{"0":"post-1670","1":"product","2":"type-product","3":"status-publish","4":"has-post-thumbnail","6":"product_cat-weihnachten-und-weihnachtszeit","7":"product_tag-dekoration","8":"product_tag-weihnachten","9":"product_tag-winter","10":"product_tag-chtisbaum","11":"product_tag-hirte","12":"product_tag-filzkunst","13":"product_tag-bioschafwolle","14":"product_tag-nadelfilzen","15":"product_tag-schaf","17":"first","18":"instock","19":"purchasable","20":"product-type-simple"},"acf":[],"_links":{"self":[{"href":"https:\/\/mitliabsoewagmocht.at\/index.php?rest_route=\/wp\/v2\/product\/1670","targetHints":{"allow":["GET"]}}],"collection":[{"href":"https:\/\/mitliabsoewagmocht.at\/index.php?rest_route=\/wp\/v2\/product"}],"about":[{"href":"https:\/\/mitliabsoewagmocht.at\/index.php?rest_route=\/wp\/v2\/types\/product"}],"wp:featuredmedia":[{"embeddable":true,"href":"https:\/\/mitliabsoewagmocht.at\/index.php?rest_route=\/wp\/v2\/media\/1671"}],"wp:attachment":[{"href":"https:\/\/mitliabsoewagmocht.at\/index.php?rest_route=%2Fwp%2Fv2%2Fmedia&parent=1670"}],"wp:term":[{"taxonomy":"product_brand","embeddable":true,"href":"https:\/\/mitliabsoewagmocht.at\/index.php?rest_route=%2Fwp%2Fv2%2Fproduct_brand&post=1670"},{"taxonomy":"product_cat","embeddable":true,"href":"https:\/\/mitliabsoewagmocht.at\/index.php?rest_route=%2Fwp%2Fv2%2Fproduct_cat&post=1670"},{"taxonomy":"product_tag","embeddable":true,"href":"https:\/\/mitliabsoewagmocht.at\/index.php?rest_route=%2Fwp%2Fv2%2Fproduct_tag&post=1670"}],"curies":[{"name":"wp","href":"https:\/\/api.w.org\/{rel}","templated":true}]}}