{"id":1667,"date":"2023-11-03T13:41:40","date_gmt":"2023-11-03T13:41:40","guid":{"rendered":"https:\/\/mitliabsoewagmocht.at\/?post_type=product&#038;p=1667"},"modified":"2025-12-26T17:53:37","modified_gmt":"2025-12-26T17:53:37","slug":"nadelgefilzte-baeumchen","status":"publish","type":"product","link":"https:\/\/mitliabsoewagmocht.at\/?product=nadelgefilzte-baeumchen","title":{"rendered":"Nadelgefilztes grosses B\u00e4umchen"},"content":{"rendered":"<p><strong>Nadelgefilztes B\u00e4umchen<\/strong><\/p>\n<p>Aus \u00f6sterreichischer Bioschafwolle liebevoll von Hand gefertigt.<\/p>\n<p>Bei der Bestellung bitte angeben ob &#8222;glatte Oberfl\u00e4che&#8220; oder mit &#8222;Struktur&#8220;!<\/p>\n<p>Gr\u00f6\u00dfe: ca. 13 cm<\/p>\n<p>Preis per St\u00fcck<\/p>\n<p>&#8211; &#8211; &#8211;<\/p>\n<p><i>*Echte Handarbeit \u2013 daher k\u00f6nnen Farbe, Form und Gr\u00f6\u00dfe leicht variieren. Gr\u00f6\u00dfere St\u00fcckzahlen sind nur auf Bestellung m\u00f6glich. Falls ein Produkt aktuell nicht lagernd ist, geben wir Ihnen bei Nachproduktion rechtzeitig Bescheid bez\u00fcglich des Liefertermins.<\/i><\/p>\n<p>&nbsp;<\/p>\n","protected":false},"excerpt":{"rendered":"<p><strong>Nadelgefilztes B\u00e4umchen<\/strong><\/p>\n<p>Aus \u00f6sterreichischer Bioschafwolle liebevoll von Hand gefertigt.<\/p>\n<p>&nbsp;<\/p>\n<p>&nbsp;<\/p>\n","protected":false},"featured_media":1668,"template":"","meta":[],"product_brand":[],"product_cat":[198],"product_tag":[200,203,204,30,35,38,72,115],"class_list":{"0":"post-1667","1":"product","2":"type-product","3":"status-publish","4":"has-post-thumbnail","6":"product_cat-weihnachten-und-weihnachtszeit","7":"product_tag-winter","8":"product_tag-chtisbaum","9":"product_tag-baeumchen","10":"product_tag-filzkunst","11":"product_tag-bioschafwolle","12":"product_tag-nadelfilzen","13":"product_tag-dekoration","14":"product_tag-weihnachten","16":"first","17":"outofstock","18":"purchasable","19":"product-type-simple"},"acf":[],"_links":{"self":[{"href":"https:\/\/mitliabsoewagmocht.at\/index.php?rest_route=\/wp\/v2\/product\/1667","targetHints":{"allow":["GET"]}}],"collection":[{"href":"https:\/\/mitliabsoewagmocht.at\/index.php?rest_route=\/wp\/v2\/product"}],"about":[{"href":"https:\/\/mitliabsoewagmocht.at\/index.php?rest_route=\/wp\/v2\/types\/product"}],"wp:featuredmedia":[{"embeddable":true,"href":"https:\/\/mitliabsoewagmocht.at\/index.php?rest_route=\/wp\/v2\/media\/1668"}],"wp:attachment":[{"href":"https:\/\/mitliabsoewagmocht.at\/index.php?rest_route=%2Fwp%2Fv2%2Fmedia&parent=1667"}],"wp:term":[{"taxonomy":"product_brand","embeddable":true,"href":"https:\/\/mitliabsoewagmocht.at\/index.php?rest_route=%2Fwp%2Fv2%2Fproduct_brand&post=1667"},{"taxonomy":"product_cat","embeddable":true,"href":"https:\/\/mitliabsoewagmocht.at\/index.php?rest_route=%2Fwp%2Fv2%2Fproduct_cat&post=1667"},{"taxonomy":"product_tag","embeddable":true,"href":"https:\/\/mitliabsoewagmocht.at\/index.php?rest_route=%2Fwp%2Fv2%2Fproduct_tag&post=1667"}],"curies":[{"name":"wp","href":"https:\/\/api.w.org\/{rel}","templated":true}]}}