{"id":1653,"date":"2023-11-01T10:37:07","date_gmt":"2023-11-01T10:37:07","guid":{"rendered":"https:\/\/mitliabsoewagmocht.at\/?post_type=product&#038;p=1653"},"modified":"2025-12-26T17:55:08","modified_gmt":"2025-12-26T17:55:08","slug":"handgefilzte-buchhuellen-a5","status":"publish","type":"product","link":"https:\/\/mitliabsoewagmocht.at\/?product=handgefilzte-buchhuellen-a5","title":{"rendered":"Handgefilzte Buchh\u00fclle (A5)"},"content":{"rendered":"<p>Handgefilzte Buchh\u00fclle (A5)<\/p>\n<p>&#8230; aus \u00f6sterreichischer Bioschafwolle. Passend f\u00fcr A5 Notizbl\u00f6cke und d\u00fcnne B\u00fccher.<\/p>\n<p>Gr\u00f6\u00dfe: A5 bzw. etwas gr\u00f6sser!<\/p>\n<p>Bitte den jeweiligen Farbwunsch mit angeben!<\/p>\n<p>Preis je St\u00fcck<\/p>\n<p>&#8211; &#8211; &#8211;<\/p>\n<p><i>*<\/i><i>Echte Handarbeit \u2013 daher k\u00f6nnen Farbe, Form und Gr\u00f6\u00dfe leicht variieren. Gr\u00f6\u00dfere St\u00fcckzahlen sind nur auf Bestellung m\u00f6glich. Falls ein Produkt aktuell nicht lagernd ist, geben wir Ihnen bei Nachproduktion rechtzeitig Bescheid bez\u00fcglich des Liefertermins.<\/i><\/p>\n<p>&nbsp;<\/p>\n","protected":false},"excerpt":{"rendered":"<p>Handgefilzte Buchh\u00fclle (A5)<\/p>\n<p>&#8230; aus \u00f6sterreichischer Bioschafwolle. Passend f\u00fcr A5 Notizbl\u00f6cke und d\u00fcnne B\u00fccher.<\/p>\n<p>Aus \u00f6sterreichischer Bioschafwolle.<\/p>\n<p>&nbsp;<\/p>\n<p>&nbsp;<\/p>\n","protected":false},"featured_media":1654,"template":"","meta":[],"product_brand":[],"product_cat":[243],"product_tag":[72,95,208,30,35,38,67],"class_list":{"0":"post-1653","1":"product","2":"type-product","3":"status-publish","4":"has-post-thumbnail","6":"product_cat-taschen-patschen-sitzfleckerl-nassgefilztes","7":"product_tag-dekoration","8":"product_tag-alpaka","9":"product_tag-buchhuelle","10":"product_tag-filzkunst","11":"product_tag-bioschafwolle","12":"product_tag-nadelfilzen","13":"product_tag-kette","15":"first","16":"onbackorder","17":"purchasable","18":"product-type-simple"},"acf":[],"_links":{"self":[{"href":"https:\/\/mitliabsoewagmocht.at\/index.php?rest_route=\/wp\/v2\/product\/1653","targetHints":{"allow":["GET"]}}],"collection":[{"href":"https:\/\/mitliabsoewagmocht.at\/index.php?rest_route=\/wp\/v2\/product"}],"about":[{"href":"https:\/\/mitliabsoewagmocht.at\/index.php?rest_route=\/wp\/v2\/types\/product"}],"wp:featuredmedia":[{"embeddable":true,"href":"https:\/\/mitliabsoewagmocht.at\/index.php?rest_route=\/wp\/v2\/media\/1654"}],"wp:attachment":[{"href":"https:\/\/mitliabsoewagmocht.at\/index.php?rest_route=%2Fwp%2Fv2%2Fmedia&parent=1653"}],"wp:term":[{"taxonomy":"product_brand","embeddable":true,"href":"https:\/\/mitliabsoewagmocht.at\/index.php?rest_route=%2Fwp%2Fv2%2Fproduct_brand&post=1653"},{"taxonomy":"product_cat","embeddable":true,"href":"https:\/\/mitliabsoewagmocht.at\/index.php?rest_route=%2Fwp%2Fv2%2Fproduct_cat&post=1653"},{"taxonomy":"product_tag","embeddable":true,"href":"https:\/\/mitliabsoewagmocht.at\/index.php?rest_route=%2Fwp%2Fv2%2Fproduct_tag&post=1653"}],"curies":[{"name":"wp","href":"https:\/\/api.w.org\/{rel}","templated":true}]}}