{"id":1652,"date":"2023-11-01T10:35:08","date_gmt":"2023-11-01T10:35:08","guid":{"rendered":"https:\/\/mitliabsoewagmocht.at\/?post_type=product&#038;p=1652"},"modified":"2026-02-12T11:25:07","modified_gmt":"2026-02-12T11:25:07","slug":"nadelgefilzte-frauenschuh-anstecknadel","status":"publish","type":"product","link":"https:\/\/mitliabsoewagmocht.at\/?product=nadelgefilzte-frauenschuh-anstecknadel","title":{"rendered":"Nadelgefilzte Frauenschuh-Anstecknadel"},"content":{"rendered":"<p><strong>Nadelgefilzte Frauenschuh-Anstecknadel<\/strong><\/p>\n<p>(Symbolbild!)<\/p>\n<p>Es handelt sich um Einzelst\u00fccke die je nach Wunsch gefertigt werden.<\/p>\n<p>Fertigungsdauer betr\u00e4gt je nach Auftragslage ca. 2 Wochen!<\/p>\n<p>Erh\u00e4ltlich als Frauenschuh-Stock in einer handgedrechselten Holzschale oder als <strong>Anstecknadel<\/strong> mit einer Bl\u00fcte.<\/p>\n<p>(Frauenschuhstock: 78 Euro \/ H\u00f6he ca. 20 cm)<\/p>\n<p><strong>Anstecknadel: 18 Euro \/ Gr\u00f6sse ca. 6 cm<\/strong><\/p>\n<p>&nbsp;<\/p>\n<p>Preis je St\u00fcck.<\/p>\n<p>\u2013 \u2013 \u2013<\/p>\n<div class=\"woocommerce-tabs wc-tabs-wrapper\">\n<div id=\"tab-description\" class=\"woocommerce-Tabs-panel woocommerce-Tabs-panel--description panel entry-content wc-tab\" role=\"tabpanel\" aria-labelledby=\"tab-title-description\">\n<p><i>Echte Handarbeit \u2013 daher k\u00f6nnen Farbe, Form und Gr\u00f6\u00dfe leicht variieren. Gr\u00f6\u00dfere St\u00fcckzahlen sind nur auf Bestellung m\u00f6glich. Falls ein Produkt aktuell nicht lagernd ist, geben wir Ihnen bei Nachproduktion rechtzeitig Bescheid bez\u00fcglich des Liefertermins.<\/i><\/p>\n<\/div>\n<\/div>\n<section class=\"related products\"><\/section>\n","protected":false},"excerpt":{"rendered":"<p><strong>Nadelgefilzte Frauenschuh-Anstecknadel<\/strong><\/p>\n<p>Erh\u00e4ltlich als Frauenschuh-Stock in einer handgedrechselten Holzschale oder als <strong>Anstecknadel<\/strong> mit einer Bl\u00fcte.<\/p>\n","protected":false},"featured_media":1649,"template":"","meta":[],"product_brand":[],"product_cat":[242],"product_tag":[124,207,35,38,56],"class_list":{"0":"post-1652","1":"product","2":"type-product","3":"status-publish","4":"has-post-thumbnail","6":"product_cat-nadelgefilzte-anstecknadeln","7":"product_tag-einzelstueck","8":"product_tag-frauenschuh","9":"product_tag-bioschafwolle","10":"product_tag-nadelfilzen","11":"product_tag-anstecknadel","13":"first","14":"instock","15":"purchasable","16":"product-type-simple"},"acf":[],"_links":{"self":[{"href":"https:\/\/mitliabsoewagmocht.at\/index.php?rest_route=\/wp\/v2\/product\/1652","targetHints":{"allow":["GET"]}}],"collection":[{"href":"https:\/\/mitliabsoewagmocht.at\/index.php?rest_route=\/wp\/v2\/product"}],"about":[{"href":"https:\/\/mitliabsoewagmocht.at\/index.php?rest_route=\/wp\/v2\/types\/product"}],"wp:featuredmedia":[{"embeddable":true,"href":"https:\/\/mitliabsoewagmocht.at\/index.php?rest_route=\/wp\/v2\/media\/1649"}],"wp:attachment":[{"href":"https:\/\/mitliabsoewagmocht.at\/index.php?rest_route=%2Fwp%2Fv2%2Fmedia&parent=1652"}],"wp:term":[{"taxonomy":"product_brand","embeddable":true,"href":"https:\/\/mitliabsoewagmocht.at\/index.php?rest_route=%2Fwp%2Fv2%2Fproduct_brand&post=1652"},{"taxonomy":"product_cat","embeddable":true,"href":"https:\/\/mitliabsoewagmocht.at\/index.php?rest_route=%2Fwp%2Fv2%2Fproduct_cat&post=1652"},{"taxonomy":"product_tag","embeddable":true,"href":"https:\/\/mitliabsoewagmocht.at\/index.php?rest_route=%2Fwp%2Fv2%2Fproduct_tag&post=1652"}],"curies":[{"name":"wp","href":"https:\/\/api.w.org\/{rel}","templated":true}]}}