{"id":1594,"date":"2023-11-01T09:08:38","date_gmt":"2023-11-01T09:08:38","guid":{"rendered":"https:\/\/mitliabsoewagmocht.at\/?post_type=product&#038;p=1594"},"modified":"2025-12-26T18:04:26","modified_gmt":"2025-12-26T18:04:26","slug":"winter-schaferl-mit-haube","status":"publish","type":"product","link":"https:\/\/mitliabsoewagmocht.at\/?product=winter-schaferl-mit-haube","title":{"rendered":"Grosses Winter-Schaferl mit Haube"},"content":{"rendered":"<p><strong>Nadelgefilzte grosses Winter-Schaferl mit Haube<\/strong><\/p>\n<p>&#8230; nadelgefilzte Winter-Schaferl mit einer handgestrickten Haube und auf einer kleinen Holzscheibe sitzen. Aus \u00f6sterreichischer Bioschafwolle liebevoll von Hand gefertigt.<\/p>\n<p>Gr\u00f6\u00dfe: ca. 8-9 cm<\/p>\n<p>Preis per St\u00fcck<\/p>\n<p>&#8211; &#8211; &#8211;<\/p>\n<div class=\"woocommerce-tabs wc-tabs-wrapper\">\n<div id=\"tab-description\" class=\"woocommerce-Tabs-panel woocommerce-Tabs-panel--description panel entry-content wc-tab\" role=\"tabpanel\" aria-labelledby=\"tab-title-description\">\n<p><i>*Echte Handarbeit \u2013 daher k\u00f6nnen Farbe, Form und Gr\u00f6\u00dfe leicht variieren. Gr\u00f6\u00dfere St\u00fcckzahlen sind nur auf Bestellung m\u00f6glich. Falls ein Produkt aktuell nicht lagernd ist, geben wir Ihnen bei Nachproduktion rechtzeitig Bescheid bez\u00fcglich des Liefertermins.<\/i><\/p>\n<\/div>\n<\/div>\n<section class=\"related products\"><\/section>\n<p>&nbsp;<\/p>\n","protected":false},"excerpt":{"rendered":"<p><strong>Nadelgefilzte grosse Winter-Schaferl mit Haube<\/strong><\/p>\n<p>&#8230; nadelgefilzte Winter-Schaferl mit einer handgestrickten Haube und auf einer kleinen Holzscheibe sitzen. Aus \u00f6sterreichischer Bioschafwolle liebevoll von Hand gefertigt.<\/p>\n<p>&nbsp;<\/p>\n<p>&nbsp;<\/p>\n","protected":false},"featured_media":1658,"template":"","meta":[],"product_brand":[],"product_cat":[198],"product_tag":[115,177,199,200,30,32,35,38,72,100],"class_list":{"0":"post-1594","1":"product","2":"type-product","3":"status-publish","4":"has-post-thumbnail","6":"product_cat-weihnachten-und-weihnachtszeit","7":"product_tag-weihnachten","8":"product_tag-haube","9":"product_tag-schaferl","10":"product_tag-winter","11":"product_tag-filzkunst","12":"product_tag-gesaeuse","13":"product_tag-bioschafwolle","14":"product_tag-nadelfilzen","15":"product_tag-dekoration","16":"product_tag-weihnachtswichtel","18":"first","19":"onbackorder","20":"purchasable","21":"product-type-simple"},"acf":[],"_links":{"self":[{"href":"https:\/\/mitliabsoewagmocht.at\/index.php?rest_route=\/wp\/v2\/product\/1594","targetHints":{"allow":["GET"]}}],"collection":[{"href":"https:\/\/mitliabsoewagmocht.at\/index.php?rest_route=\/wp\/v2\/product"}],"about":[{"href":"https:\/\/mitliabsoewagmocht.at\/index.php?rest_route=\/wp\/v2\/types\/product"}],"wp:featuredmedia":[{"embeddable":true,"href":"https:\/\/mitliabsoewagmocht.at\/index.php?rest_route=\/wp\/v2\/media\/1658"}],"wp:attachment":[{"href":"https:\/\/mitliabsoewagmocht.at\/index.php?rest_route=%2Fwp%2Fv2%2Fmedia&parent=1594"}],"wp:term":[{"taxonomy":"product_brand","embeddable":true,"href":"https:\/\/mitliabsoewagmocht.at\/index.php?rest_route=%2Fwp%2Fv2%2Fproduct_brand&post=1594"},{"taxonomy":"product_cat","embeddable":true,"href":"https:\/\/mitliabsoewagmocht.at\/index.php?rest_route=%2Fwp%2Fv2%2Fproduct_cat&post=1594"},{"taxonomy":"product_tag","embeddable":true,"href":"https:\/\/mitliabsoewagmocht.at\/index.php?rest_route=%2Fwp%2Fv2%2Fproduct_tag&post=1594"}],"curies":[{"name":"wp","href":"https:\/\/api.w.org\/{rel}","templated":true}]}}