{"id":1482,"date":"2023-01-01T12:03:34","date_gmt":"2023-01-01T12:03:34","guid":{"rendered":"https:\/\/mitliabsoewagmocht.at\/?post_type=product&#038;p=1482"},"modified":"2026-02-12T11:25:56","modified_gmt":"2026-02-12T11:25:56","slug":"nadelgefilzter-spatz","status":"publish","type":"product","link":"https:\/\/mitliabsoewagmocht.at\/?product=nadelgefilzter-spatz","title":{"rendered":"Nadelgefilzter &#8222;Spatz&#8220;"},"content":{"rendered":"<p>Nadelgefilzter &#8222;Spatz&#8220; aus \u00f6sterreichischer Schafwolle.<\/p>\n<p>(Symbolbild!)<\/p>\n<p>Es handelt sich um Einzelst\u00fccke, die je nach Wunsch gefertigt werden. Die Fertigungsdauer betr\u00e4gt je nach Auftragslage ca. 1 Woche!<\/p>\n<p>Gr\u00f6sse: ca. 12 cm<\/p>\n<p>Preis je St\u00fcck.<\/p>\n<p>\u2013 \u2013 \u2013<\/p>\n<div class=\"woocommerce-tabs wc-tabs-wrapper\">\n<div id=\"tab-description\" class=\"woocommerce-Tabs-panel woocommerce-Tabs-panel--description panel entry-content wc-tab\" role=\"tabpanel\" aria-labelledby=\"tab-title-description\">\n<p><i>*Echte Handarbeit \u2013 daher k\u00f6nnen Farbe, Form und Gr\u00f6\u00dfe leicht variieren. Gr\u00f6\u00dfere St\u00fcckzahlen sind nur auf Bestellung m\u00f6glich. Falls ein Produkt aktuell nicht lagernd ist, geben wir Ihnen bei Nachproduktion rechtzeitig Bescheid bez\u00fcglich des Liefertermins.<\/i><\/p>\n<\/div>\n<\/div>\n<section class=\"related products\"><\/section>\n","protected":false},"excerpt":{"rendered":"<p>Nadelgefilzter &#8222;Spatz&#8220; aus \u00f6sterreichischer Schafwolle und Merinowolle.<\/p>\n","protected":false},"featured_media":2666,"template":"","meta":[],"product_brand":[],"product_cat":[240],"product_tag":[178,35,38,124],"class_list":{"0":"post-1482","1":"product","2":"type-product","3":"status-publish","4":"has-post-thumbnail","6":"product_cat-filzkunst-voegel","7":"product_tag-spatz","8":"product_tag-bioschafwolle","9":"product_tag-nadelfilzen","10":"product_tag-einzelstueck","12":"first","13":"instock","14":"purchasable","15":"product-type-simple"},"acf":[],"_links":{"self":[{"href":"https:\/\/mitliabsoewagmocht.at\/index.php?rest_route=\/wp\/v2\/product\/1482","targetHints":{"allow":["GET"]}}],"collection":[{"href":"https:\/\/mitliabsoewagmocht.at\/index.php?rest_route=\/wp\/v2\/product"}],"about":[{"href":"https:\/\/mitliabsoewagmocht.at\/index.php?rest_route=\/wp\/v2\/types\/product"}],"wp:featuredmedia":[{"embeddable":true,"href":"https:\/\/mitliabsoewagmocht.at\/index.php?rest_route=\/wp\/v2\/media\/2666"}],"wp:attachment":[{"href":"https:\/\/mitliabsoewagmocht.at\/index.php?rest_route=%2Fwp%2Fv2%2Fmedia&parent=1482"}],"wp:term":[{"taxonomy":"product_brand","embeddable":true,"href":"https:\/\/mitliabsoewagmocht.at\/index.php?rest_route=%2Fwp%2Fv2%2Fproduct_brand&post=1482"},{"taxonomy":"product_cat","embeddable":true,"href":"https:\/\/mitliabsoewagmocht.at\/index.php?rest_route=%2Fwp%2Fv2%2Fproduct_cat&post=1482"},{"taxonomy":"product_tag","embeddable":true,"href":"https:\/\/mitliabsoewagmocht.at\/index.php?rest_route=%2Fwp%2Fv2%2Fproduct_tag&post=1482"}],"curies":[{"name":"wp","href":"https:\/\/api.w.org\/{rel}","templated":true}]}}