{"id":1474,"date":"2023-01-01T11:55:17","date_gmt":"2023-01-01T11:55:17","guid":{"rendered":"https:\/\/mitliabsoewagmocht.at\/?post_type=product&#038;p=1474"},"modified":"2026-02-12T11:26:13","modified_gmt":"2026-02-12T11:26:13","slug":"steck-mich-an-pferd-oder-esel","status":"publish","type":"product","link":"https:\/\/mitliabsoewagmocht.at\/?product=steck-mich-an-pferd-oder-esel","title":{"rendered":"&#8222;Steck mich an&#8220; &#8211; Pferd oder Esel"},"content":{"rendered":"<p><strong>&#8222;Steck mich an&#8220; &#8211; Pferd oder Esel<\/strong><\/p>\n<p>Handgefilzte Anstecknadel aus Bioschafwolle.<\/p>\n<p>Bei der Bestellung bitte angeben ob Pferd oder Esel!<\/p>\n<p>Gr\u00f6sse: ca. 5-6 cm<\/p>\n<p class=\"p1\"><span class=\"s1\">Die Fertigungsdauer richtete sich nach der jeweiligen Auftragslage!<\/span><\/p>\n<p>&#8211; &#8211; &#8211;<\/p>\n<p><i>*Echte Handarbeit \u2013 daher k\u00f6nnen Farbe, Form und Gr\u00f6\u00dfe leicht variieren. Gr\u00f6\u00dfere St\u00fcckzahlen sind nur auf Bestellung m\u00f6glich. Falls ein Produkt aktuell nicht lagernd ist, geben wir Ihnen bei Nachproduktion rechtzeitig Bescheid bez\u00fcglich des Liefertermins.<\/i><\/p>\n<p>&nbsp;<\/p>\n","protected":false},"excerpt":{"rendered":"<p><strong>&#8222;Steck mich an&#8220; &#8211; Pferd oder Esel<\/strong><\/p>\n<p>Handgefilzte Anstecknadel aus Bioschafwolle.<\/p>\n","protected":false},"featured_media":1475,"template":"","meta":[],"product_brand":[],"product_cat":[242],"product_tag":[30,32,35,38,39,50,55,56,111],"class_list":{"0":"post-1474","1":"product","2":"type-product","3":"status-publish","4":"has-post-thumbnail","6":"product_cat-nadelgefilzte-anstecknadeln","7":"product_tag-filzkunst","8":"product_tag-gesaeuse","9":"product_tag-bioschafwolle","10":"product_tag-nadelfilzen","11":"product_tag-filzbrosche","12":"product_tag-esel","13":"product_tag-steck-mich-an","14":"product_tag-anstecknadel","15":"product_tag-pferd","17":"first","18":"instock","19":"purchasable","20":"product-type-simple"},"acf":[],"_links":{"self":[{"href":"https:\/\/mitliabsoewagmocht.at\/index.php?rest_route=\/wp\/v2\/product\/1474","targetHints":{"allow":["GET"]}}],"collection":[{"href":"https:\/\/mitliabsoewagmocht.at\/index.php?rest_route=\/wp\/v2\/product"}],"about":[{"href":"https:\/\/mitliabsoewagmocht.at\/index.php?rest_route=\/wp\/v2\/types\/product"}],"wp:featuredmedia":[{"embeddable":true,"href":"https:\/\/mitliabsoewagmocht.at\/index.php?rest_route=\/wp\/v2\/media\/1475"}],"wp:attachment":[{"href":"https:\/\/mitliabsoewagmocht.at\/index.php?rest_route=%2Fwp%2Fv2%2Fmedia&parent=1474"}],"wp:term":[{"taxonomy":"product_brand","embeddable":true,"href":"https:\/\/mitliabsoewagmocht.at\/index.php?rest_route=%2Fwp%2Fv2%2Fproduct_brand&post=1474"},{"taxonomy":"product_cat","embeddable":true,"href":"https:\/\/mitliabsoewagmocht.at\/index.php?rest_route=%2Fwp%2Fv2%2Fproduct_cat&post=1474"},{"taxonomy":"product_tag","embeddable":true,"href":"https:\/\/mitliabsoewagmocht.at\/index.php?rest_route=%2Fwp%2Fv2%2Fproduct_tag&post=1474"}],"curies":[{"name":"wp","href":"https:\/\/api.w.org\/{rel}","templated":true}]}}