{"id":1323,"date":"2021-12-30T08:11:50","date_gmt":"2021-12-30T08:11:50","guid":{"rendered":"https:\/\/mitliabsoewagmocht.at\/?post_type=product&#038;p=1323"},"modified":"2026-01-19T13:01:29","modified_gmt":"2026-01-19T13:01:29","slug":"nadelgefilzte-tiere-nach-wunsch-symbolbild","status":"publish","type":"product","link":"https:\/\/mitliabsoewagmocht.at\/?product=nadelgefilzte-tiere-nach-wunsch-symbolbild","title":{"rendered":"Nadelgefilzte Tiere nach Wunsch (Symbolbild!)"},"content":{"rendered":"<p>Nadelgefilzte Tiere aus \u00f6sterreichischer Schafwolle nach Wunsch liebevoll gefertigt.<\/p>\n<p>(Symbolbild!)<\/p>\n<p>Es handelt sich um Einzelst\u00fccke, die je nach Wunsch gefertigt werden. Fertigungsdauer betr\u00e4gt je nach Auftragslage ca. 1 Woche!<\/p>\n<p>Gr\u00f6sse: ca. nach Wunsch<\/p>\n<p>Preis je St\u00fcck und Tierart:<\/p>\n<p>ca.10cm &#8211; ab 52 \u20ac<\/p>\n<p>ca.20cm &#8211; ab 98 \u20ac<\/p>\n<p>&#8230;<\/p>\n<p><em><strong>Angebot\/Preis bitte je nach Wunsch anfragen!\u00a0<\/strong><\/em><\/p>\n<p>\u2013 \u2013 \u2013<\/p>\n<p><i>*<\/i><i>Echte Handarbeit \u2013 daher k\u00f6nnen Farbe, Form und Gr\u00f6\u00dfe leicht variieren. Gr\u00f6\u00dfere St\u00fcckzahlen sind nur auf Bestellung m\u00f6glich. Falls ein Produkt aktuell nicht lagernd ist, geben wir Ihnen bei Nachproduktion rechtzeitig Bescheid bez\u00fcglich des Liefertermins.<\/i><\/p>\n","protected":false},"excerpt":{"rendered":"<p>Nadelgefilzte Tier aus \u00f6sterreichischer Schafwolle liebevoll gefertigt.<\/p>\n","protected":false},"featured_media":1318,"template":"","meta":[],"product_brand":[],"product_cat":[145],"product_tag":[110,247,248],"class_list":{"0":"post-1323","1":"product","2":"type-product","3":"status-publish","4":"has-post-thumbnail","6":"product_cat-auftragsarbeiten","7":"product_tag-tiere","8":"product_tag-hund","9":"product_tag-wunschbestellung","11":"first","12":"onbackorder","13":"product-type-simple"},"acf":[],"_links":{"self":[{"href":"https:\/\/mitliabsoewagmocht.at\/index.php?rest_route=\/wp\/v2\/product\/1323","targetHints":{"allow":["GET"]}}],"collection":[{"href":"https:\/\/mitliabsoewagmocht.at\/index.php?rest_route=\/wp\/v2\/product"}],"about":[{"href":"https:\/\/mitliabsoewagmocht.at\/index.php?rest_route=\/wp\/v2\/types\/product"}],"wp:featuredmedia":[{"embeddable":true,"href":"https:\/\/mitliabsoewagmocht.at\/index.php?rest_route=\/wp\/v2\/media\/1318"}],"wp:attachment":[{"href":"https:\/\/mitliabsoewagmocht.at\/index.php?rest_route=%2Fwp%2Fv2%2Fmedia&parent=1323"}],"wp:term":[{"taxonomy":"product_brand","embeddable":true,"href":"https:\/\/mitliabsoewagmocht.at\/index.php?rest_route=%2Fwp%2Fv2%2Fproduct_brand&post=1323"},{"taxonomy":"product_cat","embeddable":true,"href":"https:\/\/mitliabsoewagmocht.at\/index.php?rest_route=%2Fwp%2Fv2%2Fproduct_cat&post=1323"},{"taxonomy":"product_tag","embeddable":true,"href":"https:\/\/mitliabsoewagmocht.at\/index.php?rest_route=%2Fwp%2Fv2%2Fproduct_tag&post=1323"}],"curies":[{"name":"wp","href":"https:\/\/api.w.org\/{rel}","templated":true}]}}