{"id":1322,"date":"2021-12-30T08:02:20","date_gmt":"2021-12-30T08:02:20","guid":{"rendered":"https:\/\/mitliabsoewagmocht.at\/?post_type=product&#038;p=1322"},"modified":"2025-12-29T07:32:25","modified_gmt":"2025-12-29T07:32:25","slug":"nadelgefilzter-tierkopf","status":"publish","type":"product","link":"https:\/\/mitliabsoewagmocht.at\/?product=nadelgefilzter-tierkopf","title":{"rendered":"Nadelgefilzter Tierkopf (Symbolbild!)"},"content":{"rendered":"<p><strong>Nadelgefilzter Tierkopf aus \u00f6sterreichischer Schafwolle, Alpakarohwolle und Wolllocken.<\/strong><\/p>\n<p>Jeder Tierkopf ist ein Einzelst\u00fcck und ist auf einer ovalen Holzplatte zum Aufh\u00e4ngen an der Wand angebracht.<\/p>\n<p>Bitte bei der Anfrage die gew\u00fcnschte Tierart angeben!<\/p>\n<p>Gr\u00f6sse: ca. 24 cm<\/p>\n<p>Preis je St\u00fcck und Tierart ab 92 \u20ac! &#8211; <em><strong>Angebot\/Preis bitte anfragen!<\/strong><\/em><\/p>\n<p>\u2013 \u2013 \u2013<\/p>\n<p><i>*<\/i><i>Echte Handarbeit \u2013 daher k\u00f6nnen Farbe, Form und Gr\u00f6\u00dfe leicht variieren. Gr\u00f6\u00dfere St\u00fcckzahlen sind nur auf Bestellung m\u00f6glich. Falls ein Produkt aktuell nicht lagernd ist, geben wir Ihnen bei Nachproduktion rechtzeitig Bescheid bez\u00fcglich des Liefertermins.<\/i><\/p>\n","protected":false},"excerpt":{"rendered":"<p>Nadelgefilzter Tierkopf aus \u00f6sterreichischer Schafwolle, Alpakarohwolle und Wolllocken.<\/p>\n","protected":false},"featured_media":2126,"template":"","meta":[],"product_brand":[],"product_cat":[145],"product_tag":[35,38,150,249],"class_list":{"0":"post-1322","1":"product","2":"type-product","3":"status-publish","4":"has-post-thumbnail","6":"product_cat-auftragsarbeiten","7":"product_tag-bioschafwolle","8":"product_tag-nadelfilzen","9":"product_tag-gamskopf","10":"product_tag-auftragsarbeit","12":"first","13":"onbackorder","14":"product-type-simple"},"acf":[],"_links":{"self":[{"href":"https:\/\/mitliabsoewagmocht.at\/index.php?rest_route=\/wp\/v2\/product\/1322","targetHints":{"allow":["GET"]}}],"collection":[{"href":"https:\/\/mitliabsoewagmocht.at\/index.php?rest_route=\/wp\/v2\/product"}],"about":[{"href":"https:\/\/mitliabsoewagmocht.at\/index.php?rest_route=\/wp\/v2\/types\/product"}],"wp:featuredmedia":[{"embeddable":true,"href":"https:\/\/mitliabsoewagmocht.at\/index.php?rest_route=\/wp\/v2\/media\/2126"}],"wp:attachment":[{"href":"https:\/\/mitliabsoewagmocht.at\/index.php?rest_route=%2Fwp%2Fv2%2Fmedia&parent=1322"}],"wp:term":[{"taxonomy":"product_brand","embeddable":true,"href":"https:\/\/mitliabsoewagmocht.at\/index.php?rest_route=%2Fwp%2Fv2%2Fproduct_brand&post=1322"},{"taxonomy":"product_cat","embeddable":true,"href":"https:\/\/mitliabsoewagmocht.at\/index.php?rest_route=%2Fwp%2Fv2%2Fproduct_cat&post=1322"},{"taxonomy":"product_tag","embeddable":true,"href":"https:\/\/mitliabsoewagmocht.at\/index.php?rest_route=%2Fwp%2Fv2%2Fproduct_tag&post=1322"}],"curies":[{"name":"wp","href":"https:\/\/api.w.org\/{rel}","templated":true}]}}