{"id":1211,"date":"2021-10-12T15:21:53","date_gmt":"2021-10-12T15:21:53","guid":{"rendered":"https:\/\/mitliabsoewagmocht.at\/?post_type=product&#038;p=1211"},"modified":"2026-03-07T15:09:21","modified_gmt":"2026-03-07T15:09:21","slug":"nadelgefilzter-eisvogel","status":"publish","type":"product","link":"https:\/\/mitliabsoewagmocht.at\/?product=nadelgefilzter-eisvogel","title":{"rendered":"Nadelgefilzter Eisvogel"},"content":{"rendered":"<p><strong>Nadelgefilzter Eisvogel aus \u00f6sterreichischer Schafwolle und feiner Merinowolle.<\/strong><\/p>\n<p>Es handelt sich um ein Einzelst\u00fccke, die individuell gefertigt werden.<\/p>\n<p class=\"p1\"><span class=\"s1\">Die Fertigungsdauer richtete sich nach der jeweiligen Auftragslage!<\/span><\/p>\n<p>Der Eisvogel wird auf einem Ansitzholz platziert geliefert.<\/p>\n<p>Gr\u00f6sse: ca. 12-15 cm<\/p>\n<p>Preis je St\u00fcck!<\/p>\n<p>\u2013 \u2013 \u2013<\/p>\n<div class=\"woocommerce-tabs wc-tabs-wrapper\">\n<div id=\"tab-description\" class=\"woocommerce-Tabs-panel woocommerce-Tabs-panel--description panel entry-content wc-tab\" role=\"tabpanel\" aria-labelledby=\"tab-title-description\">\n<p><i>Echte Handarbeit \u2013 daher k\u00f6nnen Farbe, Form und Gr\u00f6\u00dfe leicht variieren. Gr\u00f6\u00dfere St\u00fcckzahlen sind nur auf Bestellung m\u00f6glich. Falls ein Produkt aktuell nicht lagernd ist, geben wir Ihnen bei Nachproduktion rechtzeitig Bescheid bez\u00fcglich des Liefertermins.<\/i><\/p>\n<\/div>\n<\/div>\n<section class=\"related products\"><\/section>\n","protected":false},"excerpt":{"rendered":"<p><strong>Nadelgefilzter Eisvogel aus \u00f6sterreichischer Schafwolle und feiner Merinowolle.<\/strong><\/p>\n<p>Es handelt sich um ein Einzelst\u00fccke die individuell gefertigt werden.<\/p>\n","protected":false},"featured_media":1212,"template":"","meta":[],"product_brand":[],"product_cat":[240],"product_tag":[35,38,124,161],"class_list":{"0":"post-1211","1":"product","2":"type-product","3":"status-publish","4":"has-post-thumbnail","6":"product_cat-filzkunst-voegel","7":"product_tag-bioschafwolle","8":"product_tag-nadelfilzen","9":"product_tag-einzelstueck","10":"product_tag-biber","12":"first","13":"onbackorder","14":"purchasable","15":"product-type-simple"},"acf":[],"_links":{"self":[{"href":"https:\/\/mitliabsoewagmocht.at\/index.php?rest_route=\/wp\/v2\/product\/1211","targetHints":{"allow":["GET"]}}],"collection":[{"href":"https:\/\/mitliabsoewagmocht.at\/index.php?rest_route=\/wp\/v2\/product"}],"about":[{"href":"https:\/\/mitliabsoewagmocht.at\/index.php?rest_route=\/wp\/v2\/types\/product"}],"wp:featuredmedia":[{"embeddable":true,"href":"https:\/\/mitliabsoewagmocht.at\/index.php?rest_route=\/wp\/v2\/media\/1212"}],"wp:attachment":[{"href":"https:\/\/mitliabsoewagmocht.at\/index.php?rest_route=%2Fwp%2Fv2%2Fmedia&parent=1211"}],"wp:term":[{"taxonomy":"product_brand","embeddable":true,"href":"https:\/\/mitliabsoewagmocht.at\/index.php?rest_route=%2Fwp%2Fv2%2Fproduct_brand&post=1211"},{"taxonomy":"product_cat","embeddable":true,"href":"https:\/\/mitliabsoewagmocht.at\/index.php?rest_route=%2Fwp%2Fv2%2Fproduct_cat&post=1211"},{"taxonomy":"product_tag","embeddable":true,"href":"https:\/\/mitliabsoewagmocht.at\/index.php?rest_route=%2Fwp%2Fv2%2Fproduct_tag&post=1211"}],"curies":[{"name":"wp","href":"https:\/\/api.w.org\/{rel}","templated":true}]}}