{"id":1170,"date":"2021-10-12T13:36:28","date_gmt":"2021-10-12T13:36:28","guid":{"rendered":"https:\/\/mitliabsoewagmocht.at\/?post_type=product&#038;p=1170"},"modified":"2025-12-29T07:07:28","modified_gmt":"2025-12-29T07:07:28","slug":"gefilzte-handpuppen-nach-wunsch","status":"publish","type":"product","link":"https:\/\/mitliabsoewagmocht.at\/?product=gefilzte-handpuppen-nach-wunsch","title":{"rendered":"Gefilzte Handpuppen nach Wunsch (Symbolbild!)"},"content":{"rendered":"<p><strong>Handgefilzter einfache Handpuppen aus \u00f6sterreichischer Schafwolle.<\/strong><\/p>\n<p>&#8230; gerne fertige ich Dir Deine ganz pers\u00f6nliche Handpuppe an &#8211; einfach anfragen!<\/p>\n<p>Gr\u00f6sse: ca. 28 cm<\/p>\n<p>Preis ab 38\u20ac je St\u00fcck!<\/p>\n<p>100% Schafwolle &#8211; Handw\u00e4sche!<\/p>\n<p>\u2013 \u2013 \u2013<\/p>\n<div class=\"woocommerce-tabs wc-tabs-wrapper\">\n<div id=\"tab-description\" class=\"woocommerce-Tabs-panel woocommerce-Tabs-panel--description panel entry-content wc-tab\" role=\"tabpanel\" aria-labelledby=\"tab-title-description\">\n<p><i>*Echte Handarbeit \u2013 daher k\u00f6nnen Farbe, Form und Gr\u00f6\u00dfe leicht variieren. Gr\u00f6\u00dfere St\u00fcckzahlen sind nur auf Bestellung m\u00f6glich. Falls ein Produkt aktuell nicht lagernd ist, geben wir Ihnen bei Nachproduktion rechtzeitig Bescheid bez\u00fcglich des Liefertermins.<\/i><\/p>\n<\/div>\n<\/div>\n<section class=\"related products\"><\/section>\n","protected":false},"excerpt":{"rendered":"<p>Handgefilzter gr\u00fcner Schal aus feinem Baumwollstoff vom Handwebstuhl, Bioschafwolle,\u00a0Naturfasern und Wolllocken.<\/p>\n","protected":false},"featured_media":1169,"template":"","meta":[],"product_brand":[],"product_cat":[244],"product_tag":[35,124,129,147],"class_list":{"0":"post-1170","1":"product","2":"type-product","3":"status-publish","4":"has-post-thumbnail","6":"product_cat-finger-handpuppen","7":"product_tag-bioschafwolle","8":"product_tag-einzelstueck","9":"product_tag-nassfilzen","10":"product_tag-handpuppen","12":"first","13":"onbackorder","14":"product-type-simple"},"acf":[],"_links":{"self":[{"href":"https:\/\/mitliabsoewagmocht.at\/index.php?rest_route=\/wp\/v2\/product\/1170","targetHints":{"allow":["GET"]}}],"collection":[{"href":"https:\/\/mitliabsoewagmocht.at\/index.php?rest_route=\/wp\/v2\/product"}],"about":[{"href":"https:\/\/mitliabsoewagmocht.at\/index.php?rest_route=\/wp\/v2\/types\/product"}],"wp:featuredmedia":[{"embeddable":true,"href":"https:\/\/mitliabsoewagmocht.at\/index.php?rest_route=\/wp\/v2\/media\/1169"}],"wp:attachment":[{"href":"https:\/\/mitliabsoewagmocht.at\/index.php?rest_route=%2Fwp%2Fv2%2Fmedia&parent=1170"}],"wp:term":[{"taxonomy":"product_brand","embeddable":true,"href":"https:\/\/mitliabsoewagmocht.at\/index.php?rest_route=%2Fwp%2Fv2%2Fproduct_brand&post=1170"},{"taxonomy":"product_cat","embeddable":true,"href":"https:\/\/mitliabsoewagmocht.at\/index.php?rest_route=%2Fwp%2Fv2%2Fproduct_cat&post=1170"},{"taxonomy":"product_tag","embeddable":true,"href":"https:\/\/mitliabsoewagmocht.at\/index.php?rest_route=%2Fwp%2Fv2%2Fproduct_tag&post=1170"}],"curies":[{"name":"wp","href":"https:\/\/api.w.org\/{rel}","templated":true}]}}