{"id":73,"date":"2018-11-09T07:13:31","date_gmt":"2018-11-09T07:13:31","guid":{"rendered":"http:\/\/mitliabsoewagmocht.at\/?page_id=73"},"modified":"2026-02-12T11:39:22","modified_gmt":"2026-02-12T11:39:22","slug":"maerkte-verkaufsstellen","status":"publish","type":"page","link":"https:\/\/mitliabsoewagmocht.at\/?page_id=73","title":{"rendered":"Woll-Infos"},"content":{"rendered":"\n<div class=\"wp-block-columns is-layout-flex wp-container-core-columns-is-layout-9d6595d7 wp-block-columns-is-layout-flex\">\n<div class=\"wp-block-column is-layout-flow wp-block-column-is-layout-flow\">\n<figure class=\"wp-block-image size-large\"><img loading=\"lazy\" decoding=\"async\" width=\"1024\" height=\"768\" src=\"https:\/\/mitliabsoewagmocht.at\/wp-content\/uploads\/2024\/06\/449119193_972365121565733_6152309469225670272_n-1024x768.jpg\" alt=\"\" class=\"wp-image-1865\" srcset=\"https:\/\/mitliabsoewagmocht.at\/wp-content\/uploads\/2024\/06\/449119193_972365121565733_6152309469225670272_n-1024x768.jpg 1024w, https:\/\/mitliabsoewagmocht.at\/wp-content\/uploads\/2024\/06\/449119193_972365121565733_6152309469225670272_n-300x225.jpg 300w, https:\/\/mitliabsoewagmocht.at\/wp-content\/uploads\/2024\/06\/449119193_972365121565733_6152309469225670272_n-768x576.jpg 768w, https:\/\/mitliabsoewagmocht.at\/wp-content\/uploads\/2024\/06\/449119193_972365121565733_6152309469225670272_n-1536x1152.jpg 1536w, https:\/\/mitliabsoewagmocht.at\/wp-content\/uploads\/2024\/06\/449119193_972365121565733_6152309469225670272_n-1140x855.jpg 1140w, https:\/\/mitliabsoewagmocht.at\/wp-content\/uploads\/2024\/06\/449119193_972365121565733_6152309469225670272_n-365x274.jpg 365w, https:\/\/mitliabsoewagmocht.at\/wp-content\/uploads\/2024\/06\/449119193_972365121565733_6152309469225670272_n.jpg 2048w\" sizes=\"auto, (max-width: 1024px) 100vw, 1024px\" \/><\/figure>\n<\/div>\n\n\n\n<div class=\"wp-block-column is-layout-flow wp-block-column-is-layout-flow\">\n<h3 class=\"wp-block-heading\">Wenn etwas kaputtgeht<\/h3>\n\n\n\n<p>Auch Handarbeit ist nicht unverw\u00fcstlich \u2013 doch vieles l\u00e4sst sich reparieren. Sollte deinem Filzkunstwerk einmal etwas passieren, melde dich gerne bei mir. Gemeinsam finden wir eine L\u00f6sung, damit dein St\u00fcck wieder Freude bereitet.<\/p>\n\n\n\n<p><strong>Bitte beachte:<\/strong> Die Versand- sowie Reparaturkosten (Material- und Zeitaufwand) werden vom Kunden getragen und sollten vorab mit mir abgestimmt werden.<\/p>\n<\/div>\n<\/div>\n\n\n\n<div class=\"wp-block-columns is-layout-flex wp-container-core-columns-is-layout-9d6595d7 wp-block-columns-is-layout-flex\">\n<div class=\"wp-block-column is-layout-flow wp-block-column-is-layout-flow\">\n<h3 class=\"wp-block-heading\">Pflegehinweise <\/h3>\n\n\n\n<p>Meine Filzobjekte sind <strong>keine Kinderspielzeuge<\/strong>. Bitte achte besonders auf kleine Teile, die verschluckt werden k\u00f6nnten.<\/p>\n\n\n\n<p>Sollten sich einmal einzelne Fasern l\u00f6sen, ziehe sie bitte nicht heraus, sondern schneide sie vorsichtig ab. Je nach Werkst\u00fcck kannst du es behutsam mit Dampf b\u00fcgeln. Wenn du Erfahrung im Umgang mit der Filznadel hast, lassen sich kleine Stellen auch vorsichtig nacharbeiten.<\/p>\n\n\n\n<p><strong>Ein pers\u00f6nlicher Tipp von mir:<\/strong> Etwas Haarspray kann helfen, die Fasern zu gl\u00e4tten und dem Werkst\u00fcck zus\u00e4tzliche Festigkeit zu geben.<\/p>\n<\/div>\n\n\n\n<div class=\"wp-block-column is-layout-flow wp-block-column-is-layout-flow\">\n<figure class=\"wp-block-image size-large\"><img loading=\"lazy\" decoding=\"async\" width=\"768\" height=\"1024\" src=\"https:\/\/mitliabsoewagmocht.at\/wp-content\/uploads\/2024\/12\/452838059_995487962586782_923376501029913251_n-768x1024.jpg\" alt=\"Sitzfleckerl\" class=\"wp-image-2161\" srcset=\"https:\/\/mitliabsoewagmocht.at\/wp-content\/uploads\/2024\/12\/452838059_995487962586782_923376501029913251_n-768x1024.jpg 768w, https:\/\/mitliabsoewagmocht.at\/wp-content\/uploads\/2024\/12\/452838059_995487962586782_923376501029913251_n-225x300.jpg 225w, https:\/\/mitliabsoewagmocht.at\/wp-content\/uploads\/2024\/12\/452838059_995487962586782_923376501029913251_n-1152x1536.jpg 1152w, https:\/\/mitliabsoewagmocht.at\/wp-content\/uploads\/2024\/12\/452838059_995487962586782_923376501029913251_n-1140x1520.jpg 1140w, https:\/\/mitliabsoewagmocht.at\/wp-content\/uploads\/2024\/12\/452838059_995487962586782_923376501029913251_n-365x487.jpg 365w, https:\/\/mitliabsoewagmocht.at\/wp-content\/uploads\/2024\/12\/452838059_995487962586782_923376501029913251_n.jpg 1536w\" sizes=\"auto, (max-width: 768px) 100vw, 768px\" \/><\/figure>\n<\/div>\n<\/div>\n\n\n\n<div class=\"wp-block-columns is-layout-flex wp-container-core-columns-is-layout-9d6595d7 wp-block-columns-is-layout-flex\">\n<div class=\"wp-block-column is-layout-flow wp-block-column-is-layout-flow\">\n<figure class=\"wp-block-image size-full\"><img loading=\"lazy\" decoding=\"async\" width=\"405\" height=\"257\" src=\"https:\/\/mitliabsoewagmocht.at\/wp-content\/uploads\/2023\/11\/cropped-378273572_774479091354338_112366448860835371_n.jpg\" alt=\"\" class=\"wp-image-1725\" srcset=\"https:\/\/mitliabsoewagmocht.at\/wp-content\/uploads\/2023\/11\/cropped-378273572_774479091354338_112366448860835371_n.jpg 405w, https:\/\/mitliabsoewagmocht.at\/wp-content\/uploads\/2023\/11\/cropped-378273572_774479091354338_112366448860835371_n-300x190.jpg 300w, https:\/\/mitliabsoewagmocht.at\/wp-content\/uploads\/2023\/11\/cropped-378273572_774479091354338_112366448860835371_n-365x232.jpg 365w\" sizes=\"auto, (max-width: 405px) 100vw, 405px\" \/><\/figure>\n<\/div>\n\n\n\n<div class=\"wp-block-column is-layout-flow wp-block-column-is-layout-flow\">\n<h3 class=\"wp-block-heading\">Gegen Motten hilft<\/h3>\n\n\n\n<p>Um dein Filzkunstwerk langfristig zu sch\u00fctzen, kannst du es&nbsp;<strong>f\u00fcr etwa 14 Tage in einer Box einfrieren<\/strong>&nbsp;\u2013 das h\u00e4lt Sch\u00e4dlinge fern.<\/p>\n\n\n\n<p>Hilfreiche Duft\u00f6le wie&nbsp;<strong>Lavendel, Kampfer oder Neem\u00f6l<\/strong>&nbsp;k\u00f6nnen zus\u00e4tzlich vorbeugend gegen Ungeziefer wirken.<\/p>\n\n\n\n<p>Keine Sorge:&nbsp;<strong>Bei Versand sind meine Werke nat\u00fcrlich mottenfrei!<\/strong><\/p>\n<\/div>\n<\/div>\n\n\n\n<div class=\"wp-block-columns is-layout-flex wp-container-core-columns-is-layout-9d6595d7 wp-block-columns-is-layout-flex\">\n<div class=\"wp-block-column is-layout-flow wp-block-column-is-layout-flow\">\n<h3 class=\"wp-block-heading\">Wo kommt die Wolle her?<\/h3>\n\n\n\n<p>Ich verwende Schafwolle aus ausgew\u00e4hlten Betrieben in \u00d6sterreich \u2013 <strong>denn das Wohl der Tiere liegt mir besonders am Herzen.<\/strong><\/p>\n\n\n\n<p>Den Gro\u00dfteil der Wolle beziehe ich bereits gewaschen, gef\u00e4rbt und kardiert. Ein kleiner Teil erreicht mich als Rohwolle, die ich selbst wasche und weiterverarbeite. <\/p>\n\n\n\n<p>So kann ich beispielsweise die nat\u00fcrlichen Locken bewahren, die ich f\u00fcr meine Tiernachbildungen verwende.<\/p>\n<\/div>\n\n\n\n<div class=\"wp-block-column is-layout-flow wp-block-column-is-layout-flow\">\n<figure class=\"wp-block-image size-large\"><img loading=\"lazy\" decoding=\"async\" width=\"768\" height=\"1024\" src=\"https:\/\/mitliabsoewagmocht.at\/wp-content\/uploads\/2023\/12\/369017415_760872739381640_356918452804727470_n-768x1024.jpg\" alt=\"Sitzfellchen\" class=\"wp-image-1726\" srcset=\"https:\/\/mitliabsoewagmocht.at\/wp-content\/uploads\/2023\/12\/369017415_760872739381640_356918452804727470_n-768x1024.jpg 768w, https:\/\/mitliabsoewagmocht.at\/wp-content\/uploads\/2023\/12\/369017415_760872739381640_356918452804727470_n-225x300.jpg 225w, https:\/\/mitliabsoewagmocht.at\/wp-content\/uploads\/2023\/12\/369017415_760872739381640_356918452804727470_n-1152x1536.jpg 1152w, https:\/\/mitliabsoewagmocht.at\/wp-content\/uploads\/2023\/12\/369017415_760872739381640_356918452804727470_n-1140x1520.jpg 1140w, https:\/\/mitliabsoewagmocht.at\/wp-content\/uploads\/2023\/12\/369017415_760872739381640_356918452804727470_n-365x487.jpg 365w, https:\/\/mitliabsoewagmocht.at\/wp-content\/uploads\/2023\/12\/369017415_760872739381640_356918452804727470_n.jpg 1536w\" sizes=\"auto, (max-width: 768px) 100vw, 768px\" \/><\/figure>\n<\/div>\n<\/div>\n\n\n\n<div class=\"wp-block-columns is-layout-flex wp-container-core-columns-is-layout-9d6595d7 wp-block-columns-is-layout-flex\">\n<div class=\"wp-block-column is-layout-flow wp-block-column-is-layout-flow\">\n<figure class=\"wp-block-image size-large\"><img loading=\"lazy\" decoding=\"async\" width=\"768\" height=\"1024\" src=\"https:\/\/mitliabsoewagmocht.at\/wp-content\/uploads\/2025\/01\/473309374_1127874069348170_3540357345000787007_n-768x1024.jpg\" alt=\"Walliser\" class=\"wp-image-2221\" srcset=\"https:\/\/mitliabsoewagmocht.at\/wp-content\/uploads\/2025\/01\/473309374_1127874069348170_3540357345000787007_n-768x1024.jpg 768w, https:\/\/mitliabsoewagmocht.at\/wp-content\/uploads\/2025\/01\/473309374_1127874069348170_3540357345000787007_n-225x300.jpg 225w, https:\/\/mitliabsoewagmocht.at\/wp-content\/uploads\/2025\/01\/473309374_1127874069348170_3540357345000787007_n-1152x1536.jpg 1152w, https:\/\/mitliabsoewagmocht.at\/wp-content\/uploads\/2025\/01\/473309374_1127874069348170_3540357345000787007_n-1140x1520.jpg 1140w, https:\/\/mitliabsoewagmocht.at\/wp-content\/uploads\/2025\/01\/473309374_1127874069348170_3540357345000787007_n-365x487.jpg 365w, https:\/\/mitliabsoewagmocht.at\/wp-content\/uploads\/2025\/01\/473309374_1127874069348170_3540357345000787007_n.jpg 1536w\" sizes=\"auto, (max-width: 768px) 100vw, 768px\" \/><\/figure>\n<\/div>\n\n\n\n<div class=\"wp-block-column is-layout-flow wp-block-column-is-layout-flow\">\n<h3 class=\"wp-block-heading\">Meine Woll-Lieferanten<\/h3>\n\n\n\n<p> <a href=\"https:\/\/www.schafwollzentrum.tirol\/\">https:\/\/www.schafwollzentrum.tirol\/<\/a> <\/p>\n\n\n\n<p><a href=\"https:\/\/www.filzwerkstatt.net\">https:\/\/www.filzwerkstatt.net<\/a> <\/p>\n\n\n\n<p><a href=\"https:\/\/www.diespindel.at\/\">https:\/\/www.diespindel.at\/<\/a><\/p>\n\n\n\n<p><\/p>\n\n\n\n<p>&#8230; und einige kleine landwirtschaftliche Betriebe in der Ges\u00e4useregion und K\u00e4rnten !<\/p>\n<\/div>\n<\/div>\n\n\n\n<p><\/p>\n","protected":false},"excerpt":{"rendered":"<p>Wenn etwas kaputtgeht Auch Handarbeit ist nicht unverw\u00fcstlich \u2013 doch vieles l\u00e4sst sich reparieren. Sollte deinem Filzkunstwerk einmal etwas passieren, melde dich gerne bei mir. Gemeinsam finden wir eine L\u00f6sung, damit dein St\u00fcck wieder Freude bereitet. Bitte beachte: Die Versand- sowie Reparaturkosten (Material- und Zeitaufwand) werden vom Kunden getragen und sollten vorab mit mir abgestimmt werden. Pflegehinweise Meine Filzobjekte sind keine Kinderspielzeuge. Bitte achte besonders auf kleine Teile, die verschluckt werden k\u00f6nnten. Sollten sich einmal einzelne Fasern l\u00f6sen, ziehe sie bitte nicht heraus, sondern schneide sie vorsichtig ab. Je nach Werkst\u00fcck kannst du es behutsam mit Dampf b\u00fcgeln. Wenn du Erfahrung im Umgang mit der Filznadel hast, lassen sich kleine Stellen auch vorsichtig nacharbeiten. Ein pers\u00f6nlicher Tipp von mir: Etwas Haarspray kann helfen, die Fasern zu gl\u00e4tten und dem Werkst\u00fcck zus\u00e4tzliche Festigkeit zu geben. Gegen Motten hilft Um dein Filzkunstwerk langfristig zu sch\u00fctzen, kannst du es&nbsp;f\u00fcr etwa 14 Tage in einer Box einfrieren&nbsp;\u2013 das h\u00e4lt Sch\u00e4dlinge fern. Hilfreiche Duft\u00f6le wie&nbsp;Lavendel, Kampfer oder Neem\u00f6l&nbsp;k\u00f6nnen zus\u00e4tzlich vorbeugend gegen Ungeziefer wirken. Keine Sorge:&nbsp;Bei Versand sind meine Werke nat\u00fcrlich mottenfrei! Wo kommt die Wolle her? Ich verwende Schafwolle aus ausgew\u00e4hlten Betrieben in \u00d6sterreich \u2013 denn das Wohl der Tiere liegt mir besonders am Herzen. Den Gro\u00dfteil der Wolle beziehe ich bereits gewaschen, gef\u00e4rbt und kardiert. Ein kleiner Teil erreicht mich als Rohwolle, die ich selbst wasche und weiterverarbeite. So kann ich beispielsweise die nat\u00fcrlichen Locken bewahren, die ich f\u00fcr meine Tiernachbildungen verwende. Meine Woll-Lieferanten https:\/\/www.schafwollzentrum.tirol\/ https:\/\/www.filzwerkstatt.net https:\/\/www.diespindel.at\/ &#8230; und einige kleine landwirtschaftliche Betriebe in der Ges\u00e4useregion und K\u00e4rnten !<\/p>\n","protected":false},"author":1,"featured_media":2648,"parent":2,"menu_order":0,"comment_status":"closed","ping_status":"closed","template":"","meta":{"footnotes":""},"class_list":["post-73","page","type-page","status-publish","has-post-thumbnail","hentry"],"acf":[],"_links":{"self":[{"href":"https:\/\/mitliabsoewagmocht.at\/index.php?rest_route=\/wp\/v2\/pages\/73","targetHints":{"allow":["GET"]}}],"collection":[{"href":"https:\/\/mitliabsoewagmocht.at\/index.php?rest_route=\/wp\/v2\/pages"}],"about":[{"href":"https:\/\/mitliabsoewagmocht.at\/index.php?rest_route=\/wp\/v2\/types\/page"}],"author":[{"embeddable":true,"href":"https:\/\/mitliabsoewagmocht.at\/index.php?rest_route=\/wp\/v2\/users\/1"}],"replies":[{"embeddable":true,"href":"https:\/\/mitliabsoewagmocht.at\/index.php?rest_route=%2Fwp%2Fv2%2Fcomments&post=73"}],"version-history":[{"count":72,"href":"https:\/\/mitliabsoewagmocht.at\/index.php?rest_route=\/wp\/v2\/pages\/73\/revisions"}],"predecessor-version":[{"id":2816,"href":"https:\/\/mitliabsoewagmocht.at\/index.php?rest_route=\/wp\/v2\/pages\/73\/revisions\/2816"}],"up":[{"embeddable":true,"href":"https:\/\/mitliabsoewagmocht.at\/index.php?rest_route=\/wp\/v2\/pages\/2"}],"wp:featuredmedia":[{"embeddable":true,"href":"https:\/\/mitliabsoewagmocht.at\/index.php?rest_route=\/wp\/v2\/media\/2648"}],"wp:attachment":[{"href":"https:\/\/mitliabsoewagmocht.at\/index.php?rest_route=%2Fwp%2Fv2%2Fmedia&parent=73"}],"curies":[{"name":"wp","href":"https:\/\/api.w.org\/{rel}","templated":true}]}}