{"id":55,"date":"2018-11-09T07:00:43","date_gmt":"2018-11-09T07:00:43","guid":{"rendered":"http:\/\/mitliabsoewagmocht.at\/?page_id=55"},"modified":"2026-03-09T20:42:09","modified_gmt":"2026-03-09T20:42:09","slug":"kunsthandwerk","status":"publish","type":"page","link":"https:\/\/mitliabsoewagmocht.at\/?page_id=55","title":{"rendered":"Filzkunst"},"content":{"rendered":"\n<p class=\"has-text-align-center\">. . .<\/p>\n\n\n\n<p class=\"has-text-align-center\"><strong><em>&#8222;Jedes Kunstwerk ist eigentlich eine Skizze, die erst durch unsere Fantasie vollendet wird.&#8220;<\/em><\/strong><\/p>\n\n\n\n<p class=\"has-text-align-center\"><em>Zitat \/ Sigmund Graff<\/em><\/p>\n\n\n\n<p class=\"has-text-align-center\">. . .<\/p>\n\n\n\n<div class=\"wp-block-columns is-layout-flex wp-container-core-columns-is-layout-9d6595d7 wp-block-columns-is-layout-flex\">\n<div class=\"wp-block-column is-layout-flow wp-block-column-is-layout-flow\">\n<figure class=\"wp-block-image size-large\"><img loading=\"lazy\" decoding=\"async\" width=\"768\" height=\"1024\" src=\"https:\/\/mitliabsoewagmocht.at\/wp-content\/uploads\/2024\/12\/20230507_161014-768x1024.jpg\" alt=\"\" class=\"wp-image-2108\" srcset=\"https:\/\/mitliabsoewagmocht.at\/wp-content\/uploads\/2024\/12\/20230507_161014-768x1024.jpg 768w, https:\/\/mitliabsoewagmocht.at\/wp-content\/uploads\/2024\/12\/20230507_161014-225x300.jpg 225w, https:\/\/mitliabsoewagmocht.at\/wp-content\/uploads\/2024\/12\/20230507_161014-1152x1536.jpg 1152w, https:\/\/mitliabsoewagmocht.at\/wp-content\/uploads\/2024\/12\/20230507_161014-1536x2048.jpg 1536w, https:\/\/mitliabsoewagmocht.at\/wp-content\/uploads\/2024\/12\/20230507_161014-1140x1520.jpg 1140w, https:\/\/mitliabsoewagmocht.at\/wp-content\/uploads\/2024\/12\/20230507_161014-365x487.jpg 365w, https:\/\/mitliabsoewagmocht.at\/wp-content\/uploads\/2024\/12\/20230507_161014-scaled.jpg 1920w\" sizes=\"auto, (max-width: 768px) 100vw, 768px\" \/><\/figure>\n<\/div>\n\n\n\n<div class=\"wp-block-column is-layout-flow wp-block-column-is-layout-flow\">\n<h3 class=\"wp-block-heading\">Meine Geschichte ..<\/h3>\n\n\n\n<p>Die, die mich kennen, wissen: Ich bin kein Mensch vieler Worte.  Auf lange Listen und Titel verzichte ich bewusst. Alles, was ich je gelernt habe, war von Kreativit\u00e4t, Neugier und dem Wunsch gepr\u00e4gt, etwas Eigenes zu erschaffen.<\/p>\n\n\n\n<p>\u00dcber viele Jahre hinweg hat mich mein Weg schlie\u00dflich zur Schafwolle gef\u00fchrt. Ein Material, das erdet, w\u00e4rmt und lebt. Seit \u00fcber 10 Jahren arbeite ich nun als Filzk\u00fcnstlerin \u2013 und habe darin nicht nur ein Handwerk, sondern meine Leidenschaft gefunden.<\/p>\n\n\n\n<p>Wenn man sich in der Arbeit verliert, die Zeit stillzustehen scheint und aus einem Gef\u00fchl heraus etwas entsteht, dann wei\u00df man tief im Inneren:&nbsp;<strong>.. es ist richtig!<\/strong><\/p>\n<\/div>\n<\/div>\n\n\n\n<div class=\"wp-block-columns is-layout-flex wp-container-core-columns-is-layout-9d6595d7 wp-block-columns-is-layout-flex\">\n<div class=\"wp-block-column is-layout-flow wp-block-column-is-layout-flow\">\n<h3 class=\"wp-block-heading\">Liebe zum Detail<\/h3>\n\n\n\n<p>Mit viel Geduld, Leidenschaft und Liebe zum Material entstehen aus einer Idee \u00fcber die Skizze und viele einzelne Arbeitsschritte&nbsp;<strong>einzigartige, detailverliebte Filzkunstwerke<\/strong>.<\/p>\n\n\n\n<p>Manchmal braucht es schon mehrere Tage, um ein einzelnes St\u00fcck wie den Flussuferl\u00e4ufer (siehe Bild) fertigzustellen \u2013 je nach Gr\u00f6\u00dfe und Art des Werkst\u00fccks ist Zeit ein wesentlicher Faktor.<\/p>\n\n\n\n<p>Hochwertige Filzkunst braucht <strong>Zeit, heimische Wolle, Kreativit\u00e4t und handwerkliche Fertigkeiten<\/strong>. Der Preis spiegelt diesen Aufwand wider \u2013 jedes St\u00fcck ist ein sorgf\u00e4ltig gefertigtes Unikat.<\/p>\n<\/div>\n\n\n\n<div class=\"wp-block-column is-layout-flow wp-block-column-is-layout-flow\">\n<figure class=\"wp-block-image size-large\"><img loading=\"lazy\" decoding=\"async\" width=\"768\" height=\"1024\" src=\"https:\/\/mitliabsoewagmocht.at\/wp-content\/uploads\/2024\/04\/435379125_913542574114655_2352101294294751659_n-768x1024.jpg\" alt=\"Nadelgefilzter Flussuferl\u00e4ufer\" class=\"wp-image-1819\" srcset=\"https:\/\/mitliabsoewagmocht.at\/wp-content\/uploads\/2024\/04\/435379125_913542574114655_2352101294294751659_n-768x1024.jpg 768w, https:\/\/mitliabsoewagmocht.at\/wp-content\/uploads\/2024\/04\/435379125_913542574114655_2352101294294751659_n-225x300.jpg 225w, https:\/\/mitliabsoewagmocht.at\/wp-content\/uploads\/2024\/04\/435379125_913542574114655_2352101294294751659_n-1152x1536.jpg 1152w, https:\/\/mitliabsoewagmocht.at\/wp-content\/uploads\/2024\/04\/435379125_913542574114655_2352101294294751659_n-1140x1520.jpg 1140w, https:\/\/mitliabsoewagmocht.at\/wp-content\/uploads\/2024\/04\/435379125_913542574114655_2352101294294751659_n-365x487.jpg 365w, https:\/\/mitliabsoewagmocht.at\/wp-content\/uploads\/2024\/04\/435379125_913542574114655_2352101294294751659_n.jpg 1536w\" sizes=\"auto, (max-width: 768px) 100vw, 768px\" \/><\/figure>\n<\/div>\n<\/div>\n\n\n\n<div class=\"wp-block-columns is-layout-flex wp-container-core-columns-is-layout-9d6595d7 wp-block-columns-is-layout-flex\">\n<div class=\"wp-block-column is-layout-flow wp-block-column-is-layout-flow\">\n<figure class=\"wp-block-image size-large\"><img loading=\"lazy\" decoding=\"async\" width=\"1024\" height=\"768\" src=\"https:\/\/mitliabsoewagmocht.at\/wp-content\/uploads\/2024\/10\/462601504_1059277202874524_924500422623890703_n-1024x768.jpg\" alt=\"Krickente\" class=\"wp-image-1909\" srcset=\"https:\/\/mitliabsoewagmocht.at\/wp-content\/uploads\/2024\/10\/462601504_1059277202874524_924500422623890703_n-1024x768.jpg 1024w, https:\/\/mitliabsoewagmocht.at\/wp-content\/uploads\/2024\/10\/462601504_1059277202874524_924500422623890703_n-300x225.jpg 300w, https:\/\/mitliabsoewagmocht.at\/wp-content\/uploads\/2024\/10\/462601504_1059277202874524_924500422623890703_n-768x576.jpg 768w, https:\/\/mitliabsoewagmocht.at\/wp-content\/uploads\/2024\/10\/462601504_1059277202874524_924500422623890703_n-1536x1152.jpg 1536w, https:\/\/mitliabsoewagmocht.at\/wp-content\/uploads\/2024\/10\/462601504_1059277202874524_924500422623890703_n-1140x855.jpg 1140w, https:\/\/mitliabsoewagmocht.at\/wp-content\/uploads\/2024\/10\/462601504_1059277202874524_924500422623890703_n-365x274.jpg 365w, https:\/\/mitliabsoewagmocht.at\/wp-content\/uploads\/2024\/10\/462601504_1059277202874524_924500422623890703_n.jpg 2048w\" sizes=\"auto, (max-width: 1024px) 100vw, 1024px\" \/><\/figure>\n<\/div>\n\n\n\n<div class=\"wp-block-column is-layout-flow wp-block-column-is-layout-flow\">\n<h3 class=\"wp-block-heading\">Einzigartig<\/h3>\n\n\n\n<p>Kein St\u00fcck gleicht dem anderen \u2013 selbst wenn mehrere Werke in derselben Art entstehen.<\/p>\n\n\n\n<p>Wir sind keine Maschinen, und echte Handarbeit spiegelt das wieder. <\/p>\n\n\n\n<p>Jedes meiner Filzkunstwerke ist ein&nbsp;<strong>liebevoll gefertigtes Unikat<\/strong>, das seine eigene Pers\u00f6nlichkeit tr\u00e4gt.<\/p>\n<\/div>\n<\/div>\n\n\n\n<div class=\"wp-block-columns is-layout-flex wp-container-core-columns-is-layout-9d6595d7 wp-block-columns-is-layout-flex\">\n<div class=\"wp-block-column is-layout-flow wp-block-column-is-layout-flow\" style=\"flex-basis:100%\">\n<div class=\"wp-block-columns is-layout-flex wp-container-core-columns-is-layout-9d6595d7 wp-block-columns-is-layout-flex\">\n<div class=\"wp-block-column is-layout-flow wp-block-column-is-layout-flow\">\n<h3 class=\"wp-block-heading\">Warum meine Produkte?<\/h3>\n\n\n\n<p>Ich nehme mir Zeit f\u00fcr jedes einzelne St\u00fcck und gehe auf deine W\u00fcnsche ein. Jedes Werk entsteht mit&nbsp;<strong>viel Liebe zum Detail<\/strong>&nbsp;\u2013 kein St\u00fcck gleicht dem anderen.<\/p>\n\n\n\n<p>Ich arbeite mit&nbsp;<strong>regionalen, nat\u00fcrlichen Materialien<\/strong>&nbsp;und achte bewusst auf die Umwelt. Meine Produkte sind&nbsp;<strong>kompostierbar<\/strong>, nachhaltig und frei von Massenware. Ich fertige keine Duplikate von Kolleginnen oder Kollegen an \u2013 jedes Filzkunstwerk ist ein&nbsp;<strong>echtes Einzelst\u00fcck<\/strong>.<\/p>\n\n\n\n<p>Mit deinem Kauf unterst\u00fctzt du mich als <strong>Kleinunternehmerin<\/strong>&nbsp;und meine Leidenschaft f\u00fcr handgemachte Kunst. Ich verwende&nbsp;<strong>nachwachsende Rohstoffe<\/strong>, arbeite bewusst und mit Freude \u2013 und genau das sp\u00fcrt man in jedem meiner St\u00fccke.<\/p>\n<\/div>\n\n\n\n<div class=\"wp-block-column is-layout-flow wp-block-column-is-layout-flow\">\n<figure class=\"wp-block-image size-large\"><img loading=\"lazy\" decoding=\"async\" width=\"768\" height=\"1024\" src=\"https:\/\/mitliabsoewagmocht.at\/wp-content\/uploads\/2024\/12\/465675246_1083353227133588_3904739810913763903_n-768x1024.jpg\" alt=\"Hund\" class=\"wp-image-2129\" srcset=\"https:\/\/mitliabsoewagmocht.at\/wp-content\/uploads\/2024\/12\/465675246_1083353227133588_3904739810913763903_n-768x1024.jpg 768w, https:\/\/mitliabsoewagmocht.at\/wp-content\/uploads\/2024\/12\/465675246_1083353227133588_3904739810913763903_n-225x300.jpg 225w, https:\/\/mitliabsoewagmocht.at\/wp-content\/uploads\/2024\/12\/465675246_1083353227133588_3904739810913763903_n-1152x1536.jpg 1152w, https:\/\/mitliabsoewagmocht.at\/wp-content\/uploads\/2024\/12\/465675246_1083353227133588_3904739810913763903_n-1140x1520.jpg 1140w, https:\/\/mitliabsoewagmocht.at\/wp-content\/uploads\/2024\/12\/465675246_1083353227133588_3904739810913763903_n-365x487.jpg 365w, https:\/\/mitliabsoewagmocht.at\/wp-content\/uploads\/2024\/12\/465675246_1083353227133588_3904739810913763903_n.jpg 1536w\" sizes=\"auto, (max-width: 768px) 100vw, 768px\" \/><\/figure>\n<\/div>\n<\/div>\n<\/div>\n<\/div>\n\n\n\n<hr class=\"wp-block-separator has-alpha-channel-opacity\"\/>\n\n\n\n<h3 class=\"wp-block-heading\">Zeitungsartikel in den EnnsSeiten 2025<\/h3>\n\n\n\n<p>Artikel (c) <a href=\"http:\/\/www.ennsseiten.at\" data-type=\"link\" data-id=\"www.ennsseiten.at\">www.EnnsSeiten.at<\/a><\/p>\n\n\n\n<figure class=\"wp-block-image size-large is-resized\"><img loading=\"lazy\" decoding=\"async\" width=\"715\" height=\"1024\" src=\"https:\/\/mitliabsoewagmocht.at\/wp-content\/uploads\/2025\/10\/564046644_122142808952817694_2582040702583896505_n-1-715x1024.jpg\" alt=\"\" class=\"wp-image-2476\" style=\"width:603px;height:auto\" srcset=\"https:\/\/mitliabsoewagmocht.at\/wp-content\/uploads\/2025\/10\/564046644_122142808952817694_2582040702583896505_n-1-715x1024.jpg 715w, https:\/\/mitliabsoewagmocht.at\/wp-content\/uploads\/2025\/10\/564046644_122142808952817694_2582040702583896505_n-1-209x300.jpg 209w, https:\/\/mitliabsoewagmocht.at\/wp-content\/uploads\/2025\/10\/564046644_122142808952817694_2582040702583896505_n-1-768x1100.jpg 768w, https:\/\/mitliabsoewagmocht.at\/wp-content\/uploads\/2025\/10\/564046644_122142808952817694_2582040702583896505_n-1-1072x1536.jpg 1072w, https:\/\/mitliabsoewagmocht.at\/wp-content\/uploads\/2025\/10\/564046644_122142808952817694_2582040702583896505_n-1-365x523.jpg 365w, https:\/\/mitliabsoewagmocht.at\/wp-content\/uploads\/2025\/10\/564046644_122142808952817694_2582040702583896505_n-1.jpg 1080w\" sizes=\"auto, (max-width: 715px) 100vw, 715px\" \/><\/figure>\n\n\n\n<hr class=\"wp-block-separator has-alpha-channel-opacity\"\/>\n\n\n\n<p class=\"has-text-align-left\">Aktuelle Filzprojekte und Einzelst\u00fccke findet Ihr auch auf meiner Facebook-Seite unter:&nbsp;<\/p>\n\n\n\n<p class=\"has-text-align-left\"><a href=\"https:\/\/www.facebook.com\/profile.php?id=61574530835110\">https:\/\/www.facebook.com<\/a> <\/p>\n\n\n\n<p><a href=\"https:\/\/www.instagram.com\/dorisremschak\/\">https:\/\/www.instagram.com\/dorisremschak\/<\/a><\/p>\n\n\n\n<p class=\"has-text-align-center\">. . .<\/p>\n\n\n\n<p><\/p>\n","protected":false},"excerpt":{"rendered":"<p>. . . &#8222;Jedes Kunstwerk ist eigentlich eine Skizze, die erst durch unsere Fantasie vollendet wird.&#8220; Zitat \/ Sigmund Graff . . . Meine Geschichte .. Die, die mich kennen, wissen: Ich bin kein Mensch vieler Worte. Auf lange Listen und Titel verzichte ich bewusst. Alles, was ich je gelernt habe, war von Kreativit\u00e4t, Neugier und dem Wunsch gepr\u00e4gt, etwas Eigenes zu erschaffen. \u00dcber viele Jahre hinweg hat mich mein Weg schlie\u00dflich zur Schafwolle gef\u00fchrt. Ein Material, das erdet, w\u00e4rmt und lebt. Seit \u00fcber 10 Jahren arbeite ich nun als Filzk\u00fcnstlerin \u2013 und habe darin nicht nur ein Handwerk, sondern meine Leidenschaft gefunden. Wenn man sich in der Arbeit verliert, die Zeit stillzustehen scheint und aus einem Gef\u00fchl heraus etwas entsteht, dann wei\u00df man tief im Inneren:&nbsp;.. es ist richtig! Liebe zum Detail Mit viel Geduld, Leidenschaft und Liebe zum Material entstehen aus einer Idee \u00fcber die Skizze und viele einzelne Arbeitsschritte&nbsp;einzigartige, detailverliebte Filzkunstwerke. Manchmal braucht es schon mehrere Tage, um ein einzelnes St\u00fcck wie den Flussuferl\u00e4ufer (siehe Bild) fertigzustellen \u2013 je nach Gr\u00f6\u00dfe und Art des Werkst\u00fccks ist Zeit ein wesentlicher Faktor. Hochwertige Filzkunst braucht Zeit, heimische Wolle, Kreativit\u00e4t und handwerkliche Fertigkeiten. Der Preis spiegelt diesen Aufwand wider \u2013 jedes St\u00fcck ist ein sorgf\u00e4ltig gefertigtes Unikat. Einzigartig Kein St\u00fcck gleicht dem anderen \u2013 selbst wenn mehrere Werke in derselben Art entstehen. Wir sind keine Maschinen, und echte Handarbeit spiegelt das wieder. Jedes meiner Filzkunstwerke ist ein&nbsp;liebevoll gefertigtes Unikat, das seine eigene Pers\u00f6nlichkeit tr\u00e4gt. Warum meine Produkte? Ich nehme mir Zeit f\u00fcr jedes einzelne St\u00fcck und gehe auf deine W\u00fcnsche ein. Jedes Werk entsteht mit&nbsp;viel Liebe zum Detail&nbsp;\u2013 kein St\u00fcck gleicht dem anderen. Ich arbeite mit&nbsp;regionalen, nat\u00fcrlichen Materialien&nbsp;und achte bewusst auf die Umwelt. Meine Produkte sind&nbsp;kompostierbar, nachhaltig und frei von Massenware. Ich fertige keine Duplikate von Kolleginnen oder Kollegen an \u2013 jedes Filzkunstwerk ist ein&nbsp;echtes Einzelst\u00fcck. Mit deinem Kauf unterst\u00fctzt du mich als Kleinunternehmerin&nbsp;und meine Leidenschaft f\u00fcr handgemachte Kunst. Ich verwende&nbsp;nachwachsende Rohstoffe, arbeite bewusst und mit Freude \u2013 und genau das sp\u00fcrt man in jedem meiner St\u00fccke. Zeitungsartikel in den EnnsSeiten 2025 Artikel (c) www.EnnsSeiten.at Aktuelle Filzprojekte und Einzelst\u00fccke findet Ihr auch auf meiner Facebook-Seite unter:&nbsp; https:\/\/www.facebook.com https:\/\/www.instagram.com\/dorisremschak\/ . . .<\/p>\n","protected":false},"author":1,"featured_media":2452,"parent":2,"menu_order":0,"comment_status":"closed","ping_status":"closed","template":"","meta":{"footnotes":""},"class_list":["post-55","page","type-page","status-publish","has-post-thumbnail","hentry"],"acf":[],"_links":{"self":[{"href":"https:\/\/mitliabsoewagmocht.at\/index.php?rest_route=\/wp\/v2\/pages\/55","targetHints":{"allow":["GET"]}}],"collection":[{"href":"https:\/\/mitliabsoewagmocht.at\/index.php?rest_route=\/wp\/v2\/pages"}],"about":[{"href":"https:\/\/mitliabsoewagmocht.at\/index.php?rest_route=\/wp\/v2\/types\/page"}],"author":[{"embeddable":true,"href":"https:\/\/mitliabsoewagmocht.at\/index.php?rest_route=\/wp\/v2\/users\/1"}],"replies":[{"embeddable":true,"href":"https:\/\/mitliabsoewagmocht.at\/index.php?rest_route=%2Fwp%2Fv2%2Fcomments&post=55"}],"version-history":[{"count":109,"href":"https:\/\/mitliabsoewagmocht.at\/index.php?rest_route=\/wp\/v2\/pages\/55\/revisions"}],"predecessor-version":[{"id":2847,"href":"https:\/\/mitliabsoewagmocht.at\/index.php?rest_route=\/wp\/v2\/pages\/55\/revisions\/2847"}],"up":[{"embeddable":true,"href":"https:\/\/mitliabsoewagmocht.at\/index.php?rest_route=\/wp\/v2\/pages\/2"}],"wp:featuredmedia":[{"embeddable":true,"href":"https:\/\/mitliabsoewagmocht.at\/index.php?rest_route=\/wp\/v2\/media\/2452"}],"wp:attachment":[{"href":"https:\/\/mitliabsoewagmocht.at\/index.php?rest_route=%2Fwp%2Fv2%2Fmedia&parent=55"}],"curies":[{"name":"wp","href":"https:\/\/api.w.org\/{rel}","templated":true}]}}