{"id":2923,"date":"2026-05-08T17:17:44","date_gmt":"2026-05-08T17:17:44","guid":{"rendered":"https:\/\/mitliabsoewagmocht.at\/?page_id=2923"},"modified":"2026-05-09T01:36:08","modified_gmt":"2026-05-09T01:36:08","slug":"black-sheep","status":"publish","type":"page","link":"https:\/\/mitliabsoewagmocht.at\/?page_id=2923","title":{"rendered":"BLACK SHEEP"},"content":{"rendered":"\n<p>#schwarzes Schaf &#8211; Eine Filzkunst-Wanderausstellung trifft auf junges Naturstorytelling &#8211; eine Kooperation von &#8222;Mit Liab s\u00f6wa gmocht&#8220; und YOUth FOR NATURE vom Nationalpark Ges\u00e4use.<\/p>\n\n\n\n<p>LASSEN SIE SICH BEI EINER EINST\u00dcNDIGEN AUSSTELLUNG MIT STORYTELLING VERZAUBERN UND ENTDECKEN SIE DAS SCHAF AUS EINER V\u00d6LLIG NEUEN PERSPEKTIVE.<\/p>\n\n\n\n<div class=\"wp-block-columns is-layout-flex wp-container-core-columns-is-layout-9d6595d7 wp-block-columns-is-layout-flex\">\n<div class=\"wp-block-column is-layout-flow wp-block-column-is-layout-flow\">\n<figure class=\"wp-block-image size-large\"><img loading=\"lazy\" decoding=\"async\" width=\"722\" height=\"1024\" src=\"https:\/\/mitliabsoewagmocht.at\/wp-content\/uploads\/2026\/02\/blacksheep2026.eroeffnung.seite1_-722x1024.jpg\" alt=\"\" class=\"wp-image-2789\" srcset=\"https:\/\/mitliabsoewagmocht.at\/wp-content\/uploads\/2026\/02\/blacksheep2026.eroeffnung.seite1_-722x1024.jpg 722w, https:\/\/mitliabsoewagmocht.at\/wp-content\/uploads\/2026\/02\/blacksheep2026.eroeffnung.seite1_-211x300.jpg 211w, https:\/\/mitliabsoewagmocht.at\/wp-content\/uploads\/2026\/02\/blacksheep2026.eroeffnung.seite1_-768x1090.jpg 768w, https:\/\/mitliabsoewagmocht.at\/wp-content\/uploads\/2026\/02\/blacksheep2026.eroeffnung.seite1_-1083x1536.jpg 1083w, https:\/\/mitliabsoewagmocht.at\/wp-content\/uploads\/2026\/02\/blacksheep2026.eroeffnung.seite1_-1444x2048.jpg 1444w, https:\/\/mitliabsoewagmocht.at\/wp-content\/uploads\/2026\/02\/blacksheep2026.eroeffnung.seite1_-1140x1617.jpg 1140w, https:\/\/mitliabsoewagmocht.at\/wp-content\/uploads\/2026\/02\/blacksheep2026.eroeffnung.seite1_-365x518.jpg 365w, https:\/\/mitliabsoewagmocht.at\/wp-content\/uploads\/2026\/02\/blacksheep2026.eroeffnung.seite1_.jpg 1748w\" sizes=\"auto, (max-width: 722px) 100vw, 722px\" \/><\/figure>\n<\/div>\n\n\n\n<div class=\"wp-block-column is-layout-flow wp-block-column-is-layout-flow\">\n<figure class=\"wp-block-image size-large\"><img loading=\"lazy\" decoding=\"async\" width=\"727\" height=\"1024\" src=\"https:\/\/mitliabsoewagmocht.at\/wp-content\/uploads\/2026\/02\/blacksheep2026.eroeffnung.seite2_-1-727x1024.jpg\" alt=\"Filzkunstwanderausstellung\" class=\"wp-image-2791\" srcset=\"https:\/\/mitliabsoewagmocht.at\/wp-content\/uploads\/2026\/02\/blacksheep2026.eroeffnung.seite2_-1-727x1024.jpg 727w, https:\/\/mitliabsoewagmocht.at\/wp-content\/uploads\/2026\/02\/blacksheep2026.eroeffnung.seite2_-1-213x300.jpg 213w, https:\/\/mitliabsoewagmocht.at\/wp-content\/uploads\/2026\/02\/blacksheep2026.eroeffnung.seite2_-1-768x1081.jpg 768w, https:\/\/mitliabsoewagmocht.at\/wp-content\/uploads\/2026\/02\/blacksheep2026.eroeffnung.seite2_-1-1091x1536.jpg 1091w, https:\/\/mitliabsoewagmocht.at\/wp-content\/uploads\/2026\/02\/blacksheep2026.eroeffnung.seite2_-1-1455x2048.jpg 1455w, https:\/\/mitliabsoewagmocht.at\/wp-content\/uploads\/2026\/02\/blacksheep2026.eroeffnung.seite2_-1-1140x1605.jpg 1140w, https:\/\/mitliabsoewagmocht.at\/wp-content\/uploads\/2026\/02\/blacksheep2026.eroeffnung.seite2_-1-365x514.jpg 365w, https:\/\/mitliabsoewagmocht.at\/wp-content\/uploads\/2026\/02\/blacksheep2026.eroeffnung.seite2_-1.jpg 1795w\" sizes=\"auto, (max-width: 727px) 100vw, 727px\" \/><\/figure>\n<\/div>\n<\/div>\n\n\n\n<h3 class=\"wp-block-heading\">BUCHBARE FILZKUNST-WANDERAUSSTELLUNG<\/h3>\n\n\n\n<p>10 Jahre &#8222;Mit Liab s\u00f6wa gmocht&#8220;- Filzkunst von Doris Remschak geh\u00f6rt gefeiert. Daher gibt es die M\u00f6glichkeit, die Wanderausstellung kostenlos zu buchen. Freiwillige Spenden gehen dabei an YOUth FOR NATURE.<\/p>\n\n\n\n<p>Sie l\u00e4sst sich gut in jeden Betrieb\/Veranstaltung integrieren und wird durch eine einst\u00fcndige F\u00fchrung mit Storytelling begleitet. Nat\u00fcrlich kann man die Ausstellung auch ganz f\u00fcr sich allein genie\u00dfen. Dabei hat man die M\u00f6glichkeit, die Texte selbst zu lesen oder sie sich per QR-Code direkt am Handy vorlesen zu lassen.<\/p>\n\n\n\n<p>Die Wanderausstellung ist f\u00fcr INDOOR und OUTDOOR gleicherma\u00dfen geeignet. Bei Interesse einfach einen Termin mit Doris Remschak von &#8222;Mit Liab s\u00f6wa gmocht&#8220; vereinbaren. <a href=\"mailto:doris.remschak@twin.at\">doris.remschak@twin.at<\/a><\/p>\n\n\n\n<p><strong><em>Gebuchte Termine siehe Liste rechts &gt;<\/em><\/strong> <em>(Teile der Ausstellung werden zudem auf Kunsthandwerksm\u00e4rkten pr\u00e4sentiert)<\/em><\/p>\n\n\n\n<figure class=\"wp-block-gallery has-nested-images columns-default is-cropped wp-block-gallery-1 is-layout-flex wp-block-gallery-is-layout-flex\">\n<figure class=\"wp-block-image size-large\"><img loading=\"lazy\" decoding=\"async\" width=\"1024\" height=\"1024\" data-id=\"2983\" src=\"https:\/\/mitliabsoewagmocht.at\/wp-content\/uploads\/2026\/05\/686849188_18096704594121454_8516743611241586_n-1.webp-1024x1024.jpeg\" alt=\"black sheep\" class=\"wp-image-2983\" srcset=\"https:\/\/mitliabsoewagmocht.at\/wp-content\/uploads\/2026\/05\/686849188_18096704594121454_8516743611241586_n-1.webp-1024x1024.jpeg 1024w, https:\/\/mitliabsoewagmocht.at\/wp-content\/uploads\/2026\/05\/686849188_18096704594121454_8516743611241586_n-1.webp-300x300.jpeg 300w, https:\/\/mitliabsoewagmocht.at\/wp-content\/uploads\/2026\/05\/686849188_18096704594121454_8516743611241586_n-1.webp-150x150.jpeg 150w, https:\/\/mitliabsoewagmocht.at\/wp-content\/uploads\/2026\/05\/686849188_18096704594121454_8516743611241586_n-1.webp-768x768.jpeg 768w, https:\/\/mitliabsoewagmocht.at\/wp-content\/uploads\/2026\/05\/686849188_18096704594121454_8516743611241586_n-1.webp-75x75.jpeg 75w, https:\/\/mitliabsoewagmocht.at\/wp-content\/uploads\/2026\/05\/686849188_18096704594121454_8516743611241586_n-1.webp-365x365.jpeg 365w, https:\/\/mitliabsoewagmocht.at\/wp-content\/uploads\/2026\/05\/686849188_18096704594121454_8516743611241586_n-1.webp-100x100.jpeg 100w, https:\/\/mitliabsoewagmocht.at\/wp-content\/uploads\/2026\/05\/686849188_18096704594121454_8516743611241586_n-1.webp.jpeg 1080w\" sizes=\"auto, (max-width: 1024px) 100vw, 1024px\" \/><\/figure>\n\n\n\n<figure class=\"wp-block-image size-large\"><img loading=\"lazy\" decoding=\"async\" width=\"1024\" height=\"1024\" data-id=\"2984\" src=\"https:\/\/mitliabsoewagmocht.at\/wp-content\/uploads\/2026\/05\/663287879_18096704585121454_9029595608683376575_n.webp-1024x1024.jpeg\" alt=\"black sheep\" class=\"wp-image-2984\" srcset=\"https:\/\/mitliabsoewagmocht.at\/wp-content\/uploads\/2026\/05\/663287879_18096704585121454_9029595608683376575_n.webp-1024x1024.jpeg 1024w, https:\/\/mitliabsoewagmocht.at\/wp-content\/uploads\/2026\/05\/663287879_18096704585121454_9029595608683376575_n.webp-300x300.jpeg 300w, https:\/\/mitliabsoewagmocht.at\/wp-content\/uploads\/2026\/05\/663287879_18096704585121454_9029595608683376575_n.webp-150x150.jpeg 150w, https:\/\/mitliabsoewagmocht.at\/wp-content\/uploads\/2026\/05\/663287879_18096704585121454_9029595608683376575_n.webp-768x768.jpeg 768w, https:\/\/mitliabsoewagmocht.at\/wp-content\/uploads\/2026\/05\/663287879_18096704585121454_9029595608683376575_n.webp-75x75.jpeg 75w, https:\/\/mitliabsoewagmocht.at\/wp-content\/uploads\/2026\/05\/663287879_18096704585121454_9029595608683376575_n.webp-365x365.jpeg 365w, https:\/\/mitliabsoewagmocht.at\/wp-content\/uploads\/2026\/05\/663287879_18096704585121454_9029595608683376575_n.webp-100x100.jpeg 100w, https:\/\/mitliabsoewagmocht.at\/wp-content\/uploads\/2026\/05\/663287879_18096704585121454_9029595608683376575_n.webp.jpeg 1080w\" sizes=\"auto, (max-width: 1024px) 100vw, 1024px\" \/><\/figure>\n\n\n\n<figure class=\"wp-block-image size-large\"><img loading=\"lazy\" decoding=\"async\" width=\"1024\" height=\"1024\" data-id=\"2985\" src=\"https:\/\/mitliabsoewagmocht.at\/wp-content\/uploads\/2026\/05\/687310298_18096704543121454_1136557960371068081_n.webp-1024x1024.jpeg\" alt=\"black sheep\" class=\"wp-image-2985\" srcset=\"https:\/\/mitliabsoewagmocht.at\/wp-content\/uploads\/2026\/05\/687310298_18096704543121454_1136557960371068081_n.webp-1024x1024.jpeg 1024w, https:\/\/mitliabsoewagmocht.at\/wp-content\/uploads\/2026\/05\/687310298_18096704543121454_1136557960371068081_n.webp-300x300.jpeg 300w, https:\/\/mitliabsoewagmocht.at\/wp-content\/uploads\/2026\/05\/687310298_18096704543121454_1136557960371068081_n.webp-150x150.jpeg 150w, https:\/\/mitliabsoewagmocht.at\/wp-content\/uploads\/2026\/05\/687310298_18096704543121454_1136557960371068081_n.webp-768x768.jpeg 768w, https:\/\/mitliabsoewagmocht.at\/wp-content\/uploads\/2026\/05\/687310298_18096704543121454_1136557960371068081_n.webp-75x75.jpeg 75w, https:\/\/mitliabsoewagmocht.at\/wp-content\/uploads\/2026\/05\/687310298_18096704543121454_1136557960371068081_n.webp-365x365.jpeg 365w, https:\/\/mitliabsoewagmocht.at\/wp-content\/uploads\/2026\/05\/687310298_18096704543121454_1136557960371068081_n.webp-100x100.jpeg 100w, https:\/\/mitliabsoewagmocht.at\/wp-content\/uploads\/2026\/05\/687310298_18096704543121454_1136557960371068081_n.webp.jpeg 1080w\" sizes=\"auto, (max-width: 1024px) 100vw, 1024px\" \/><\/figure>\n<\/figure>\n\n\n\n<p><\/p>\n\n\n\n<h3 class=\"wp-block-heading\">YOUth FOR NATURE<\/h3>\n\n\n\n<p>.. ist die Jugendorganisation des Nationalparks Ges\u00e4use und eine Gruppe junger Menschen, die sich f\u00fcr die Natur und die Umwelt begeistern. Sie sind zwischen 16 und 29 Jahren alt, haben einen Bezug zum Nationalpark und zur Region und k\u00f6nnen eigene Ideen und Projekte initiieren. Dabei werden sie von der GRAWE gesponsert und vom Nationalpark unterst\u00fctzt. Mit ihren Projekten wollen sie ihre Begeisterung f\u00fcr die Umwelt und f\u00fcr die Nachhaltigkeit an andere weitergeben und sp\u00fcrbar machen. <a href=\"https:\/\/nationalpark-gesaeuse.at\/nationalpark-mitgestalten\/youthfornature\/\">https:\/\/nationalpark-gesaeuse.at\/nationalpark-mitgestalten\/youthfornature\/<\/a><\/p>\n\n\n\n<p><\/p>\n\n\n\n<h3 class=\"wp-block-heading\">BLACK SHEEP &#8211; 11 Nadelgefilzte Einzelst\u00fccke &amp; Storytelling<\/h3>\n\n\n\n<figure class=\"wp-block-gallery has-nested-images columns-default is-cropped wp-block-gallery-2 is-layout-flex wp-block-gallery-is-layout-flex\">\n<figure class=\"wp-block-image size-large\"><img loading=\"lazy\" decoding=\"async\" width=\"768\" height=\"1024\" data-id=\"2928\" src=\"https:\/\/mitliabsoewagmocht.at\/wp-content\/uploads\/2026\/05\/687046446_122163182810817694_1216815922465286667_n-768x1024.jpg\" alt=\"\" class=\"wp-image-2928\" srcset=\"https:\/\/mitliabsoewagmocht.at\/wp-content\/uploads\/2026\/05\/687046446_122163182810817694_1216815922465286667_n-768x1024.jpg 768w, https:\/\/mitliabsoewagmocht.at\/wp-content\/uploads\/2026\/05\/687046446_122163182810817694_1216815922465286667_n-225x300.jpg 225w, https:\/\/mitliabsoewagmocht.at\/wp-content\/uploads\/2026\/05\/687046446_122163182810817694_1216815922465286667_n-1152x1536.jpg 1152w, https:\/\/mitliabsoewagmocht.at\/wp-content\/uploads\/2026\/05\/687046446_122163182810817694_1216815922465286667_n-1140x1520.jpg 1140w, https:\/\/mitliabsoewagmocht.at\/wp-content\/uploads\/2026\/05\/687046446_122163182810817694_1216815922465286667_n-365x487.jpg 365w, https:\/\/mitliabsoewagmocht.at\/wp-content\/uploads\/2026\/05\/687046446_122163182810817694_1216815922465286667_n.jpg 1536w\" sizes=\"auto, (max-width: 768px) 100vw, 768px\" \/><\/figure>\n\n\n\n<figure class=\"wp-block-image size-large\"><img loading=\"lazy\" decoding=\"async\" width=\"768\" height=\"1024\" data-id=\"2929\" src=\"https:\/\/mitliabsoewagmocht.at\/wp-content\/uploads\/2026\/05\/690854168_122163182768817694_6066254072437127858_n-768x1024.jpg\" alt=\"\" class=\"wp-image-2929\" srcset=\"https:\/\/mitliabsoewagmocht.at\/wp-content\/uploads\/2026\/05\/690854168_122163182768817694_6066254072437127858_n-768x1024.jpg 768w, https:\/\/mitliabsoewagmocht.at\/wp-content\/uploads\/2026\/05\/690854168_122163182768817694_6066254072437127858_n-225x300.jpg 225w, https:\/\/mitliabsoewagmocht.at\/wp-content\/uploads\/2026\/05\/690854168_122163182768817694_6066254072437127858_n-1152x1536.jpg 1152w, https:\/\/mitliabsoewagmocht.at\/wp-content\/uploads\/2026\/05\/690854168_122163182768817694_6066254072437127858_n-1140x1520.jpg 1140w, https:\/\/mitliabsoewagmocht.at\/wp-content\/uploads\/2026\/05\/690854168_122163182768817694_6066254072437127858_n-365x487.jpg 365w, https:\/\/mitliabsoewagmocht.at\/wp-content\/uploads\/2026\/05\/690854168_122163182768817694_6066254072437127858_n.jpg 1536w\" sizes=\"auto, (max-width: 768px) 100vw, 768px\" \/><figcaption class=\"wp-element-caption\"><br><\/figcaption><\/figure>\n\n\n\n<figure class=\"wp-block-image size-large\"><img loading=\"lazy\" decoding=\"async\" width=\"768\" height=\"1024\" data-id=\"2927\" src=\"https:\/\/mitliabsoewagmocht.at\/wp-content\/uploads\/2026\/05\/687042685_122163182936817694_4455854069902579273_n-768x1024.jpg\" alt=\"\" class=\"wp-image-2927\" srcset=\"https:\/\/mitliabsoewagmocht.at\/wp-content\/uploads\/2026\/05\/687042685_122163182936817694_4455854069902579273_n-768x1024.jpg 768w, https:\/\/mitliabsoewagmocht.at\/wp-content\/uploads\/2026\/05\/687042685_122163182936817694_4455854069902579273_n-225x300.jpg 225w, https:\/\/mitliabsoewagmocht.at\/wp-content\/uploads\/2026\/05\/687042685_122163182936817694_4455854069902579273_n-1152x1536.jpg 1152w, https:\/\/mitliabsoewagmocht.at\/wp-content\/uploads\/2026\/05\/687042685_122163182936817694_4455854069902579273_n-1140x1520.jpg 1140w, https:\/\/mitliabsoewagmocht.at\/wp-content\/uploads\/2026\/05\/687042685_122163182936817694_4455854069902579273_n-365x487.jpg 365w, https:\/\/mitliabsoewagmocht.at\/wp-content\/uploads\/2026\/05\/687042685_122163182936817694_4455854069902579273_n.jpg 1536w\" sizes=\"auto, (max-width: 768px) 100vw, 768px\" \/><figcaption class=\"wp-element-caption\"><br><\/figcaption><\/figure>\n\n\n\n<figure class=\"wp-block-image size-large\"><img loading=\"lazy\" decoding=\"async\" width=\"768\" height=\"1024\" data-id=\"2930\" src=\"https:\/\/mitliabsoewagmocht.at\/wp-content\/uploads\/2026\/05\/694253225_122163182852817694_8959078489178781712_n-768x1024.jpg\" alt=\"\" class=\"wp-image-2930\" srcset=\"https:\/\/mitliabsoewagmocht.at\/wp-content\/uploads\/2026\/05\/694253225_122163182852817694_8959078489178781712_n-768x1024.jpg 768w, https:\/\/mitliabsoewagmocht.at\/wp-content\/uploads\/2026\/05\/694253225_122163182852817694_8959078489178781712_n-225x300.jpg 225w, https:\/\/mitliabsoewagmocht.at\/wp-content\/uploads\/2026\/05\/694253225_122163182852817694_8959078489178781712_n-1152x1536.jpg 1152w, https:\/\/mitliabsoewagmocht.at\/wp-content\/uploads\/2026\/05\/694253225_122163182852817694_8959078489178781712_n-1140x1520.jpg 1140w, https:\/\/mitliabsoewagmocht.at\/wp-content\/uploads\/2026\/05\/694253225_122163182852817694_8959078489178781712_n-365x487.jpg 365w, https:\/\/mitliabsoewagmocht.at\/wp-content\/uploads\/2026\/05\/694253225_122163182852817694_8959078489178781712_n.jpg 1536w\" sizes=\"auto, (max-width: 768px) 100vw, 768px\" \/><figcaption class=\"wp-element-caption\"><br><\/figcaption><\/figure>\n\n\n\n<figure class=\"wp-block-image size-large\"><img loading=\"lazy\" decoding=\"async\" width=\"768\" height=\"1024\" data-id=\"2931\" src=\"https:\/\/mitliabsoewagmocht.at\/wp-content\/uploads\/2026\/05\/694225242_122163182678817694_8607024561759835187_n-768x1024.jpg\" alt=\"\" class=\"wp-image-2931\" srcset=\"https:\/\/mitliabsoewagmocht.at\/wp-content\/uploads\/2026\/05\/694225242_122163182678817694_8607024561759835187_n-768x1024.jpg 768w, https:\/\/mitliabsoewagmocht.at\/wp-content\/uploads\/2026\/05\/694225242_122163182678817694_8607024561759835187_n-225x300.jpg 225w, https:\/\/mitliabsoewagmocht.at\/wp-content\/uploads\/2026\/05\/694225242_122163182678817694_8607024561759835187_n-1152x1536.jpg 1152w, https:\/\/mitliabsoewagmocht.at\/wp-content\/uploads\/2026\/05\/694225242_122163182678817694_8607024561759835187_n-1140x1520.jpg 1140w, https:\/\/mitliabsoewagmocht.at\/wp-content\/uploads\/2026\/05\/694225242_122163182678817694_8607024561759835187_n-365x487.jpg 365w, https:\/\/mitliabsoewagmocht.at\/wp-content\/uploads\/2026\/05\/694225242_122163182678817694_8607024561759835187_n.jpg 1536w\" sizes=\"auto, (max-width: 768px) 100vw, 768px\" \/><figcaption class=\"wp-element-caption\"><br><\/figcaption><\/figure>\n\n\n\n<figure class=\"wp-block-image size-large\"><img loading=\"lazy\" decoding=\"async\" width=\"768\" height=\"1024\" data-id=\"2933\" src=\"https:\/\/mitliabsoewagmocht.at\/wp-content\/uploads\/2026\/05\/688989557_122163182726817694_8611901333632620488_n-768x1024.jpg\" alt=\"\" class=\"wp-image-2933\" srcset=\"https:\/\/mitliabsoewagmocht.at\/wp-content\/uploads\/2026\/05\/688989557_122163182726817694_8611901333632620488_n-768x1024.jpg 768w, https:\/\/mitliabsoewagmocht.at\/wp-content\/uploads\/2026\/05\/688989557_122163182726817694_8611901333632620488_n-225x300.jpg 225w, https:\/\/mitliabsoewagmocht.at\/wp-content\/uploads\/2026\/05\/688989557_122163182726817694_8611901333632620488_n-1152x1536.jpg 1152w, https:\/\/mitliabsoewagmocht.at\/wp-content\/uploads\/2026\/05\/688989557_122163182726817694_8611901333632620488_n-1140x1520.jpg 1140w, https:\/\/mitliabsoewagmocht.at\/wp-content\/uploads\/2026\/05\/688989557_122163182726817694_8611901333632620488_n-365x487.jpg 365w, https:\/\/mitliabsoewagmocht.at\/wp-content\/uploads\/2026\/05\/688989557_122163182726817694_8611901333632620488_n.jpg 1536w\" sizes=\"auto, (max-width: 768px) 100vw, 768px\" \/><figcaption class=\"wp-element-caption\"><br><\/figcaption><\/figure>\n\n\n\n<figure class=\"wp-block-image size-large\"><img loading=\"lazy\" decoding=\"async\" width=\"768\" height=\"1024\" data-id=\"2937\" src=\"https:\/\/mitliabsoewagmocht.at\/wp-content\/uploads\/2026\/05\/687043882_122163182492817694_1677720587758313503_n-768x1024.jpg\" alt=\"\" class=\"wp-image-2937\" srcset=\"https:\/\/mitliabsoewagmocht.at\/wp-content\/uploads\/2026\/05\/687043882_122163182492817694_1677720587758313503_n-768x1024.jpg 768w, https:\/\/mitliabsoewagmocht.at\/wp-content\/uploads\/2026\/05\/687043882_122163182492817694_1677720587758313503_n-225x300.jpg 225w, https:\/\/mitliabsoewagmocht.at\/wp-content\/uploads\/2026\/05\/687043882_122163182492817694_1677720587758313503_n-1152x1536.jpg 1152w, https:\/\/mitliabsoewagmocht.at\/wp-content\/uploads\/2026\/05\/687043882_122163182492817694_1677720587758313503_n-1140x1520.jpg 1140w, https:\/\/mitliabsoewagmocht.at\/wp-content\/uploads\/2026\/05\/687043882_122163182492817694_1677720587758313503_n-365x487.jpg 365w, https:\/\/mitliabsoewagmocht.at\/wp-content\/uploads\/2026\/05\/687043882_122163182492817694_1677720587758313503_n.jpg 1536w\" sizes=\"auto, (max-width: 768px) 100vw, 768px\" \/><figcaption class=\"wp-element-caption\"><br><\/figcaption><\/figure>\n\n\n\n<figure class=\"wp-block-image size-large\"><img loading=\"lazy\" decoding=\"async\" width=\"768\" height=\"1024\" data-id=\"2935\" src=\"https:\/\/mitliabsoewagmocht.at\/wp-content\/uploads\/2026\/05\/694573034_122163182630817694_5592078435056210938_n-768x1024.jpg\" alt=\"\" class=\"wp-image-2935\" srcset=\"https:\/\/mitliabsoewagmocht.at\/wp-content\/uploads\/2026\/05\/694573034_122163182630817694_5592078435056210938_n-768x1024.jpg 768w, https:\/\/mitliabsoewagmocht.at\/wp-content\/uploads\/2026\/05\/694573034_122163182630817694_5592078435056210938_n-225x300.jpg 225w, https:\/\/mitliabsoewagmocht.at\/wp-content\/uploads\/2026\/05\/694573034_122163182630817694_5592078435056210938_n-1152x1536.jpg 1152w, https:\/\/mitliabsoewagmocht.at\/wp-content\/uploads\/2026\/05\/694573034_122163182630817694_5592078435056210938_n-1140x1520.jpg 1140w, https:\/\/mitliabsoewagmocht.at\/wp-content\/uploads\/2026\/05\/694573034_122163182630817694_5592078435056210938_n-365x487.jpg 365w, https:\/\/mitliabsoewagmocht.at\/wp-content\/uploads\/2026\/05\/694573034_122163182630817694_5592078435056210938_n.jpg 1536w\" sizes=\"auto, (max-width: 768px) 100vw, 768px\" \/><figcaption class=\"wp-element-caption\"><br><\/figcaption><\/figure>\n\n\n\n<figure class=\"wp-block-image size-large\"><img loading=\"lazy\" decoding=\"async\" width=\"768\" height=\"1024\" data-id=\"2936\" src=\"https:\/\/mitliabsoewagmocht.at\/wp-content\/uploads\/2026\/05\/687378032_122163182546817694_5497855708046922650_n-768x1024.jpg\" alt=\"\" class=\"wp-image-2936\" srcset=\"https:\/\/mitliabsoewagmocht.at\/wp-content\/uploads\/2026\/05\/687378032_122163182546817694_5497855708046922650_n-768x1024.jpg 768w, https:\/\/mitliabsoewagmocht.at\/wp-content\/uploads\/2026\/05\/687378032_122163182546817694_5497855708046922650_n-225x300.jpg 225w, https:\/\/mitliabsoewagmocht.at\/wp-content\/uploads\/2026\/05\/687378032_122163182546817694_5497855708046922650_n-1152x1536.jpg 1152w, https:\/\/mitliabsoewagmocht.at\/wp-content\/uploads\/2026\/05\/687378032_122163182546817694_5497855708046922650_n-1140x1520.jpg 1140w, https:\/\/mitliabsoewagmocht.at\/wp-content\/uploads\/2026\/05\/687378032_122163182546817694_5497855708046922650_n-365x487.jpg 365w, https:\/\/mitliabsoewagmocht.at\/wp-content\/uploads\/2026\/05\/687378032_122163182546817694_5497855708046922650_n.jpg 1536w\" sizes=\"auto, (max-width: 768px) 100vw, 768px\" \/><figcaption class=\"wp-element-caption\"><br><\/figcaption><\/figure>\n\n\n\n<figure class=\"wp-block-image size-large\"><img loading=\"lazy\" decoding=\"async\" width=\"768\" height=\"1024\" data-id=\"2934\" src=\"https:\/\/mitliabsoewagmocht.at\/wp-content\/uploads\/2026\/05\/687084891_122163182588817694_8873069272652731978_n-768x1024.jpg\" alt=\"\" class=\"wp-image-2934\" srcset=\"https:\/\/mitliabsoewagmocht.at\/wp-content\/uploads\/2026\/05\/687084891_122163182588817694_8873069272652731978_n-768x1024.jpg 768w, https:\/\/mitliabsoewagmocht.at\/wp-content\/uploads\/2026\/05\/687084891_122163182588817694_8873069272652731978_n-225x300.jpg 225w, https:\/\/mitliabsoewagmocht.at\/wp-content\/uploads\/2026\/05\/687084891_122163182588817694_8873069272652731978_n-1152x1536.jpg 1152w, https:\/\/mitliabsoewagmocht.at\/wp-content\/uploads\/2026\/05\/687084891_122163182588817694_8873069272652731978_n-1140x1520.jpg 1140w, https:\/\/mitliabsoewagmocht.at\/wp-content\/uploads\/2026\/05\/687084891_122163182588817694_8873069272652731978_n-365x487.jpg 365w, https:\/\/mitliabsoewagmocht.at\/wp-content\/uploads\/2026\/05\/687084891_122163182588817694_8873069272652731978_n.jpg 1536w\" sizes=\"auto, (max-width: 768px) 100vw, 768px\" \/><figcaption class=\"wp-element-caption\"><br><\/figcaption><\/figure>\n\n\n\n<figure class=\"wp-block-image size-large\"><img loading=\"lazy\" decoding=\"async\" width=\"768\" height=\"1024\" data-id=\"2932\" src=\"https:\/\/mitliabsoewagmocht.at\/wp-content\/uploads\/2026\/05\/687411575_122163182894817694_5372305797062457597_n-768x1024.jpg\" alt=\"\" class=\"wp-image-2932\" srcset=\"https:\/\/mitliabsoewagmocht.at\/wp-content\/uploads\/2026\/05\/687411575_122163182894817694_5372305797062457597_n-768x1024.jpg 768w, https:\/\/mitliabsoewagmocht.at\/wp-content\/uploads\/2026\/05\/687411575_122163182894817694_5372305797062457597_n-225x300.jpg 225w, https:\/\/mitliabsoewagmocht.at\/wp-content\/uploads\/2026\/05\/687411575_122163182894817694_5372305797062457597_n-1152x1536.jpg 1152w, https:\/\/mitliabsoewagmocht.at\/wp-content\/uploads\/2026\/05\/687411575_122163182894817694_5372305797062457597_n-1140x1520.jpg 1140w, https:\/\/mitliabsoewagmocht.at\/wp-content\/uploads\/2026\/05\/687411575_122163182894817694_5372305797062457597_n-365x487.jpg 365w, https:\/\/mitliabsoewagmocht.at\/wp-content\/uploads\/2026\/05\/687411575_122163182894817694_5372305797062457597_n.jpg 1536w\" sizes=\"auto, (max-width: 768px) 100vw, 768px\" \/><figcaption class=\"wp-element-caption\"><br><\/figcaption><\/figure>\n<\/figure>\n","protected":false},"excerpt":{"rendered":"<p>#schwarzes Schaf &#8211; Eine Filzkunst-Wanderausstellung trifft auf junges Naturstorytelling &#8211; eine Kooperation von &#8222;Mit Liab s\u00f6wa gmocht&#8220; und YOUth FOR NATURE vom Nationalpark Ges\u00e4use. LASSEN SIE SICH BEI EINER EINST\u00dcNDIGEN AUSSTELLUNG MIT STORYTELLING VERZAUBERN UND ENTDECKEN SIE DAS SCHAF AUS EINER V\u00d6LLIG NEUEN PERSPEKTIVE. BUCHBARE FILZKUNST-WANDERAUSSTELLUNG 10 Jahre &#8222;Mit Liab s\u00f6wa gmocht&#8220;- Filzkunst von Doris Remschak geh\u00f6rt gefeiert. Daher gibt es die M\u00f6glichkeit, die Wanderausstellung kostenlos zu buchen. Freiwillige Spenden gehen dabei an YOUth FOR NATURE. Sie l\u00e4sst sich gut in jeden Betrieb\/Veranstaltung integrieren und wird durch eine einst\u00fcndige F\u00fchrung mit Storytelling begleitet. Nat\u00fcrlich kann man die Ausstellung auch ganz f\u00fcr sich allein genie\u00dfen. Dabei hat man die M\u00f6glichkeit, die Texte selbst zu lesen oder sie sich per QR-Code direkt am Handy vorlesen zu lassen. Die Wanderausstellung ist f\u00fcr INDOOR und OUTDOOR gleicherma\u00dfen geeignet. Bei Interesse einfach einen Termin mit Doris Remschak von &#8222;Mit Liab s\u00f6wa gmocht&#8220; vereinbaren. doris.remschak@twin.at Gebuchte Termine siehe Liste rechts &gt; (Teile der Ausstellung werden zudem auf Kunsthandwerksm\u00e4rkten pr\u00e4sentiert) YOUth FOR NATURE .. ist die Jugendorganisation des Nationalparks Ges\u00e4use und eine Gruppe junger Menschen, die sich f\u00fcr die Natur und die Umwelt begeistern. Sie sind zwischen 16 und 29 Jahren alt, haben einen Bezug zum Nationalpark und zur Region und k\u00f6nnen eigene Ideen und Projekte initiieren. Dabei werden sie von der GRAWE gesponsert und vom Nationalpark unterst\u00fctzt. Mit ihren Projekten wollen sie ihre Begeisterung f\u00fcr die Umwelt und f\u00fcr die Nachhaltigkeit an andere weitergeben und sp\u00fcrbar machen. https:\/\/nationalpark-gesaeuse.at\/nationalpark-mitgestalten\/youthfornature\/ BLACK SHEEP &#8211; 11 Nadelgefilzte Einzelst\u00fccke &amp; Storytelling<\/p>\n","protected":false},"author":1,"featured_media":0,"parent":0,"menu_order":0,"comment_status":"closed","ping_status":"closed","template":"","meta":{"footnotes":""},"class_list":["post-2923","page","type-page","status-publish","hentry"],"acf":[],"_links":{"self":[{"href":"https:\/\/mitliabsoewagmocht.at\/index.php?rest_route=\/wp\/v2\/pages\/2923","targetHints":{"allow":["GET"]}}],"collection":[{"href":"https:\/\/mitliabsoewagmocht.at\/index.php?rest_route=\/wp\/v2\/pages"}],"about":[{"href":"https:\/\/mitliabsoewagmocht.at\/index.php?rest_route=\/wp\/v2\/types\/page"}],"author":[{"embeddable":true,"href":"https:\/\/mitliabsoewagmocht.at\/index.php?rest_route=\/wp\/v2\/users\/1"}],"replies":[{"embeddable":true,"href":"https:\/\/mitliabsoewagmocht.at\/index.php?rest_route=%2Fwp%2Fv2%2Fcomments&post=2923"}],"version-history":[{"count":24,"href":"https:\/\/mitliabsoewagmocht.at\/index.php?rest_route=\/wp\/v2\/pages\/2923\/revisions"}],"predecessor-version":[{"id":3010,"href":"https:\/\/mitliabsoewagmocht.at\/index.php?rest_route=\/wp\/v2\/pages\/2923\/revisions\/3010"}],"wp:attachment":[{"href":"https:\/\/mitliabsoewagmocht.at\/index.php?rest_route=%2Fwp%2Fv2%2Fmedia&parent=2923"}],"curies":[{"name":"wp","href":"https:\/\/api.w.org\/{rel}","templated":true}]}}