{"id":2753,"date":"2026-01-22T17:28:38","date_gmt":"2026-01-22T17:28:38","guid":{"rendered":"https:\/\/mitliabsoewagmocht.at\/?page_id=2753"},"modified":"2026-01-22T19:28:44","modified_gmt":"2026-01-22T19:28:44","slug":"wunschauftrag","status":"publish","type":"page","link":"https:\/\/mitliabsoewagmocht.at\/?page_id=2753","title":{"rendered":"Wunschauftrag"},"content":{"rendered":"\n<div class=\"wp-block-columns is-layout-flex wp-container-core-columns-is-layout-9d6595d7 wp-block-columns-is-layout-flex\">\n<div class=\"wp-block-column is-layout-flow wp-block-column-is-layout-flow\">\n<figure class=\"wp-block-image size-large\"><img loading=\"lazy\" decoding=\"async\" width=\"768\" height=\"1024\" src=\"https:\/\/mitliabsoewagmocht.at\/wp-content\/uploads\/2024\/11\/425331435_871929528275960_2865202358403744298_n-768x1024.jpg\" alt=\"Nadelgefilzter Hund\" class=\"wp-image-1948\" srcset=\"https:\/\/mitliabsoewagmocht.at\/wp-content\/uploads\/2024\/11\/425331435_871929528275960_2865202358403744298_n-768x1024.jpg 768w, https:\/\/mitliabsoewagmocht.at\/wp-content\/uploads\/2024\/11\/425331435_871929528275960_2865202358403744298_n-225x300.jpg 225w, https:\/\/mitliabsoewagmocht.at\/wp-content\/uploads\/2024\/11\/425331435_871929528275960_2865202358403744298_n-1152x1536.jpg 1152w, https:\/\/mitliabsoewagmocht.at\/wp-content\/uploads\/2024\/11\/425331435_871929528275960_2865202358403744298_n-1140x1520.jpg 1140w, https:\/\/mitliabsoewagmocht.at\/wp-content\/uploads\/2024\/11\/425331435_871929528275960_2865202358403744298_n-365x487.jpg 365w, https:\/\/mitliabsoewagmocht.at\/wp-content\/uploads\/2024\/11\/425331435_871929528275960_2865202358403744298_n.jpg 1536w\" sizes=\"auto, (max-width: 768px) 100vw, 768px\" \/><\/figure>\n<\/div>\n\n\n\n<div class=\"wp-block-column is-layout-flow wp-block-column-is-layout-flow\">\n<h3 class=\"wp-block-heading\">Gerne fertige ich auch Deinen ganz pers\u00f6nlichen Wunschauftrag an ..<\/h3>\n\n\n\n<p><strong>F\u00fcr eine Preisauskunft ben\u00f6tige ich folgende Informationen von Dir:<\/strong><\/p>\n\n\n\n<ul class=\"wp-block-list\">\n<li>Ein Foto des gew\u00fcnschten Tieres <\/li>\n<\/ul>\n\n\n\n<ul class=\"wp-block-list\">\n<li>Die Gr\u00f6sse \/ H\u00f6he des Tieres<\/li>\n<\/ul>\n\n\n\n<ul class=\"wp-block-list\">\n<li>Die gew\u00fcnschte Position (sitzend, liegend,..)<\/li>\n<\/ul>\n\n\n\n<p>Sende diese Infos per Mail an <a href=\"mailto:doris.remschak@twin.at\">doris.remschak@twin.at<\/a>  &#8211; danach bekommst Du eine genaue Preisauskunft und ich kann dir sagen wie lange die Fertigungszeit sein wird. <\/p>\n\n\n\n<p>Wenn das f\u00fcr Dich dann passt, ben\u00f6tige ich f\u00fcr die Fertigung je 1 Foto von allen 4 Seiten, und bitte achte darauf das die Fotos die gleiche Belichtung haben, damit ich die Fellfarbe richtig mischen kann.<\/p>\n\n\n\n<p><\/p>\n<\/div>\n<\/div>\n\n\n\n<div class=\"wp-block-columns is-layout-flex wp-container-core-columns-is-layout-9d6595d7 wp-block-columns-is-layout-flex\">\n<div class=\"wp-block-column is-layout-flow wp-block-column-is-layout-flow\">\n<h3 class=\"wp-block-heading\">Die Preise richten sich je nach Tierart, Gr\u00f6sse, Position und Stil .. <\/h3>\n\n\n\n<ul class=\"wp-block-list\">\n<li>Beispiel &#8222;Bully&#8220;: ca.10cm \u2013 ab 52 \u20ac<\/li>\n<\/ul>\n\n\n\n<ul class=\"wp-block-list\">\n<li>Beispiel &#8222;Bully&#8220;: ca.20cm \u2013 ab 98 \u20ac<\/li>\n<\/ul>\n\n\n\n<p><strong>Ich habe meinen ganz eigenen Stil<\/strong>, in der Galerie kannst Du dir gerne ein Bild davon machen!<\/p>\n\n\n\n<p><strong>Auf Wunsch \/ mit Aufpreis: <\/strong>&#8222;Auffellen&#8220; (einarbeiten einzelner Haarreihen &#8211; langes Fell), Krallen und Pfoten einzeln gearbeitet, grosse farbige Glasaugen, Zunge und Z\u00e4hne, Holzsockel oder Bilderrahmen, .. fast alles ist m\u00f6glich.<\/p>\n<\/div>\n\n\n\n<div class=\"wp-block-column is-layout-flow wp-block-column-is-layout-flow\">\n<figure class=\"wp-block-image size-large\"><img loading=\"lazy\" decoding=\"async\" width=\"1024\" height=\"1024\" src=\"https:\/\/mitliabsoewagmocht.at\/wp-content\/uploads\/2026\/01\/617719404_18085271102121454_2891233481949363746_n.webp-1024x1024.jpeg\" alt=\"Hund Bulldogge\" class=\"wp-image-2765\" srcset=\"https:\/\/mitliabsoewagmocht.at\/wp-content\/uploads\/2026\/01\/617719404_18085271102121454_2891233481949363746_n.webp-1024x1024.jpeg 1024w, https:\/\/mitliabsoewagmocht.at\/wp-content\/uploads\/2026\/01\/617719404_18085271102121454_2891233481949363746_n.webp-300x300.jpeg 300w, https:\/\/mitliabsoewagmocht.at\/wp-content\/uploads\/2026\/01\/617719404_18085271102121454_2891233481949363746_n.webp-150x150.jpeg 150w, https:\/\/mitliabsoewagmocht.at\/wp-content\/uploads\/2026\/01\/617719404_18085271102121454_2891233481949363746_n.webp-768x768.jpeg 768w, https:\/\/mitliabsoewagmocht.at\/wp-content\/uploads\/2026\/01\/617719404_18085271102121454_2891233481949363746_n.webp-75x75.jpeg 75w, https:\/\/mitliabsoewagmocht.at\/wp-content\/uploads\/2026\/01\/617719404_18085271102121454_2891233481949363746_n.webp-365x365.jpeg 365w, https:\/\/mitliabsoewagmocht.at\/wp-content\/uploads\/2026\/01\/617719404_18085271102121454_2891233481949363746_n.webp-100x100.jpeg 100w, https:\/\/mitliabsoewagmocht.at\/wp-content\/uploads\/2026\/01\/617719404_18085271102121454_2891233481949363746_n.webp.jpeg 1080w\" sizes=\"auto, (max-width: 1024px) 100vw, 1024px\" \/><\/figure>\n<\/div>\n<\/div>\n\n\n\n<div class=\"wp-block-columns is-layout-flex wp-container-core-columns-is-layout-9d6595d7 wp-block-columns-is-layout-flex\">\n<div class=\"wp-block-column is-layout-flow wp-block-column-is-layout-flow\">\n<figure class=\"wp-block-image size-large\"><img loading=\"lazy\" decoding=\"async\" width=\"768\" height=\"1024\" src=\"https:\/\/mitliabsoewagmocht.at\/wp-content\/uploads\/2026\/01\/620014073_122153520002817694_4927068496192519523_n-768x1024.jpg\" alt=\"\" class=\"wp-image-2774\" srcset=\"https:\/\/mitliabsoewagmocht.at\/wp-content\/uploads\/2026\/01\/620014073_122153520002817694_4927068496192519523_n-768x1024.jpg 768w, https:\/\/mitliabsoewagmocht.at\/wp-content\/uploads\/2026\/01\/620014073_122153520002817694_4927068496192519523_n-225x300.jpg 225w, https:\/\/mitliabsoewagmocht.at\/wp-content\/uploads\/2026\/01\/620014073_122153520002817694_4927068496192519523_n-1152x1536.jpg 1152w, https:\/\/mitliabsoewagmocht.at\/wp-content\/uploads\/2026\/01\/620014073_122153520002817694_4927068496192519523_n-1140x1520.jpg 1140w, https:\/\/mitliabsoewagmocht.at\/wp-content\/uploads\/2026\/01\/620014073_122153520002817694_4927068496192519523_n-365x487.jpg 365w, https:\/\/mitliabsoewagmocht.at\/wp-content\/uploads\/2026\/01\/620014073_122153520002817694_4927068496192519523_n.jpg 1536w\" sizes=\"auto, (max-width: 768px) 100vw, 768px\" \/><\/figure>\n<\/div>\n\n\n\n<div class=\"wp-block-column is-layout-flow wp-block-column-is-layout-flow\">\n<h3 class=\"wp-block-heading\">Produkte aus dem Shop nach Deinen Wunsch personalisiert .. <\/h3>\n\n\n\n<p>Du hast z.B. im Shop die Tierk\u00f6pfe am Bettchen gefunden und m\u00f6chtest nun dein eigenes Tier in dieser Art gefertigt haben. <\/p>\n\n\n\n<p>Das ist nat\u00fcrlich m\u00f6glich, allerdings wird ein kleiner Aufpreis wie z.B. dem Tierkopf am Bettchen von ca. 10 Euro verrechnet. <\/p>\n\n\n\n<p>Nat\u00fcrlich geht das nicht nur bei den Tierskulpturen, sondern auch bei fast allen anderen Produkten!<\/p>\n\n\n\n<p><strong>Ich freue mich \u00fcber Deine Anfrage!<\/strong><\/p>\n\n\n\n<p><\/p>\n<\/div>\n<\/div>\n\n\n\n<p><\/p>\n","protected":false},"excerpt":{"rendered":"<p>Gerne fertige ich auch Deinen ganz pers\u00f6nlichen Wunschauftrag an .. F\u00fcr eine Preisauskunft ben\u00f6tige ich folgende Informationen von Dir: Sende diese Infos per Mail an doris.remschak@twin.at &#8211; danach bekommst Du eine genaue Preisauskunft und ich kann dir sagen wie lange die Fertigungszeit sein wird. Wenn das f\u00fcr Dich dann passt, ben\u00f6tige ich f\u00fcr die Fertigung je 1 Foto von allen 4 Seiten, und bitte achte darauf das die Fotos die gleiche Belichtung haben, damit ich die Fellfarbe richtig mischen kann. Die Preise richten sich je nach Tierart, Gr\u00f6sse, Position und Stil .. Ich habe meinen ganz eigenen Stil, in der Galerie kannst Du dir gerne ein Bild davon machen! Auf Wunsch \/ mit Aufpreis: &#8222;Auffellen&#8220; (einarbeiten einzelner Haarreihen &#8211; langes Fell), Krallen und Pfoten einzeln gearbeitet, grosse farbige Glasaugen, Zunge und Z\u00e4hne, Holzsockel oder Bilderrahmen, .. fast alles ist m\u00f6glich. Produkte aus dem Shop nach Deinen Wunsch personalisiert .. Du hast z.B. im Shop die Tierk\u00f6pfe am Bettchen gefunden und m\u00f6chtest nun dein eigenes Tier in dieser Art gefertigt haben. Das ist nat\u00fcrlich m\u00f6glich, allerdings wird ein kleiner Aufpreis wie z.B. dem Tierkopf am Bettchen von ca. 10 Euro verrechnet. Nat\u00fcrlich geht das nicht nur bei den Tierskulpturen, sondern auch bei fast allen anderen Produkten! Ich freue mich \u00fcber Deine Anfrage!<\/p>\n","protected":false},"author":1,"featured_media":2754,"parent":0,"menu_order":0,"comment_status":"closed","ping_status":"closed","template":"","meta":{"footnotes":""},"class_list":["post-2753","page","type-page","status-publish","has-post-thumbnail","hentry"],"acf":[],"_links":{"self":[{"href":"https:\/\/mitliabsoewagmocht.at\/index.php?rest_route=\/wp\/v2\/pages\/2753","targetHints":{"allow":["GET"]}}],"collection":[{"href":"https:\/\/mitliabsoewagmocht.at\/index.php?rest_route=\/wp\/v2\/pages"}],"about":[{"href":"https:\/\/mitliabsoewagmocht.at\/index.php?rest_route=\/wp\/v2\/types\/page"}],"author":[{"embeddable":true,"href":"https:\/\/mitliabsoewagmocht.at\/index.php?rest_route=\/wp\/v2\/users\/1"}],"replies":[{"embeddable":true,"href":"https:\/\/mitliabsoewagmocht.at\/index.php?rest_route=%2Fwp%2Fv2%2Fcomments&post=2753"}],"version-history":[{"count":11,"href":"https:\/\/mitliabsoewagmocht.at\/index.php?rest_route=\/wp\/v2\/pages\/2753\/revisions"}],"predecessor-version":[{"id":2783,"href":"https:\/\/mitliabsoewagmocht.at\/index.php?rest_route=\/wp\/v2\/pages\/2753\/revisions\/2783"}],"wp:featuredmedia":[{"embeddable":true,"href":"https:\/\/mitliabsoewagmocht.at\/index.php?rest_route=\/wp\/v2\/media\/2754"}],"wp:attachment":[{"href":"https:\/\/mitliabsoewagmocht.at\/index.php?rest_route=%2Fwp%2Fv2%2Fmedia&parent=2753"}],"curies":[{"name":"wp","href":"https:\/\/api.w.org\/{rel}","templated":true}]}}