{"id":2,"date":"2016-05-10T03:48:21","date_gmt":"2016-05-10T03:48:21","guid":{"rendered":"http:\/\/mitliabsoewagmocht.at\/?page_id=2"},"modified":"2026-05-05T18:49:03","modified_gmt":"2026-05-05T18:49:03","slug":"sample-page","status":"publish","type":"page","link":"https:\/\/mitliabsoewagmocht.at\/","title":{"rendered":"Atelier f\u00fcr Filzkunst &amp; Kunsthandwerk"},"content":{"rendered":"\n<div class=\"wp-block-columns is-layout-flex wp-container-core-columns-is-layout-9d6595d7 wp-block-columns-is-layout-flex\">\n<div class=\"wp-block-column is-layout-flow wp-block-column-is-layout-flow\" style=\"flex-basis:100%\">\n<div class=\"wp-block-group\"><div class=\"wp-block-group__inner-container is-layout-constrained wp-block-group-is-layout-constrained\">\n<div class=\"wp-block-columns is-layout-flex wp-container-core-columns-is-layout-9d6595d7 wp-block-columns-is-layout-flex\">\n<div class=\"wp-block-column is-layout-flow wp-block-column-is-layout-flow\" style=\"flex-basis:100%\">\n<div class=\"wp-block-columns is-layout-flex wp-container-core-columns-is-layout-9d6595d7 wp-block-columns-is-layout-flex\">\n<div class=\"wp-block-column is-layout-flow wp-block-column-is-layout-flow\" style=\"flex-basis:100%\">\n<div class=\"wp-block-columns is-layout-flex wp-container-core-columns-is-layout-9d6595d7 wp-block-columns-is-layout-flex\">\n<div class=\"wp-block-column is-layout-flow wp-block-column-is-layout-flow\" style=\"flex-basis:100%\">\n<header class=\"post-header\"><\/header>\n<div class=\"post-content\">\n<div class=\"wp-block-columns is-layout-flex wp-container-core-columns-is-layout-1 wp-block-columns-is-layout-flex\">\n<div class=\"wp-block-column is-layout-flow wp-block-column-is-layout-flow\">\n<h3 class=\"font_7\">10 Jahre handgefertigte Filzkunst von Doris Remschak<\/h3>\n<hr \/>\n<p data-start=\"305\" data-end=\"566\">In meinem Atelier entsteht nun schon seit 10 Jahren Filzkunst in reiner und echter Handarbeit \u2013 gefertigt mit viel Liebe, Zeit und hochwertigen, heimischen Materialien. F\u00fcr meine Arbeiten verwende ich ausschlie\u00dflich <strong data-start=\"478\" data-end=\"508\">\u00f6sterreichische Schafwolle<\/strong>, die zum Teil von mir selbst gewaschen und kardiert wird.<\/p>\n<p data-start=\"568\" data-end=\"775\">So entstehen einzigartige Filz-Kunstwerke \u2013 und wenn du magst, fertige ich auch dein ganz pers\u00f6nliches Wunschst\u00fcck an.<\/p>\n<h3 data-start=\"1663\" data-end=\"1679\">Mein Atelier<\/h3>\n<p data-start=\"1681\" data-end=\"1895\">\u201eBitte stell dir kein gro\u00dfes Atelier mit Showroom vor \u2013 mein Motto lautet &#8222;Weniger ist mehr&#8220;. In meinem kleinen Atelier wird vor allem entworfen und gefertigt, Platz f\u00fcr gro\u00dfe Ausstellungsfl\u00e4chen bleibt daher wenig. \u00a0&#8211; <em><strong>Ein Besuch im Atelier ist daher nur nach Absprache und wegen der Kunstm\u00e4rkte auch nur selten m\u00f6glich !<\/strong><\/em><\/p>\n<h3 data-start=\"1442\" data-end=\"1471\">Wo ihr meine Kunst findet<\/h3>\n<p data-start=\"1473\" data-end=\"1689\">Meine Filzkunst gibts im <strong data-start=\"1498\" data-end=\"1512\">Onlineshop<\/strong>, bei ausgew\u00e4hlten Partnern und auf <strong data-start=\"1548\" data-end=\"1587\">Kunsthandwerksm\u00e4rkten in \u00d6sterreich<\/strong>.<br data-start=\"1588\" data-end=\"1591\" \/>Und wer ein ganz pers\u00f6nliches St\u00fcck m\u00f6chte: ich fertige auch gerne <strong data-start=\"1650\" data-end=\"1685\">individuelle Wunschbestellungen<\/strong> an, einfach anfragen.<\/p>\n<div>\u00a0<\/div>\n<p data-start=\"1518\" data-end=\"1661\">Aktuelle Projekte und neue Arbeiten findest du jederzeit auf meinen Social-Media-Kan\u00e4len:<\/p>\n<p><a href=\"https:\/\/www.facebook.com\/profile.php?id=61574530835110\">https:\/\/www.facebook.com<\/a>\u00a0oder <a href=\"https:\/\/www.instagram.com\/mitliabsoewagmocht\/\">https:\/\/www.instagram.com\/mitliabsoewagmocht\/<\/a><\/p>\n<\/div>\n<\/div>\n<\/div>\n<\/div>\n<\/div>\n<\/div>\n\n\n\n<div class=\"wp-block-column is-layout-flow wp-block-column-is-layout-flow\"><\/div>\n<\/div>\n<\/div>\n<\/div>\n<\/div><\/div>\n<\/div>\n<\/div>\n","protected":false},"excerpt":{"rendered":"<p>10 Jahre handgefertigte Filzkunst von Doris Remschak In meinem Atelier entsteht nun schon seit 10 Jahren Filzkunst in reiner und echter Handarbeit \u2013 gefertigt mit viel Liebe, Zeit und hochwertigen, heimischen Materialien. F\u00fcr meine Arbeiten verwende ich ausschlie\u00dflich \u00f6sterreichische Schafwolle, die zum Teil von mir selbst gewaschen und kardiert wird. So entstehen einzigartige Filz-Kunstwerke \u2013 und wenn du magst, fertige ich auch dein ganz pers\u00f6nliches Wunschst\u00fcck an. Mein Atelier \u201eBitte stell dir kein gro\u00dfes Atelier mit Showroom vor \u2013 mein Motto lautet &#8222;Weniger ist mehr&#8220;. In meinem kleinen Atelier wird vor allem entworfen und gefertigt, Platz f\u00fcr gro\u00dfe Ausstellungsfl\u00e4chen bleibt daher wenig. \u00a0&#8211; Ein Besuch im Atelier ist daher nur nach Absprache und wegen der Kunstm\u00e4rkte auch nur selten m\u00f6glich ! Wo ihr meine Kunst findet Meine Filzkunst gibts im Onlineshop, bei ausgew\u00e4hlten Partnern und auf Kunsthandwerksm\u00e4rkten in \u00d6sterreich.Und wer ein ganz pers\u00f6nliches St\u00fcck m\u00f6chte: ich fertige auch gerne individuelle Wunschbestellungen an, einfach anfragen. \u00a0 Aktuelle Projekte und neue Arbeiten findest du jederzeit auf meinen Social-Media-Kan\u00e4len: https:\/\/www.facebook.com\u00a0oder https:\/\/www.instagram.com\/mitliabsoewagmocht\/<\/p>\n","protected":false},"author":1,"featured_media":2554,"parent":0,"menu_order":1,"comment_status":"closed","ping_status":"closed","template":"","meta":{"footnotes":""},"class_list":["post-2","page","type-page","status-publish","has-post-thumbnail","hentry"],"acf":[],"_links":{"self":[{"href":"https:\/\/mitliabsoewagmocht.at\/index.php?rest_route=\/wp\/v2\/pages\/2","targetHints":{"allow":["GET"]}}],"collection":[{"href":"https:\/\/mitliabsoewagmocht.at\/index.php?rest_route=\/wp\/v2\/pages"}],"about":[{"href":"https:\/\/mitliabsoewagmocht.at\/index.php?rest_route=\/wp\/v2\/types\/page"}],"author":[{"embeddable":true,"href":"https:\/\/mitliabsoewagmocht.at\/index.php?rest_route=\/wp\/v2\/users\/1"}],"replies":[{"embeddable":true,"href":"https:\/\/mitliabsoewagmocht.at\/index.php?rest_route=%2Fwp%2Fv2%2Fcomments&post=2"}],"version-history":[{"count":175,"href":"https:\/\/mitliabsoewagmocht.at\/index.php?rest_route=\/wp\/v2\/pages\/2\/revisions"}],"predecessor-version":[{"id":2912,"href":"https:\/\/mitliabsoewagmocht.at\/index.php?rest_route=\/wp\/v2\/pages\/2\/revisions\/2912"}],"wp:featuredmedia":[{"embeddable":true,"href":"https:\/\/mitliabsoewagmocht.at\/index.php?rest_route=\/wp\/v2\/media\/2554"}],"wp:attachment":[{"href":"https:\/\/mitliabsoewagmocht.at\/index.php?rest_route=%2Fwp%2Fv2%2Fmedia&parent=2"}],"curies":[{"name":"wp","href":"https:\/\/api.w.org\/{rel}","templated":true}]}}