{"id":112,"date":"2018-11-09T08:29:05","date_gmt":"2018-11-09T08:29:05","guid":{"rendered":"http:\/\/mitliabsoewagmocht.at\/?page_id=112"},"modified":"2024-12-26T10:02:38","modified_gmt":"2024-12-26T10:02:38","slug":"impressum-datenschutz","status":"publish","type":"page","link":"https:\/\/mitliabsoewagmocht.at\/?page_id=112","title":{"rendered":"Impressum &#038; Datenschutz"},"content":{"rendered":"\n<p><\/p>\n\n\n\n<p class=\"has-text-align-left\"><strong>Impressum:&nbsp;<\/strong><\/p>\n\n\n\n<p class=\"has-text-align-left has-small-font-size\">Doris Remschak &#8211; 8900 Selzthal &#8211; Moosweg 1 <\/p>\n\n\n\n<p class=\"has-text-align-left has-small-font-size\">doris.remschak@twin.at <\/p>\n\n\n\n<p class=\"has-text-align-left has-small-font-size\">Mitglied der Wirtschaftskammer Steiermark &#8211; Berufsgruppe LI Kunstandwerker<\/p>\n\n\n\n<p class=\"has-text-align-left has-small-font-size\">GLN: 9110014903707<\/p>\n\n\n\n<p class=\"has-text-align-left has-small-font-size\">Bezirkshauptmannschaft Liezen <\/p>\n\n\n\n<p class=\"has-text-align-left has-small-font-size\">Verbraucher haben die M\u00f6glichkeit Beschwerden an die Online-Streitbeilegungsplattform der EU zu richten: http\/\/ec.europa.eu\/odr. Sie k\u00f6nnen allf\u00e4llige Beschwerde auch an die oben angegebene E-Mail Adresse richten.<\/p>\n\n\n\n<p class=\"has-text-align-left has-small-font-size\">Einzelunternehmen \u2013 Umsatzsteuerbefreit aufgrund der Kleinunternehmerregelung. <\/p>\n\n\n\n<p class=\"has-text-align-center has-small-font-size\"><strong>. . . <\/strong><\/p>\n\n\n\n<p class=\"has-text-align-left\"><strong>Datenschutzerkl\u00e4rung &amp; Haftungsausschluss &amp; Onlineshop<\/strong><\/p>\n\n\n\n<p class=\"has-text-align-left has-small-font-size\"><strong>Daten:<\/strong> Der Schutz Ihrer pers\u00f6nlichen Daten ist uns ein besonderes Anliegen. Wir verarbeiten Ihre Daten daher ausschlie\u00dflich auf Grundlage der gesetzlichen Bestimmungen (DSGVO, TKG 2003). In diesen Datenschutzinformationen informieren wir Sie \u00fcber die wichtigsten Aspekte der Datenverarbeitung im Rahmen unserer Website.<\/p>\n\n\n\n<p class=\"has-text-align-left has-small-font-size\">Wenn Sie per Formular auf der Website oder per E-Mail Kontakt mit uns aufnehmen, werden Ihre angegebenen Daten zwecks Bearbeitung der Anfrage und f\u00fcr den Fall von Anschlussfragen sechs Monate bei uns gespeichert. Diese Daten geben wir nicht ohne Ihre Einwilligung weiter. Sie haben das Recht jederzeit eine L\u00f6schung der Daten zu verlangen!<\/p>\n\n\n\n<p class=\"has-text-align-left has-small-font-size\">Wir verwenden die von ihnen mitgeteilten Daten ohne Ihre gesonderte Einwilligung ausschlie\u00dflich zur Erf\u00fcllung und Abwicklung ihrer Auftr\u00e4ge. Ihre Daten werden f\u00fcr die weitere vorgeschriebene Verwendung in der Buchhaltung belegt und nach Ablauf der steuer- und handelsrechtlichen Aufbewahrungsfristen gel\u00f6scht, sofern Sie nicht ausdr\u00fccklich in die weitere Nutzung Ihrer Daten eingewilligt haben.&nbsp;<\/p>\n\n\n\n<p class=\"has-text-align-left has-small-font-size\">Im Zusammenhang mit der Verarbeitung Ihrer Daten verf\u00fcgen Sie jederzeit \u00fcber die Rechte auf: Auskunft, Berichtigung, L\u00f6schung (&#8222;Recht auf Vergessenwerden&#8220;), Einschr\u00e4nkung der Verarbeitung, Daten\u00fcbertragbarkeit, Widerspruch bzw. Widerruf (bei Einwilligung) und&nbsp; Beschwerde bei der Datenschutzbeh\u00f6rde.<\/p>\n\n\n\n<p class=\"has-text-align-left has-small-font-size\"><strong>Copyright und Urheberrechte<\/strong>&nbsp;der Texte und Bilder der Webseite liegen alleine bei uns (beim Autor der Seite). Eine Vervielf\u00e4ltigung oder Verwendung ist nicht ohne ausdr\u00fccklicher Zustimmung des Autors gestattet!<\/p>\n\n\n\n<p class=\"has-text-align-center\">. . .<\/p>\n\n\n\n<p class=\"has-text-align-left has-small-font-size\"><strong>Cookies:<\/strong> Wie auf vielen anderen Web-Sites von Unternehmen \u00fcblich, verwenden auch wir &nbsp;sogenannte \u201eCookies\u201c, um einen besseren Einblick dar\u00fcber zu erhalten, welche Bereiche unserer Web-Sites besonders beliebt sind, wie sich unsere Besucher auf der Web-Site bewegen und wie viel Zeit sie in den verschiedenen Bereichen verbringen. Die Cookies dienen zur Verbesserung und Anpassung der Website ganz nach Ihren Bed\u00fcrfnissen.<\/p>\n\n\n\n<p class=\"has-text-align-left has-small-font-size\"><strong>Google Analystics<\/strong><br>\u201eDiese Website benutzt Google Analytics, einen Webanalysedienst der Google Inc. (Google) Google Analytics verwendet sog. Cookies.<\/p>\n\n\n\n<p class=\"has-text-align-left has-small-font-size\"><strong>Links:<\/strong> Die Web-Site enth\u00e4lt Links zu Web-Sites anderer Unternehmen. F\u00fcr den Umgang dieser Unternehmen mit Pers\u00f6nlichkeitsrechten sind wir nicht verantwortlich. Bitte erkundigen Sie sich bei diesen Unternehmen nach deren Datenschutzerkl\u00e4rungen. Bei direkten oder indirekten Verweisen auf fremde Internetseiten (&#8222;Links&#8220;), die au\u00dferhalb des Verantwortungsbereiches des Autors liegen, w\u00fcrde eine Haftungsverpflichtung ausschlie\u00dflich in dem Fall in Kraft treten, in dem der Autor von den Inhalten Kenntnis hat und es ihm technisch m\u00f6glich und zumutbar w\u00e4re, die Nutzung im Falle rechtswidriger Inhalte zu verhindern.<br>Der Autor erkl\u00e4rt daher ausdr\u00fccklich, dass zum Zeitpunkt der Linksetzung die entsprechenden verlinkten Seiten frei von illegalen Inhalten waren. Der Autor hat keinerlei Einfluss auf die aktuelle und zuk\u00fcnftige Gestaltung und auf die Inhalte der gelinkten\/verkn\u00fcpften Seiten. Deshalb distanziert er sich hiermit ausdr\u00fccklich von allen Inhalten aller gelinkten \/verkn\u00fcpften Seiten, die nach der Linksetzung ver\u00e4ndert wurden. F\u00fcr illegale, fehlerhafte oder unvollst\u00e4ndige Inhalte und insbesondere f\u00fcr Sch\u00e4den, die aus der Nutzung oder Nichtnutzung solcherart dargebotener Informationen entstehen, haftet allein der Anbieter der Seite, auf welche verwiesen wurde, nicht derjenige, der \u00fcber Links auf die jeweilige Ver\u00f6ffentlichung lediglich verweist.<\/p>\n\n\n\n<p class=\"has-text-align-center\">. . .<\/p>\n\n\n\n<p class=\"has-text-align-left has-small-font-size\"><strong>Onlineangebot: <\/strong>Wir \u00fcbernehmen keinerlei Gew\u00e4hr f\u00fcr die Aktualit\u00e4t, Korrektheit, Qualit\u00e4t und Vollst\u00e4ndigkeit der bereitgestellten Informationen. Alle Angebote sind freibleibend und unverbindlich. Wir behalten uns vor jederzeit das Angebot oder die Seite ohne gesonderte Ank\u00fcndigung zu ver\u00e4ndern, erg\u00e4nzen, zu l\u00f6schen oder die Ver\u00f6ffentlichung zeitweise oder endg\u00fcltig einzustellen. Wir weisen auch ausdr\u00fccklich darauf hin, das es sich um handgemachte Produkte handelt, die sich in Farbe, Form und Gr\u00f6\u00dfe unterscheiden k\u00f6nnen.&nbsp;<\/p>\n\n\n\n<p class=\"has-text-align-left has-small-font-size\"><strong>Inland-Versandkosten:<\/strong> Der Versand richtet sich nach dem Gewicht der jeweils bestellten Ware und wir Ihnen bei der Bestellbest\u00e4tigung mitgeteilt. Standardversand ist der normale Postversand\/Paketdienstleister. Versand ins EU-Ausland (ausgenommen DE) &#8211; auf Anfrage.<\/p>\n\n\n\n<p class=\"has-text-align-left has-small-font-size\"><strong>Umtausch &amp; Reklamation:<\/strong> Es gelten die \u00fcblichen Umtauschrichtlinien von 14 Tagen ab Erhalt der Ware. Bei Reklamation oder Besch\u00e4digung der Ware wenden Sie sich bitte umgehend an uns &#8211; der R\u00fcckversand ist f\u00fcr Privatkunden kostenlos.&nbsp;Bitte haben Sie Verst\u00e4ndnis daf\u00fcr, dass speziell f\u00fcr Sie hergestellte Sonderanfertigungen, die nicht Online bestellf\u00e4hig sind, von R\u00fcckgabe und Umtausch ausgeschlossen sind.<br><\/p>\n\n\n\n<p class=\"has-text-align-left has-small-font-size\"><strong>Versanddauer: <\/strong>Wir weisen darauf hin das nicht immer alles lagernd ist und gr\u00f6\u00dfere Mengen produziert werden m\u00fcssen. Sollte eine Ware momentan nicht lieferbar sein, werden sie verst\u00e4ndigt. Die regul\u00e4re Versandzeit bei lagernden Ware betr\u00e4gt 2-5 Werktage.<\/p>\n\n\n\n<p class=\"has-text-align-left has-small-font-size\"><strong>Auftragsarbeiten<\/strong>: dauern dementsprechend l\u00e4nger &#8211; und werden je nach Auftragslage gefertigt.<\/p>\n\n\n\n<p class=\"has-text-align-left has-small-font-size\"><strong>Bezahlung:<\/strong> (Siehe Onlinesop!)  Die Rechnung liegt der Lieferung bei. Bei Vers\u00e4umnis der Zahlung erfolgt eine Mahnung und in weiterer Instanz, die Abgabe der Forderung an ein Inkassob\u00fcro.<\/p>\n\n\n\n<p class=\"has-text-align-left\" style=\"font-size:11px\">Aktualisiert im November 2025 \/ \u00c4nderungen vorbehalten!<\/p>\n\n\n\n<p><\/p>\n","protected":false},"excerpt":{"rendered":"<p>Impressum:&nbsp; Doris Remschak &#8211; 8900 Selzthal &#8211; Moosweg 1 doris.remschak@twin.at Mitglied der Wirtschaftskammer Steiermark &#8211; Berufsgruppe LI Kunstandwerker GLN: 9110014903707 Bezirkshauptmannschaft Liezen Verbraucher haben die M\u00f6glichkeit Beschwerden an die Online-Streitbeilegungsplattform der EU zu richten: http\/\/ec.europa.eu\/odr. Sie k\u00f6nnen allf\u00e4llige Beschwerde auch an die oben angegebene E-Mail Adresse richten. Einzelunternehmen \u2013 Umsatzsteuerbefreit aufgrund der Kleinunternehmerregelung. . . . Datenschutzerkl\u00e4rung &amp; Haftungsausschluss &amp; Onlineshop Daten: Der Schutz Ihrer pers\u00f6nlichen Daten ist uns ein besonderes Anliegen. Wir verarbeiten Ihre Daten daher ausschlie\u00dflich auf Grundlage der gesetzlichen Bestimmungen (DSGVO, TKG 2003). In diesen Datenschutzinformationen informieren wir Sie \u00fcber die wichtigsten Aspekte der Datenverarbeitung im Rahmen unserer Website. Wenn Sie per Formular auf der Website oder per E-Mail Kontakt mit uns aufnehmen, werden Ihre angegebenen Daten zwecks Bearbeitung der Anfrage und f\u00fcr den Fall von Anschlussfragen sechs Monate bei uns gespeichert. Diese Daten geben wir nicht ohne Ihre Einwilligung weiter. Sie haben das Recht jederzeit eine L\u00f6schung der Daten zu verlangen! Wir verwenden die von ihnen mitgeteilten Daten ohne Ihre gesonderte Einwilligung ausschlie\u00dflich zur Erf\u00fcllung und Abwicklung ihrer Auftr\u00e4ge. Ihre Daten werden f\u00fcr die weitere vorgeschriebene Verwendung in der Buchhaltung belegt und nach Ablauf der steuer- und handelsrechtlichen Aufbewahrungsfristen gel\u00f6scht, sofern Sie nicht ausdr\u00fccklich in die weitere Nutzung Ihrer Daten eingewilligt haben.&nbsp; Im Zusammenhang mit der Verarbeitung Ihrer Daten verf\u00fcgen Sie jederzeit \u00fcber die Rechte auf: Auskunft, Berichtigung, L\u00f6schung (&#8222;Recht auf Vergessenwerden&#8220;), Einschr\u00e4nkung der Verarbeitung, Daten\u00fcbertragbarkeit, Widerspruch bzw. Widerruf (bei Einwilligung) und&nbsp; Beschwerde bei der Datenschutzbeh\u00f6rde. Copyright und Urheberrechte&nbsp;der Texte und Bilder der Webseite liegen alleine bei uns (beim Autor der Seite). Eine Vervielf\u00e4ltigung oder Verwendung ist nicht ohne ausdr\u00fccklicher Zustimmung des Autors gestattet! . . . Cookies: Wie auf vielen anderen Web-Sites von Unternehmen \u00fcblich, verwenden auch wir &nbsp;sogenannte \u201eCookies\u201c, um einen besseren Einblick dar\u00fcber zu erhalten, welche Bereiche unserer Web-Sites besonders beliebt sind, wie sich unsere Besucher auf der Web-Site bewegen und wie viel Zeit sie in den verschiedenen Bereichen verbringen. Die Cookies dienen zur Verbesserung und Anpassung der Website ganz nach Ihren Bed\u00fcrfnissen. Google Analystics\u201eDiese Website benutzt Google Analytics, einen Webanalysedienst der Google Inc. (Google) Google Analytics verwendet sog. Cookies. Links: Die Web-Site enth\u00e4lt Links zu Web-Sites anderer Unternehmen. F\u00fcr den Umgang dieser Unternehmen mit Pers\u00f6nlichkeitsrechten sind wir nicht verantwortlich. Bitte erkundigen Sie sich bei diesen Unternehmen nach deren Datenschutzerkl\u00e4rungen. Bei direkten oder indirekten Verweisen auf fremde Internetseiten (&#8222;Links&#8220;), die au\u00dferhalb des Verantwortungsbereiches des Autors liegen, w\u00fcrde eine Haftungsverpflichtung ausschlie\u00dflich in dem Fall in Kraft treten, in dem der Autor von den Inhalten Kenntnis hat und es ihm technisch m\u00f6glich und zumutbar w\u00e4re, die Nutzung im Falle rechtswidriger Inhalte zu verhindern.Der Autor erkl\u00e4rt daher ausdr\u00fccklich, dass zum Zeitpunkt der Linksetzung die entsprechenden verlinkten Seiten frei von illegalen Inhalten waren. Der Autor hat keinerlei Einfluss auf die aktuelle und zuk\u00fcnftige Gestaltung und auf die Inhalte der gelinkten\/verkn\u00fcpften Seiten. Deshalb distanziert er sich hiermit ausdr\u00fccklich von allen Inhalten aller gelinkten \/verkn\u00fcpften Seiten, die nach der Linksetzung ver\u00e4ndert wurden. F\u00fcr illegale, fehlerhafte oder unvollst\u00e4ndige Inhalte und insbesondere f\u00fcr Sch\u00e4den, die aus der Nutzung oder Nichtnutzung solcherart dargebotener Informationen entstehen, haftet allein der Anbieter der Seite, auf welche verwiesen wurde, nicht derjenige, der \u00fcber Links auf die jeweilige Ver\u00f6ffentlichung lediglich verweist. . . . Onlineangebot: Wir \u00fcbernehmen keinerlei Gew\u00e4hr f\u00fcr die Aktualit\u00e4t, Korrektheit, Qualit\u00e4t und Vollst\u00e4ndigkeit der bereitgestellten Informationen. Alle Angebote sind freibleibend und unverbindlich. Wir behalten uns vor jederzeit das Angebot oder die Seite ohne gesonderte Ank\u00fcndigung zu ver\u00e4ndern, erg\u00e4nzen, zu l\u00f6schen oder die Ver\u00f6ffentlichung zeitweise oder endg\u00fcltig einzustellen. Wir weisen auch ausdr\u00fccklich darauf hin, das es sich um handgemachte Produkte handelt, die sich in Farbe, Form und Gr\u00f6\u00dfe unterscheiden k\u00f6nnen.&nbsp; Inland-Versandkosten: Der Versand richtet sich nach dem Gewicht der jeweils bestellten Ware und wir Ihnen bei der Bestellbest\u00e4tigung mitgeteilt. Standardversand ist der normale Postversand\/Paketdienstleister. Versand ins EU-Ausland (ausgenommen DE) &#8211; auf Anfrage. Umtausch &amp; Reklamation: Es gelten die \u00fcblichen Umtauschrichtlinien von 14 Tagen ab Erhalt der Ware. Bei Reklamation oder Besch\u00e4digung der Ware wenden Sie sich bitte umgehend an uns &#8211; der R\u00fcckversand ist f\u00fcr Privatkunden kostenlos.&nbsp;Bitte haben Sie Verst\u00e4ndnis daf\u00fcr, dass speziell f\u00fcr Sie hergestellte Sonderanfertigungen, die nicht Online bestellf\u00e4hig sind, von R\u00fcckgabe und Umtausch ausgeschlossen sind. Versanddauer: Wir weisen darauf hin das nicht immer alles lagernd ist und gr\u00f6\u00dfere Mengen produziert werden m\u00fcssen. Sollte eine Ware momentan nicht lieferbar sein, werden sie verst\u00e4ndigt. Die regul\u00e4re Versandzeit bei lagernden Ware betr\u00e4gt 2-5 Werktage. Auftragsarbeiten: dauern dementsprechend l\u00e4nger &#8211; und werden je nach Auftragslage gefertigt. Bezahlung: (Siehe Onlinesop!) Die Rechnung liegt der Lieferung bei. Bei Vers\u00e4umnis der Zahlung erfolgt eine Mahnung und in weiterer Instanz, die Abgabe der Forderung an ein Inkassob\u00fcro. Aktualisiert im November 2025 \/ \u00c4nderungen vorbehalten!<\/p>\n","protected":false},"author":1,"featured_media":0,"parent":2,"menu_order":0,"comment_status":"closed","ping_status":"closed","template":"","meta":{"footnotes":""},"class_list":["post-112","page","type-page","status-publish","hentry"],"acf":[],"_links":{"self":[{"href":"https:\/\/mitliabsoewagmocht.at\/index.php?rest_route=\/wp\/v2\/pages\/112","targetHints":{"allow":["GET"]}}],"collection":[{"href":"https:\/\/mitliabsoewagmocht.at\/index.php?rest_route=\/wp\/v2\/pages"}],"about":[{"href":"https:\/\/mitliabsoewagmocht.at\/index.php?rest_route=\/wp\/v2\/types\/page"}],"author":[{"embeddable":true,"href":"https:\/\/mitliabsoewagmocht.at\/index.php?rest_route=\/wp\/v2\/users\/1"}],"replies":[{"embeddable":true,"href":"https:\/\/mitliabsoewagmocht.at\/index.php?rest_route=%2Fwp%2Fv2%2Fcomments&post=112"}],"version-history":[{"count":17,"href":"https:\/\/mitliabsoewagmocht.at\/index.php?rest_route=\/wp\/v2\/pages\/112\/revisions"}],"predecessor-version":[{"id":2149,"href":"https:\/\/mitliabsoewagmocht.at\/index.php?rest_route=\/wp\/v2\/pages\/112\/revisions\/2149"}],"up":[{"embeddable":true,"href":"https:\/\/mitliabsoewagmocht.at\/index.php?rest_route=\/wp\/v2\/pages\/2"}],"wp:attachment":[{"href":"https:\/\/mitliabsoewagmocht.at\/index.php?rest_route=%2Fwp%2Fv2%2Fmedia&parent=112"}],"curies":[{"name":"wp","href":"https:\/\/api.w.org\/{rel}","templated":true}]}}